{"id":245,"date":"2025-08-02T16:46:36","date_gmt":"2025-08-02T16:46:36","guid":{"rendered":"https:\/\/onlinelottospielen24.de\/ev\/"},"modified":"2025-08-02T16:46:36","modified_gmt":"2025-08-02T16:46:36","slug":"ev","status":"publish","type":"page","link":"https:\/\/onlinelottospielen24.de\/tr\/","title":{"rendered":"Ev"},"content":{"rendered":"<h2>Powerball Biletleri Nas\u0131l Online Al\u0131n\u0131r<\/h2>\n<p>Powerball, 140 milyon dolardan 300 milyon dolar\u0131n \u00fczerine kadar de\u011fi\u015fen y\u00fcksek \u00f6d\u00fcl ve ikramiyelerle son derece pop\u00fcler bir piyango oyunudur! 2012 y\u0131l\u0131nda yedi ki\u015fi Powerball ikramiyesini kazand\u0131. En d\u00fc\u015f\u00fck ikramiye 60 milyon dolar, en y\u00fcksek ikramiye ise 337 milyon dolard\u0131! Bu sizin de ba\u015f\u0131n\u0131za gelebilir! Milyonlar kazanmak i\u00e7in tek yapman\u0131z gereken <strong>online bir Powerball bileti sat\u0131n almak<\/strong>.<\/p>\n<p><img loading=\"lazy\" decoding=\"async\" style=\"margin: 1px; float: right;\" src=\"images\/powerball_lottery.gif\" alt=\"Powerball piyangosu\" width=\"250\" height=\"96\" \/>Piyango ba\u015flang\u0131\u00e7ta ABD sakinleri i\u00e7in tasarlanm\u0131\u015ft\u0131 ve biletler yerel ma\u011fazalardan sat\u0131n al\u0131nabiliyordu, ancak art\u0131k online olarak Powerball bileti sat\u0131n almak m\u00fcmk\u00fcn! \u0130ster ABD&#8217;de ister Avustralya&#8217;da ya\u015fay\u0131n, d\u00fcnyan\u0131n her yerinde PowerBall oynayabilirsiniz!<\/p>\n<p>RedFoxLotto&#8217;nun sundu\u011fu \u00f6zel hizmet sayesinde PowerBall sat\u0131n alabilir ve kat\u0131labilirsiniz. RedFoxLotto, d\u00fcnya \u00e7ap\u0131nda y\u00fczlerce distrib\u00fct\u00f6r\u00fcyle istedi\u011finiz piyangoyu sat\u0131n alman\u0131za yard\u0131mc\u0131 olan bir \u015firkettir.<\/p>\n<p><strong>Piyango biletinizi almadan \u00f6nce yaln\u0131zca d\u00f6rt basit ad\u0131m gereklidir:<\/strong><\/p>\n<ol>\n<li>Web sitemizdeki <span style=\"text-decoration: underline;\"><strong><a href=\"https:\/\/redfoxlotto.com\/?ref=A8564250A2&amp;medium=pwb\" target=\"_blank\" rel=\"noopener noreferrer\">ba\u015fl\u0131\u011fa t\u0131klayarak kat\u0131lmak istedi\u011finiz piyangoyu (bu durumda PowerBall) se\u00e7in veya buraya t\u0131klay\u0131n<\/a><\/strong><\/span><\/li>\n<li>RedFoxLotto&#8217;nun \u00e7ok say\u0131da yerel sat\u0131\u015f orta\u011f\u0131ndan biri sizin ad\u0131n\u0131za bir bilet sat\u0131n alacakt\u0131r.<\/li>\n<li>Bilet daha sonra hesab\u0131n\u0131zda g\u00f6r\u00fcnecektir.<\/li>\n<li>\u00c7ekili\u015f tamamland\u0131ktan ve kazanman\u0131z durumunda, kazanc\u0131n\u0131z\u0131 nas\u0131l \u00e7ekece\u011finiz hakk\u0131nda bilgi i\u00e7eren ba\u015fka bir e-posta alacaks\u0131n\u0131z.<\/li>\n<li>2.500 \u20ac&#8217;nun alt\u0131ndaki t\u00fcm kazan\u00e7lar m\u00fc\u015fteri hesab\u0131n\u0131za yat\u0131r\u0131lacakt\u0131r. Daha b\u00fcy\u00fck kazan\u00e7lar i\u00e7in RedFoxLotto \u00e7ekinizi alman\u0131za yard\u0131mc\u0131 olacak. Bu hizmet i\u00e7in ek \u00fccret yok!<\/li>\n<\/ol>\n<p>Bu \u00f6zel hizmet d\u00fcnya \u00e7ap\u0131nda binlerce ki\u015fi taraf\u0131ndan kullan\u0131l\u0131yor. B\u00fcy\u00fck ikramiyeyi kazan\u0131rsan\u0131z ne olaca\u011f\u0131 konusunda endi\u015feleniyorsan\u0131z, endi\u015felenmeyin. Bu \u015firket tamamen sayg\u0131n ve me\u015fru olmakla kalm\u0131yor, ayn\u0131 zamanda biletiniz de ad\u0131n\u0131z\u0131 ta\u015f\u0131yacak, b\u00f6ylece hatalar ve doland\u0131r\u0131c\u0131l\u0131k ortadan kalkacak.<\/p>\n<p>Bu hizmet arac\u0131l\u0131\u011f\u0131yla PowerBall piyangolar\u0131 sat\u0131n alman\u0131n yan\u0131 s\u0131ra, Euromillions biletleri sat\u0131n alabilir, El Gordo ve Superenalotto&#8217;ya kat\u0131labilir ve bir\u00e7ok uluslararas\u0131 piyangoya kat\u0131labilirsiniz. D\u00fcnyan\u0131n neresinde ya\u015farsan\u0131z ya\u015fay\u0131n, yabanc\u0131 piyangolara istedi\u011finiz s\u0131kl\u0131kta ve istedi\u011finiz zaman kat\u0131labilirsiniz.<\/p>\n<h2>\u00c7ekili\u015fler<\/h2>\n<p>\u00c7ekili\u015fler haftada iki kez, her \u00c7ar\u015famba ve Cumartesi ak\u015fam\u0131 Do\u011fu Saati ile 22:59&#8217;da d\u00fczenlenmektedir. Biletler \u00e7ekili\u015fin son saatine kadar sat\u0131n al\u0131nabilir, yani sat\u0131\u015flar \u00e7ekili\u015f ba\u015flamadan 59 dakika \u00f6nce sona erer. RedFoxLotto&#8217;nun Powerball bilet sipari\u015finizi i\u015fleme koyabilmesi i\u00e7in l\u00fctfen \u00e7evrimi\u00e7i bilet sat\u0131n alma i\u015fleminiz i\u00e7in en az iki saat ay\u0131r\u0131n.<br \/>\nKazananlar ve \u015fansl\u0131 numaralar, toplam 59 top i\u00e7eren bir tamburdan be\u015f beyaz top \u00e7ekilerek belirlenir. 35 k\u0131rm\u0131z\u0131 top i\u00e7eren ayr\u0131 bir tamburdan \u00e7ekilen k\u0131rm\u0131z\u0131 bir top ise yeni eklenen bir se\u00e7enektir.<\/p>\n<h2>Kazanma Yollar\u0131<\/h2>\n<p>Powerball piyangosu dokuz farkl\u0131 kazanma yolu sunar. Biletiniz be\u015f beyaz say\u0131n\u0131n ve &#8220;Powerball&#8221; olarak da bilinen k\u0131rm\u0131z\u0131 topun tamam\u0131n\u0131 yakalarsa, b\u00fcy\u00fck ikramiye olan b\u00fcy\u00fck ikramiyeyi kazan\u0131rs\u0131n\u0131z. B\u00fcy\u00fck ikramiyeyi kazan\u0131rsan\u0131z, an\u0131nda toplu \u00f6deme alabilir veya 29 y\u0131l boyunca y\u0131ll\u0131k olarak ikramiyenin tamam\u0131n\u0131 alabilirsiniz. Bu uzun bir s\u00fcre gibi g\u00f6r\u00fcnse de, yakla\u015f\u0131k 10 milyon dolarl\u0131k y\u0131ll\u0131k \u00f6demeyle fazlas\u0131yla memnun kalaca\u011f\u0131n\u0131zdan eminiz!<\/p>\n<p>PowerBall piyangosunu kazanma olas\u0131l\u0131\u011f\u0131 yakla\u015f\u0131k 32&#8217;de 1&#8217;dir. A\u015fa\u011f\u0131daki \u015fekillerde kazanabilirsiniz:<\/p>\n<ul>\n<li>5 beyaz top + PowerBall ikramiyeyi kazan\u0131r<\/li>\n<li>5 beyaz top 1 milyon dolar kazan\u0131r<\/li>\n<li>4 beyaz top + PowerBall 10.000 dolar kazan\u0131r<\/li>\n<li>4 beyaz top 100 dolar kazan\u0131r<\/li>\n<li>3 beyaz top + PowerBall 100 dolar kazan\u0131r<\/li>\n<li>3 beyaz top 7 dolar kazan\u0131r<\/li>\n<li>2 beyaz top + PowerBall 7 dolar kazan\u0131r<\/li>\n<li>1 beyaz top + PowerBall 7 dolar kazan\u0131r<\/li>\n<li>Tek ba\u015f\u0131na PowerBall 4 dolar kazan\u0131r<\/li>\n<\/ul>\n<p>Ayr\u0131ca ek bir \u00f6zellik daha var: PowerPlay \u00f6zelli\u011fini etkinle\u015ftirirseniz, orijinal kuponu oynayabilirsiniz. Kazanma miktar\u0131n\u0131 art\u0131r\u0131n. Biletinizde 5+0 kazanan kombinasyonu varsa, kazanc\u0131n\u0131z 1 milyon dolar yerine 2 milyon dolar olur. PowerPlayBiletinizi sat\u0131n al\u0131rken &#8220;Oyna&#8221; se\u00e7ene\u011finin se\u00e7ili olmas\u0131 gerekir.<\/p>\n<h2>Nerede oynayabilirim?<\/h2>\n<p>PowerBall, Amerika&#8217;n\u0131n en pop\u00fcler piyango oyunudur ve \u00fclke genelinde 42 eyalette oynanabilir. Ayr\u0131ca Washington, D.C. ve ABD Virjin Adalar\u0131&#8217;nda da oynan\u0131r. Vatanda\u015flar\u0131n\u0131n bu piyangoya kat\u0131lmas\u0131na izin vermeyen sekiz eyalet vard\u0131r: Nevada, Kaliforniya, Utah, Mississippi, Wyoming, Alabama, Hawaii ve Alaska.<\/p>\n<p>Ancak, bu makalenin ba\u015f\u0131nda da belirtildi\u011fi gibi, ABD d\u0131\u015f\u0131nda ve ABD vatanda\u015f\u0131 olmayan biri olarak veya piyangoyu ma\u011fazadan sat\u0131n alamad\u0131\u011f\u0131n\u0131z bir ABD eyaletinde PowerBall oynamak da m\u00fcmk\u00fcnd\u00fcr. RedFoxLotto bunu herkes i\u00e7in m\u00fcmk\u00fcn k\u0131lar. <strong><span style=\"text-decoration: underline;\"><a href=\"https:\/\/redfoxlotto.com\/?ref=A8564250A2&amp;medium=pwb\" target=\"_blank\" rel=\"noopener noreferrer\">PowerBall piyango biletinizi hemen \u00e7evrimi\u00e7i al\u0131n!<\/a><\/span><\/strong><\/p>\n","protected":false},"excerpt":{"rendered":"<p>Powerball Biletleri Nas\u0131l Online Al\u0131n\u0131r Powerball, 140 milyon dolardan 300 milyon dolar\u0131n \u00fczerine kadar de\u011fi\u015fen y\u00fcksek \u00f6d\u00fcl ve ikramiyelerle son derece pop\u00fcler bir piyango oyunudur! 2012 y\u0131l\u0131nda yedi ki\u015fi Powerball ikramiyesini kazand\u0131. En d\u00fc\u015f\u00fck ikramiye 60 milyon dolar, en y\u00fcksek ikramiye ise 337 milyon dolard\u0131! Bu sizin de ba\u015f\u0131n\u0131za gelebilir! Milyonlar kazanmak i\u00e7in tek yapman\u0131z &hellip; <\/p>\n<p class=\"link-more\"><a href=\"https:\/\/onlinelottospielen24.de\/tr\/\" class=\"more-link\"><span class=\"screen-reader-text\"> &#8220;Ev&#8221;<\/span>devam\u0131n\u0131 oku<\/a><\/p>\n","protected":false},"author":1,"featured_media":0,"parent":0,"menu_order":0,"comment_status":"closed","ping_status":"closed","template":"","meta":{"footnotes":""},"class_list":["post-245","page","type-page","status-publish","hentry"],"yoast_head":"<!-- This site is optimized with the Yoast SEO plugin v27.3 - https:\/\/yoast.com\/product\/yoast-seo-wordpress\/ -->\n<title>Powerball nas\u0131l sat\u0131n al\u0131n\u0131r<\/title>\n<meta name=\"description\" content=\"Powerball biletlerini \u00e7evrimi\u00e7i ve \u00e7evrimd\u0131\u015f\u0131 nas\u0131l sat\u0131n alabilirsiniz? Almanya i\u00e7in ad\u0131m ad\u0131m bir rehber: sa\u011flay\u0131c\u0131lar, \u00f6deme y\u00f6ntemleri, vergiler ve oyun ipu\u00e7lar\u0131.\" \/>\n<meta name=\"robots\" content=\"index, follow, max-snippet:-1, max-image-preview:large, max-video-preview:-1\" \/>\n<link rel=\"canonical\" href=\"https:\/\/onlinelottospielen24.de\/tr\/\" \/>\n<meta property=\"og:locale\" content=\"tr_TR\" \/>\n<meta property=\"og:type\" content=\"article\" \/>\n<meta property=\"og:title\" content=\"Powerball nas\u0131l sat\u0131n al\u0131n\u0131r\" \/>\n<meta property=\"og:description\" content=\"Powerball biletlerini \u00e7evrimi\u00e7i ve \u00e7evrimd\u0131\u015f\u0131 nas\u0131l sat\u0131n alabilirsiniz? Almanya i\u00e7in ad\u0131m ad\u0131m bir rehber: sa\u011flay\u0131c\u0131lar, \u00f6deme y\u00f6ntemleri, vergiler ve oyun ipu\u00e7lar\u0131.\" \/>\n<meta property=\"og:url\" content=\"https:\/\/onlinelottospielen24.de\/tr\/\" \/>\n<meta name=\"twitter:card\" content=\"summary_large_image\" \/>\n<meta name=\"twitter:label1\" content=\"Tahmini okuma s\u00fcresi\" \/>\n\t<meta name=\"twitter:data1\" content=\"4 dakika\" \/>\n<script type=\"application\/ld+json\" class=\"yoast-schema-graph\">{\"@context\":\"https:\\\/\\\/schema.org\",\"@graph\":[{\"@type\":\"WebPage\",\"@id\":\"https:\\\/\\\/onlinelottospielen24.de\\\/tr\\\/\",\"url\":\"https:\\\/\\\/onlinelottospielen24.de\\\/tr\\\/\",\"name\":\"Powerball nas\u0131l sat\u0131n al\u0131n\u0131r\",\"isPartOf\":{\"@id\":\"https:\\\/\\\/onlinelottospielen24.de\\\/tr\\\/de\\\/#website\"},\"datePublished\":\"2025-08-02T16:46:36+00:00\",\"description\":\"Powerball biletlerini \u00e7evrimi\u00e7i ve \u00e7evrimd\u0131\u015f\u0131 nas\u0131l sat\u0131n alabilirsiniz? Almanya i\u00e7in ad\u0131m ad\u0131m bir rehber: sa\u011flay\u0131c\u0131lar, \u00f6deme y\u00f6ntemleri, vergiler ve oyun ipu\u00e7lar\u0131.\",\"breadcrumb\":{\"@id\":\"https:\\\/\\\/onlinelottospielen24.de\\\/tr\\\/#breadcrumb\"},\"inLanguage\":\"tr\",\"potentialAction\":[{\"@type\":\"ReadAction\",\"target\":[\"https:\\\/\\\/onlinelottospielen24.de\\\/tr\\\/\"]}]},{\"@type\":\"BreadcrumbList\",\"@id\":\"https:\\\/\\\/onlinelottospielen24.de\\\/tr\\\/#breadcrumb\",\"itemListElement\":[{\"@type\":\"ListItem\",\"position\":1,\"name\":\"Home\",\"item\":\"https:\\\/\\\/onlinelottospielen24.de\\\/tr\\\/\"},{\"@type\":\"ListItem\",\"position\":2,\"name\":\"Ev\"}]},{\"@type\":\"WebSite\",\"@id\":\"https:\\\/\\\/onlinelottospielen24.de\\\/tr\\\/de\\\/#website\",\"url\":\"https:\\\/\\\/onlinelottospielen24.de\\\/tr\\\/de\\\/\",\"name\":\"\",\"description\":\"\",\"potentialAction\":[{\"@type\":\"SearchAction\",\"target\":{\"@type\":\"EntryPoint\",\"urlTemplate\":\"https:\\\/\\\/onlinelottospielen24.de\\\/tr\\\/de\\\/?s={search_term_string}\"},\"query-input\":{\"@type\":\"PropertyValueSpecification\",\"valueRequired\":true,\"valueName\":\"search_term_string\"}}],\"inLanguage\":\"tr\"}]}<\/script>\n<!-- \/ Yoast SEO plugin. -->","yoast_head_json":{"title":"Powerball nas\u0131l sat\u0131n al\u0131n\u0131r","description":"Powerball biletlerini \u00e7evrimi\u00e7i ve \u00e7evrimd\u0131\u015f\u0131 nas\u0131l sat\u0131n alabilirsiniz? Almanya i\u00e7in ad\u0131m ad\u0131m bir rehber: sa\u011flay\u0131c\u0131lar, \u00f6deme y\u00f6ntemleri, vergiler ve oyun ipu\u00e7lar\u0131.","robots":{"index":"index","follow":"follow","max-snippet":"max-snippet:-1","max-image-preview":"max-image-preview:large","max-video-preview":"max-video-preview:-1"},"canonical":"https:\/\/onlinelottospielen24.de\/tr\/","og_locale":"tr_TR","og_type":"article","og_title":"Powerball nas\u0131l sat\u0131n al\u0131n\u0131r","og_description":"Powerball biletlerini \u00e7evrimi\u00e7i ve \u00e7evrimd\u0131\u015f\u0131 nas\u0131l sat\u0131n alabilirsiniz? Almanya i\u00e7in ad\u0131m ad\u0131m bir rehber: sa\u011flay\u0131c\u0131lar, \u00f6deme y\u00f6ntemleri, vergiler ve oyun ipu\u00e7lar\u0131.","og_url":"https:\/\/onlinelottospielen24.de\/tr\/","twitter_card":"summary_large_image","twitter_misc":{"Tahmini okuma s\u00fcresi":"4 dakika"},"schema":{"@context":"https:\/\/schema.org","@graph":[{"@type":"WebPage","@id":"https:\/\/onlinelottospielen24.de\/tr\/","url":"https:\/\/onlinelottospielen24.de\/tr\/","name":"Powerball nas\u0131l sat\u0131n al\u0131n\u0131r","isPartOf":{"@id":"https:\/\/onlinelottospielen24.de\/tr\/de\/#website"},"datePublished":"2025-08-02T16:46:36+00:00","description":"Powerball biletlerini \u00e7evrimi\u00e7i ve \u00e7evrimd\u0131\u015f\u0131 nas\u0131l sat\u0131n alabilirsiniz? Almanya i\u00e7in ad\u0131m ad\u0131m bir rehber: sa\u011flay\u0131c\u0131lar, \u00f6deme y\u00f6ntemleri, vergiler ve oyun ipu\u00e7lar\u0131.","breadcrumb":{"@id":"https:\/\/onlinelottospielen24.de\/tr\/#breadcrumb"},"inLanguage":"tr","potentialAction":[{"@type":"ReadAction","target":["https:\/\/onlinelottospielen24.de\/tr\/"]}]},{"@type":"BreadcrumbList","@id":"https:\/\/onlinelottospielen24.de\/tr\/#breadcrumb","itemListElement":[{"@type":"ListItem","position":1,"name":"Home","item":"https:\/\/onlinelottospielen24.de\/tr\/"},{"@type":"ListItem","position":2,"name":"Ev"}]},{"@type":"WebSite","@id":"https:\/\/onlinelottospielen24.de\/tr\/de\/#website","url":"https:\/\/onlinelottospielen24.de\/tr\/de\/","name":"","description":"","potentialAction":[{"@type":"SearchAction","target":{"@type":"EntryPoint","urlTemplate":"https:\/\/onlinelottospielen24.de\/tr\/de\/?s={search_term_string}"},"query-input":{"@type":"PropertyValueSpecification","valueRequired":true,"valueName":"search_term_string"}}],"inLanguage":"tr"}]}},"_links":{"self":[{"href":"https:\/\/onlinelottospielen24.de\/tr\/wp-json\/wp\/v2\/pages\/245","targetHints":{"allow":["GET"]}}],"collection":[{"href":"https:\/\/onlinelottospielen24.de\/tr\/wp-json\/wp\/v2\/pages"}],"about":[{"href":"https:\/\/onlinelottospielen24.de\/tr\/wp-json\/wp\/v2\/types\/page"}],"author":[{"embeddable":true,"href":"https:\/\/onlinelottospielen24.de\/tr\/wp-json\/wp\/v2\/users\/1"}],"replies":[{"embeddable":true,"href":"https:\/\/onlinelottospielen24.de\/tr\/wp-json\/wp\/v2\/comments?post=245"}],"version-history":[{"count":0,"href":"https:\/\/onlinelottospielen24.de\/tr\/wp-json\/wp\/v2\/pages\/245\/revisions"}],"wp:attachment":[{"href":"https:\/\/onlinelottospielen24.de\/tr\/wp-json\/wp\/v2\/media?parent=245"}],"curies":[{"name":"wp","href":"https:\/\/api.w.org\/{rel}","templated":true}]}}