{"id":244,"date":"2025-08-02T16:46:36","date_gmt":"2025-08-02T16:46:36","guid":{"rendered":"https:\/\/onlinelottospielen24.de\/hem\/"},"modified":"2025-08-02T16:46:36","modified_gmt":"2025-08-02T16:46:36","slug":"hem","status":"publish","type":"page","link":"https:\/\/onlinelottospielen24.de\/sv\/","title":{"rendered":"Hem"},"content":{"rendered":"<h2>Hur man k\u00f6per Powerball-lottor online<\/h2>\n<p>Powerball \u00e4r ett extremt popul\u00e4rt lotterispel med h\u00f6ga priser och jackpottar som str\u00e4cker sig fr\u00e5n 140 miljoner dollar till \u00f6ver 300 miljoner dollar! Sju personer har redan vunnit Powerball-jackpotten 2012. Den l\u00e4gsta jackpotten var 60 miljoner dollar och den h\u00f6gsta var 337 miljoner dollar! Detta kan h\u00e4nda dig ocks\u00e5! F\u00f6r att vinna miljoner beh\u00f6ver du bara <strong>k\u00f6pa en Powerball-lott online<\/strong>.<\/p>\n<p><img loading=\"lazy\" decoding=\"async\" style=\"margin: 1px; float: right;\" src=\"images\/powerball_lottery.gif\" alt=\"Powerball-lotteriet\" width=\"250\" height=\"96\" \/>Medan lotteriet ursprungligen var avsett f\u00f6r amerikanska inv\u00e5nare och lotter kunde k\u00f6pas i lokala butiker, \u00e4r det nu m\u00f6jligt att k\u00f6pa Powerball-lottor online! Oavsett om du bor i USA eller Australien kan du spela PowerBall var som helst i v\u00e4rlden!<\/p>\n<p>Att k\u00f6pa och delta i PowerBall \u00e4r m\u00f6jligt tack vare den exklusiva tj\u00e4nsten som tillhandah\u00e5lls av RedFoxLotto. RedFoxLotto \u00e4r ett f\u00f6retag med hundratals distribut\u00f6rer \u00f6ver hela v\u00e4rlden som hj\u00e4lper dig att k\u00f6pa vilket lotteri du vill.<\/p>\n<p><strong>Bara fyra enkla steg \u00e4r n\u00f6dv\u00e4ndiga innan du f\u00e5r din lott:<\/strong><\/p>\n<ol>\n<li>V\u00e4lj det lotteri du vill delta i \u2013 i det h\u00e4r fallet PowerBall \u2013 efter att ha klickat p\u00e5 bannern p\u00e5 v\u00e5r webbplats <span style=\"text-decoration: underline;\"><strong><a href=\"https:\/\/redfoxlotto.com\/?ref=A8564250A2&amp;medium=pwb\" target=\"_blank\" rel=\"noopener noreferrer\">eller klicka helt enkelt h\u00e4r<\/a><\/strong><\/span><\/li>\n<li>En av RedFoxLottos m\u00e5nga lokala f\u00f6rs\u00e4ljningspartners kommer att k\u00f6pa en lott \u00e5t dig.<\/li>\n<li>Lotten kommer sedan att visas p\u00e5 ditt konto.<\/li>\n<li>Efter att dragningen \u00e4r klar, och om du vinner, f\u00e5r du ytterligare ett e-postmeddelande med information om hur du tar ut dina vinster.<\/li>\n<li>Alla vinster under 2 500 euro kommer att krediteras ditt kundkonto. Och f\u00f6r st\u00f6rre vinster hj\u00e4lper RedFoxLotto dig att f\u00e5 din check. Det finns ingen extra kostnad f\u00f6r denna tj\u00e4nst!<\/li>\n<\/ol>\n<p>Denna exklusiva tj\u00e4nst anv\u00e4nds av tusentals m\u00e4nniskor v\u00e4rlden \u00f6ver. Om du \u00e4r orolig f\u00f6r vad som skulle h\u00e4nda om du vann en jackpott, oroa dig inte. Detta f\u00f6retag \u00e4r inte bara helt v\u00e4lrenommerat och legitimt, utan din lott kommer ocks\u00e5 att b\u00e4ra ditt namn, vilket eliminerar fel och bedr\u00e4gerier.<\/p>\n<p>Du kan inte bara k\u00f6pa PowerBall-lotterier genom denna tj\u00e4nst, du kan ocks\u00e5 k\u00f6pa Euromillions-lottor, delta i El Gordo och Superenalotto och delta i m\u00e5nga andra internationella lotterier. Oavsett var du bor i v\u00e4rlden kan du delta i utl\u00e4ndska lotterier s\u00e5 ofta och n\u00e4r du vill.<\/p>\n<h2>T\u00e4vling<\/h2>\n<p>T\u00e4vlingar h\u00e5lls tv\u00e5 g\u00e5nger i veckan \u2013 varje onsdag och l\u00f6rdag kv\u00e4ll klockan 22:59 Eastern Time. Lotter kan k\u00f6pas fram till dragningens sista timme, vilket inneb\u00e4r att f\u00f6rs\u00e4ljningen slutar 59 minuter innan dragningen b\u00f6rjar. V\u00e4nligen r\u00e4kna med minst tv\u00e5 timmar f\u00f6r ditt onlinek\u00f6p av lotter s\u00e5 att RedFoxLotto kan behandla din Powerball-lottbest\u00e4llning.<\/p>\n<p>Vinnarna och lyckonumren best\u00e4ms genom att dra fem vita bollar fr\u00e5n en trumma som inneh\u00e5ller totalt 59 bollar. Ett nytt till\u00e4gg \u00e4r en r\u00f6d boll som dras fr\u00e5n en separat trumma som inneh\u00e5ller 35 r\u00f6da bollar.<\/p>\n<h2>S\u00e4tt att vinna<\/h2>\n<p>Powerball-lotteriet erbjuder nio olika s\u00e4tt att vinna. Du vinner toppvinsten, den stora jackpotten, om din lott matchar alla fem vita nummer och den r\u00f6da bollen, \u00e4ven k\u00e4nd som &#8221;Powerball&#8221;. Om du vinner jackpotten kan du f\u00e5 antingen en klumpsumma omedelbart eller hela jackpotten \u00e5rligen i 29 \u00e5r. \u00c4ven om det kan verka som en l\u00e5ng tid \u00e4r vi s\u00e4kra p\u00e5 att du kommer att vara mer \u00e4n n\u00f6jd med en \u00e5rlig utbetalning p\u00e5 cirka 10 miljoner dollar!<\/p>\n<p>Oddsen att vinna PowerBall-lotteriet \u00e4r ungef\u00e4r 1 p\u00e5 32. Du kan vinna p\u00e5 f\u00f6ljande s\u00e4tt:<\/p>\n<ul>\n<li>5 vita bollar + PowerBall vinner jackpotten<\/li>\n<li>5 vita bollar vinner 1 miljon dollar<\/li>\n<li>4 vita bollar + PowerBall vinner 10 000 dollar<\/li>\n<li>4 vita bollar vinner 100 dollar<\/li>\n<li>3 vita bollar + PowerBall vinner 100 dollar<\/li>\n<li>3 vita bollar vinner 7 dollar<\/li>\n<li>2 vita bollar + PowerBall vinner 7 dollar<\/li>\n<li>1 vit boll + PowerBall vinner 7 dollar<\/li>\n<li>Enbart PowerBall vinner 4 dollar<\/li>\n<\/ul>\n<p>Det finns ocks\u00e5 en extra funktion: Om du aktiverar PowerPlay-funktionen kan du spela originalet och \u00f6ka vinstbeloppet. Om din lott inneh\u00e5ller vinstkombinationen 5+0 blir din vinst 2 miljoner dollar ist\u00e4llet f\u00f6r 1 miljon dollar. PowerPlaySpelfunktionen m\u00e5ste v\u00e4ljas n\u00e4r du k\u00f6per din lott.<\/p>\n<h2>Var kan jag spela?<\/h2>\n<p>PowerBall \u00e4r Amerikas mest popul\u00e4ra lotterispel och kan spelas i 42 stater \u00f6ver hela landet. Det spelas ocks\u00e5 i Washington, D.C. och Amerikanska Jungfru\u00f6arna. Det finns \u00e5tta stater som inte till\u00e5ter sina inv\u00e5nare att delta i detta lotteri: Nevada, Kalifornien, Utah, Mississippi, Wyoming, Alabama, Hawaii och Alaska.<\/p>\n<p>Men som n\u00e4mnts i b\u00f6rjan av den h\u00e4r artikeln \u00e4r det ocks\u00e5 m\u00f6jligt att spela PowerBall utanf\u00f6r USA och som icke-amerikansk medborgare, eller i en amerikansk stat d\u00e4r du inte kan k\u00f6pa lotteriet i en butik. RedFoxLotto g\u00f6r det m\u00f6jligt f\u00f6r alla. <strong><span style=\"text-decoration: underline;\"><a href=\"https:\/\/redfoxlotto.com\/?ref=A8564250A2&amp;medium=pwb\" target=\"_blank\" rel=\"noopener noreferrer\">Skaffa din PowerBall-lott online nu!<\/a><\/span><\/strong><\/p>\n","protected":false},"excerpt":{"rendered":"<p>Hur man k\u00f6per Powerball-lottor online Powerball \u00e4r ett extremt popul\u00e4rt lotterispel med h\u00f6ga priser och jackpottar som str\u00e4cker sig fr\u00e5n 140 miljoner dollar till \u00f6ver 300 miljoner dollar! Sju personer har redan vunnit Powerball-jackpotten 2012. Den l\u00e4gsta jackpotten var 60 miljoner dollar och den h\u00f6gsta var 337 miljoner dollar! Detta kan h\u00e4nda dig ocks\u00e5! F\u00f6r &hellip; <\/p>\n<p class=\"link-more\"><a href=\"https:\/\/onlinelottospielen24.de\/sv\/\" class=\"more-link\">L\u00e4s mer<span class=\"screen-reader-text\"> \u201dHem\u201d<\/span><\/a><\/p>\n","protected":false},"author":1,"featured_media":0,"parent":0,"menu_order":0,"comment_status":"closed","ping_status":"closed","template":"","meta":{"footnotes":""},"class_list":["post-244","page","type-page","status-publish","hentry"],"yoast_head":"<!-- This site is optimized with the Yoast SEO plugin v27.3 - https:\/\/yoast.com\/product\/yoast-seo-wordpress\/ -->\n<title>Hur man k\u00f6per Powerball<\/title>\n<meta name=\"description\" content=\"Hur man k\u00f6per Powerball-biljetter online och offline. En steg-f\u00f6r-steg-guide f\u00f6r Tyskland: leverant\u00f6rer, betalningsmetoder, skatter och tips f\u00f6r att spela.\" \/>\n<meta name=\"robots\" content=\"index, follow, max-snippet:-1, max-image-preview:large, max-video-preview:-1\" \/>\n<link rel=\"canonical\" href=\"https:\/\/onlinelottospielen24.de\/sv\/\" \/>\n<meta property=\"og:locale\" content=\"sv_SE\" \/>\n<meta property=\"og:type\" content=\"article\" \/>\n<meta property=\"og:title\" content=\"Hur man k\u00f6per Powerball\" \/>\n<meta property=\"og:description\" content=\"Hur man k\u00f6per Powerball-biljetter online och offline. En steg-f\u00f6r-steg-guide f\u00f6r Tyskland: leverant\u00f6rer, betalningsmetoder, skatter och tips f\u00f6r att spela.\" \/>\n<meta property=\"og:url\" content=\"https:\/\/onlinelottospielen24.de\/sv\/\" \/>\n<meta name=\"twitter:card\" content=\"summary_large_image\" \/>\n<meta name=\"twitter:label1\" content=\"Ber\u00e4knad l\u00e4stid\" \/>\n\t<meta name=\"twitter:data1\" content=\"4 minuter\" \/>\n<script type=\"application\/ld+json\" class=\"yoast-schema-graph\">{\"@context\":\"https:\\\/\\\/schema.org\",\"@graph\":[{\"@type\":\"WebPage\",\"@id\":\"https:\\\/\\\/onlinelottospielen24.de\\\/sv\\\/\",\"url\":\"https:\\\/\\\/onlinelottospielen24.de\\\/sv\\\/\",\"name\":\"Hur man k\u00f6per Powerball\",\"isPartOf\":{\"@id\":\"https:\\\/\\\/onlinelottospielen24.de\\\/sv\\\/de\\\/#website\"},\"datePublished\":\"2025-08-02T16:46:36+00:00\",\"description\":\"Hur man k\u00f6per Powerball-biljetter online och offline. En steg-f\u00f6r-steg-guide f\u00f6r Tyskland: leverant\u00f6rer, betalningsmetoder, skatter och tips f\u00f6r att spela.\",\"breadcrumb\":{\"@id\":\"https:\\\/\\\/onlinelottospielen24.de\\\/sv\\\/#breadcrumb\"},\"inLanguage\":\"sv-SE\",\"potentialAction\":[{\"@type\":\"ReadAction\",\"target\":[\"https:\\\/\\\/onlinelottospielen24.de\\\/sv\\\/\"]}]},{\"@type\":\"BreadcrumbList\",\"@id\":\"https:\\\/\\\/onlinelottospielen24.de\\\/sv\\\/#breadcrumb\",\"itemListElement\":[{\"@type\":\"ListItem\",\"position\":1,\"name\":\"Home\",\"item\":\"https:\\\/\\\/onlinelottospielen24.de\\\/sv\\\/\"},{\"@type\":\"ListItem\",\"position\":2,\"name\":\"Hem\"}]},{\"@type\":\"WebSite\",\"@id\":\"https:\\\/\\\/onlinelottospielen24.de\\\/sv\\\/de\\\/#website\",\"url\":\"https:\\\/\\\/onlinelottospielen24.de\\\/sv\\\/de\\\/\",\"name\":\"\",\"description\":\"\",\"potentialAction\":[{\"@type\":\"SearchAction\",\"target\":{\"@type\":\"EntryPoint\",\"urlTemplate\":\"https:\\\/\\\/onlinelottospielen24.de\\\/sv\\\/de\\\/?s={search_term_string}\"},\"query-input\":{\"@type\":\"PropertyValueSpecification\",\"valueRequired\":true,\"valueName\":\"search_term_string\"}}],\"inLanguage\":\"sv-SE\"}]}<\/script>\n<!-- \/ Yoast SEO plugin. -->","yoast_head_json":{"title":"Hur man k\u00f6per Powerball","description":"Hur man k\u00f6per Powerball-biljetter online och offline. En steg-f\u00f6r-steg-guide f\u00f6r Tyskland: leverant\u00f6rer, betalningsmetoder, skatter och tips f\u00f6r att spela.","robots":{"index":"index","follow":"follow","max-snippet":"max-snippet:-1","max-image-preview":"max-image-preview:large","max-video-preview":"max-video-preview:-1"},"canonical":"https:\/\/onlinelottospielen24.de\/sv\/","og_locale":"sv_SE","og_type":"article","og_title":"Hur man k\u00f6per Powerball","og_description":"Hur man k\u00f6per Powerball-biljetter online och offline. En steg-f\u00f6r-steg-guide f\u00f6r Tyskland: leverant\u00f6rer, betalningsmetoder, skatter och tips f\u00f6r att spela.","og_url":"https:\/\/onlinelottospielen24.de\/sv\/","twitter_card":"summary_large_image","twitter_misc":{"Ber\u00e4knad l\u00e4stid":"4 minuter"},"schema":{"@context":"https:\/\/schema.org","@graph":[{"@type":"WebPage","@id":"https:\/\/onlinelottospielen24.de\/sv\/","url":"https:\/\/onlinelottospielen24.de\/sv\/","name":"Hur man k\u00f6per Powerball","isPartOf":{"@id":"https:\/\/onlinelottospielen24.de\/sv\/de\/#website"},"datePublished":"2025-08-02T16:46:36+00:00","description":"Hur man k\u00f6per Powerball-biljetter online och offline. En steg-f\u00f6r-steg-guide f\u00f6r Tyskland: leverant\u00f6rer, betalningsmetoder, skatter och tips f\u00f6r att spela.","breadcrumb":{"@id":"https:\/\/onlinelottospielen24.de\/sv\/#breadcrumb"},"inLanguage":"sv-SE","potentialAction":[{"@type":"ReadAction","target":["https:\/\/onlinelottospielen24.de\/sv\/"]}]},{"@type":"BreadcrumbList","@id":"https:\/\/onlinelottospielen24.de\/sv\/#breadcrumb","itemListElement":[{"@type":"ListItem","position":1,"name":"Home","item":"https:\/\/onlinelottospielen24.de\/sv\/"},{"@type":"ListItem","position":2,"name":"Hem"}]},{"@type":"WebSite","@id":"https:\/\/onlinelottospielen24.de\/sv\/de\/#website","url":"https:\/\/onlinelottospielen24.de\/sv\/de\/","name":"","description":"","potentialAction":[{"@type":"SearchAction","target":{"@type":"EntryPoint","urlTemplate":"https:\/\/onlinelottospielen24.de\/sv\/de\/?s={search_term_string}"},"query-input":{"@type":"PropertyValueSpecification","valueRequired":true,"valueName":"search_term_string"}}],"inLanguage":"sv-SE"}]}},"_links":{"self":[{"href":"https:\/\/onlinelottospielen24.de\/sv\/wp-json\/wp\/v2\/pages\/244","targetHints":{"allow":["GET"]}}],"collection":[{"href":"https:\/\/onlinelottospielen24.de\/sv\/wp-json\/wp\/v2\/pages"}],"about":[{"href":"https:\/\/onlinelottospielen24.de\/sv\/wp-json\/wp\/v2\/types\/page"}],"author":[{"embeddable":true,"href":"https:\/\/onlinelottospielen24.de\/sv\/wp-json\/wp\/v2\/users\/1"}],"replies":[{"embeddable":true,"href":"https:\/\/onlinelottospielen24.de\/sv\/wp-json\/wp\/v2\/comments?post=244"}],"version-history":[{"count":0,"href":"https:\/\/onlinelottospielen24.de\/sv\/wp-json\/wp\/v2\/pages\/244\/revisions"}],"wp:attachment":[{"href":"https:\/\/onlinelottospielen24.de\/sv\/wp-json\/wp\/v2\/media?parent=244"}],"curies":[{"name":"wp","href":"https:\/\/api.w.org\/{rel}","templated":true}]}}