{"id":242,"date":"2025-08-02T16:46:36","date_gmt":"2025-08-02T16:46:36","guid":{"rendered":"https:\/\/onlinelottospielen24.de\/domov\/"},"modified":"2025-08-02T16:46:36","modified_gmt":"2025-08-02T16:46:36","slug":"domov","status":"publish","type":"page","link":"https:\/\/onlinelottospielen24.de\/sl\/","title":{"rendered":"Domov"},"content":{"rendered":"<h2>Kako kupiti Powerball sre\u010dke na spletu<\/h2>\n<p>Powerball je izjemno priljubljena loterijska igra z visokimi nagradami in jackpoti, ki segajo od 140 milijonov dolarjev do ve\u010d kot 300 milijonov dolarjev! Leta 2012 je jackpot Powerball \u017ee osvojilo sedem ljudi. Najni\u017eji jackpot je bil 60 milijonov dolarjev, najvi\u0161ji pa 337 milijonov dolarjev! To se lahko zgodi tudi vam! \u010ce \u017eelite osvojiti milijone, morate le <strong>kupiti Powerball sre\u010dko na spletu<\/strong>.<\/p>\n<p><img loading=\"lazy\" decoding=\"async\" style=\"margin: 1px; float: right;\" src=\"images\/powerball_lottery.gif\" alt=\"Powerball loterija\" width=\"250\" height=\"96\" \/>\u010ceprav je bila loterija prvotno namenjena prebivalcem ZDA in je bilo mogo\u010de sre\u010dke kupiti v lokalnih trgovinah, je zdaj mogo\u010de Powerball sre\u010dke kupiti na spletu! Ne glede na to, ali \u017eivite v ZDA ali Avstraliji, lahko PowerBall igrate kjer koli na svetu!<\/p>\n<p>Nakup in sodelovanje v PowerBallu je mogo\u010de zahvaljujo\u010d ekskluzivni storitvi, ki jo ponuja RedFoxLotto. RedFoxLotto je podjetje s stotinami distributerjev po vsem svetu, ki vam pomaga kupiti katero koli loterijo, ki jo \u017eelite.<\/p>\n<p><strong>Preden prejmete svojo sre\u010dko, so potrebni le \u0161tirje preprosti koraki:<\/strong><\/p>\n<ol>\n<li>Izberite loterijo, v kateri \u017eelite sodelovati \u2013 v tem primeru PowerBall \u2013 po kliku na pasico na na\u0161i spletni strani <span style=\"text-decoration: underline;\"><strong><a href=\"https:\/\/redfoxlotto.com\/?ref=A8564250A2&amp;medium=pwb\" target=\"_blank\" rel=\"noopener noreferrer\">ali preprosto kliknite tukaj<\/a><\/strong><\/span><\/li>\n<li>Eden od \u0161tevilnih lokalnih prodajnih partnerjev RedFoxLotto bo v va\u0161em imenu kupil sre\u010dko.<\/li>\n<li>Sre\u010dka se bo nato prikazala v va\u0161em ra\u010dunu.<\/li>\n<li>Po kon\u010danem \u017erebanju in \u010de zmagate, boste prejeli \u0161e eno e-po\u0161tno sporo\u010dilo z informacijami o dvigu dobitkov.<\/li>\n<li>Vsi dobitki, manj\u0161i od 2500 EUR, bodo nakazani na va\u0161 ra\u010dun stranke. Za ve\u010dje dobitke pa vam bo RedFoxLotto pomagal dobiti \u010dek. Za to storitev ni dodatnih stro\u0161kov!<\/li>\n<\/ol>\n<p>To ekskluzivno storitev uporablja na tiso\u010de ljudi po vsem svetu. \u010ce vas skrbi, kaj bi se zgodilo, \u010de bi zadeli jackpot, ne skrbite. To podjetje ni le popolnoma ugledno in legitimno, ampak bo tudi va\u0161a sre\u010dka nosila va\u0161e ime, kar odpravlja napake in goljufije.<\/p>\n<p>Prek te storitve lahko kupite ne le loterije PowerBall, ampak lahko kupite tudi sre\u010dke Euromillions, sodelujete v El Gordo in SuperEnalotto ter sodelujete v \u0161tevilnih drugih mednarodnih loterijah. Ne glede na to, kje na svetu \u017eivite, lahko sodelujete v tujih loterijah tako pogosto in kadar koli \u017eelite.<\/p>\n<h2>Nagradne igre<\/h2>\n<p>Nagradne igre potekajo dvakrat na teden \u2013 vsako sredo in soboto zve\u010der ob 22.59 po vzhodnem \u010dasu. Sre\u010dke je mogo\u010de kupiti do zadnje ure \u017erebanja, kar pomeni, da se prodaja kon\u010da 59 minut pred za\u010detkom \u017erebanja. Za spletni nakup sre\u010dke si vzemite vsaj dve uri, da lahko RedFoxLotto obdela va\u0161e naro\u010dilo sre\u010dke Powerball.<br \/>\nZmagovalci in sre\u010dne \u0161tevilke se dolo\u010dijo z \u017erebanjem petih belih kroglic iz bobna, ki vsebuje skupno 59 kroglic. Novost je rde\u010da kroglica, iz\u017erebana iz lo\u010denega bobna, ki vsebuje 35 rde\u010dih kroglic.<\/p>\n<h2>Na\u010dini za zmago<\/h2>\n<p>Loterija Powerball ponuja devet razli\u010dnih na\u010dinov za zmago. Glavno nagrado, veliki jackpot, osvojite, \u010de se na va\u0161i sre\u010dki ujema vseh pet belih \u0161tevilk in rde\u010da kroglica, znana tudi kot &#8220;Powerball&#8221;. \u010ce osvojite jackpot, lahko 29 let prejmete bodisi takoj\u0161nji znesek bodisi celoten jackpot letno. \u010ceprav se to morda zdi dolgo obdobje, smo prepri\u010dani, da boste ve\u010d kot zadovoljni z letnim izpla\u010dilom pribli\u017eno 10 milijonov dolarjev!<\/p>\n<p>Verjetnost za zmago na loteriji PowerBall je pribli\u017eno 1 proti 32. Zmagate lahko na naslednje na\u010dine:<\/p>\n<ul>\n<li>5 belih kroglic + PowerBall osvoji glavni dobitek<\/li>\n<li>5 belih kroglic osvoji 1 milijon dolarjev<\/li>\n<li>4 bele kroglice + PowerBall osvoji 10.000 dolarjev<\/li>\n<li>4 bele kroglice osvojijo 100 dolarjev<\/li>\n<li>3 bele kroglice + PowerBall osvojijo 100 dolarjev<\/li>\n<li>3 bele kroglice osvojijo 7 dolarjev<\/li>\n<li>2 beli kroglici + PowerBall osvojita 7 dolarjev<\/li>\n<li>1 bela kroglica + PowerBall osvoji 7 dolarjev<\/li>\n<li>Samo PowerBall osvoji 4 dolarje<\/li>\n<\/ul>\n<p>Na voljo je tudi dodatna funkcija: \u010ce aktivirate funkcijo PowerPlay, lahko igrate originalni na\u010din in pove\u010date znesek dobitka. \u010ce va\u0161a sre\u010dka vsebuje zmagovalno kombinacijo 5+0, bo va\u0161 dobitek namesto 1 milijona dolarjev zna\u0161al 2 milijona dolarjev. Funkcija PowerPlayFunkcijo igranja je treba izbrati ob nakupu sre\u010dke.<\/p>\n<h2>Kje lahko igram?<\/h2>\n<p>PowerBall je najbolj priljubljena loterijska igra v Ameriki in jo je mogo\u010de igrati v 42 zveznih dr\u017eavah po vsej dr\u017eavi. Igra se tudi v Washingtonu, D.C., in na Ameri\u0161kih Devi\u0161kih otokih. Osem zveznih dr\u017eav svojim prebivalcem ne dovoljuje sodelovanja v tej loteriji: Nevada, Kalifornija, Utah, Mississippi, Wyoming, Alabama, Havaji in Aljaska.<\/p>\n<p>Vendar pa je, kot je bilo omenjeno na za\u010detku tega \u010dlanka, PowerBall mogo\u010de igrati tudi zunaj ZDA in kot tujec ali v ameri\u0161ki zvezni dr\u017eavi, kjer loterije ne morete kupiti v trgovini. RedFoxLotto to omogo\u010da vsem. <strong><span style=\"text-decoration: underline;\"><a href=\"https:\/\/redfoxlotto.com\/?ref=A8564250A2&amp;medium=pwb\" target=\"_blank\" rel=\"noopener noreferrer\">Pridobite svojo loterijsko sre\u010dko PowerBall zdaj na spletu!<\/a><\/span><\/strong><\/p>\n","protected":false},"excerpt":{"rendered":"<p>Kako kupiti Powerball sre\u010dke na spletu Powerball je izjemno priljubljena loterijska igra z visokimi nagradami in jackpoti, ki segajo od 140 milijonov dolarjev do ve\u010d kot 300 milijonov dolarjev! Leta 2012 je jackpot Powerball \u017ee osvojilo sedem ljudi. Najni\u017eji jackpot je bil 60 milijonov dolarjev, najvi\u0161ji pa 337 milijonov dolarjev! To se lahko zgodi tudi &hellip; <\/p>\n<p class=\"link-more\"><a href=\"https:\/\/onlinelottospielen24.de\/sl\/\" class=\"more-link\">Read more<span class=\"screen-reader-text\"> &#8220;Domov&#8221;<\/span><\/a><\/p>\n","protected":false},"author":1,"featured_media":0,"parent":0,"menu_order":0,"comment_status":"closed","ping_status":"closed","template":"","meta":{"footnotes":""},"class_list":["post-242","page","type-page","status-publish","hentry"],"yoast_head":"<!-- This site is optimized with the Yoast SEO plugin v27.3 - https:\/\/yoast.com\/product\/yoast-seo-wordpress\/ -->\n<title>Kako kupiti Powerball<\/title>\n<meta name=\"description\" content=\"Kako kupiti Powerball sre\u010dke na spletu in brez povezave. Vodnik po korakih za Nem\u010dijo: ponudniki, na\u010dini pla\u010dila, davki in nasveti za igranje.\" \/>\n<meta name=\"robots\" content=\"index, follow, max-snippet:-1, max-image-preview:large, max-video-preview:-1\" \/>\n<link rel=\"canonical\" href=\"https:\/\/onlinelottospielen24.de\/sl\/\" \/>\n<meta property=\"og:locale\" content=\"sl_SI\" \/>\n<meta property=\"og:type\" content=\"article\" \/>\n<meta property=\"og:title\" content=\"Kako kupiti Powerball\" \/>\n<meta property=\"og:description\" content=\"Kako kupiti Powerball sre\u010dke na spletu in brez povezave. Vodnik po korakih za Nem\u010dijo: ponudniki, na\u010dini pla\u010dila, davki in nasveti za igranje.\" \/>\n<meta property=\"og:url\" content=\"https:\/\/onlinelottospielen24.de\/sl\/\" \/>\n<meta name=\"twitter:card\" content=\"summary_large_image\" \/>\n<meta name=\"twitter:label1\" content=\"Est. reading time\" \/>\n\t<meta name=\"twitter:data1\" content=\"4 minute\" \/>\n<script type=\"application\/ld+json\" class=\"yoast-schema-graph\">{\"@context\":\"https:\\\/\\\/schema.org\",\"@graph\":[{\"@type\":\"WebPage\",\"@id\":\"https:\\\/\\\/onlinelottospielen24.de\\\/sl\\\/\",\"url\":\"https:\\\/\\\/onlinelottospielen24.de\\\/sl\\\/\",\"name\":\"Kako kupiti Powerball\",\"isPartOf\":{\"@id\":\"https:\\\/\\\/onlinelottospielen24.de\\\/sl\\\/de\\\/#website\"},\"datePublished\":\"2025-08-02T16:46:36+00:00\",\"description\":\"Kako kupiti Powerball sre\u010dke na spletu in brez povezave. Vodnik po korakih za Nem\u010dijo: ponudniki, na\u010dini pla\u010dila, davki in nasveti za igranje.\",\"breadcrumb\":{\"@id\":\"https:\\\/\\\/onlinelottospielen24.de\\\/sl\\\/#breadcrumb\"},\"inLanguage\":\"sl-SI\",\"potentialAction\":[{\"@type\":\"ReadAction\",\"target\":[\"https:\\\/\\\/onlinelottospielen24.de\\\/sl\\\/\"]}]},{\"@type\":\"BreadcrumbList\",\"@id\":\"https:\\\/\\\/onlinelottospielen24.de\\\/sl\\\/#breadcrumb\",\"itemListElement\":[{\"@type\":\"ListItem\",\"position\":1,\"name\":\"Home\",\"item\":\"https:\\\/\\\/onlinelottospielen24.de\\\/sl\\\/\"},{\"@type\":\"ListItem\",\"position\":2,\"name\":\"Domov\"}]},{\"@type\":\"WebSite\",\"@id\":\"https:\\\/\\\/onlinelottospielen24.de\\\/sl\\\/de\\\/#website\",\"url\":\"https:\\\/\\\/onlinelottospielen24.de\\\/sl\\\/de\\\/\",\"name\":\"\",\"description\":\"\",\"potentialAction\":[{\"@type\":\"SearchAction\",\"target\":{\"@type\":\"EntryPoint\",\"urlTemplate\":\"https:\\\/\\\/onlinelottospielen24.de\\\/sl\\\/de\\\/?s={search_term_string}\"},\"query-input\":{\"@type\":\"PropertyValueSpecification\",\"valueRequired\":true,\"valueName\":\"search_term_string\"}}],\"inLanguage\":\"sl-SI\"}]}<\/script>\n<!-- \/ Yoast SEO plugin. -->","yoast_head_json":{"title":"Kako kupiti Powerball","description":"Kako kupiti Powerball sre\u010dke na spletu in brez povezave. Vodnik po korakih za Nem\u010dijo: ponudniki, na\u010dini pla\u010dila, davki in nasveti za igranje.","robots":{"index":"index","follow":"follow","max-snippet":"max-snippet:-1","max-image-preview":"max-image-preview:large","max-video-preview":"max-video-preview:-1"},"canonical":"https:\/\/onlinelottospielen24.de\/sl\/","og_locale":"sl_SI","og_type":"article","og_title":"Kako kupiti Powerball","og_description":"Kako kupiti Powerball sre\u010dke na spletu in brez povezave. Vodnik po korakih za Nem\u010dijo: ponudniki, na\u010dini pla\u010dila, davki in nasveti za igranje.","og_url":"https:\/\/onlinelottospielen24.de\/sl\/","twitter_card":"summary_large_image","twitter_misc":{"Est. reading time":"4 minute"},"schema":{"@context":"https:\/\/schema.org","@graph":[{"@type":"WebPage","@id":"https:\/\/onlinelottospielen24.de\/sl\/","url":"https:\/\/onlinelottospielen24.de\/sl\/","name":"Kako kupiti Powerball","isPartOf":{"@id":"https:\/\/onlinelottospielen24.de\/sl\/de\/#website"},"datePublished":"2025-08-02T16:46:36+00:00","description":"Kako kupiti Powerball sre\u010dke na spletu in brez povezave. Vodnik po korakih za Nem\u010dijo: ponudniki, na\u010dini pla\u010dila, davki in nasveti za igranje.","breadcrumb":{"@id":"https:\/\/onlinelottospielen24.de\/sl\/#breadcrumb"},"inLanguage":"sl-SI","potentialAction":[{"@type":"ReadAction","target":["https:\/\/onlinelottospielen24.de\/sl\/"]}]},{"@type":"BreadcrumbList","@id":"https:\/\/onlinelottospielen24.de\/sl\/#breadcrumb","itemListElement":[{"@type":"ListItem","position":1,"name":"Home","item":"https:\/\/onlinelottospielen24.de\/sl\/"},{"@type":"ListItem","position":2,"name":"Domov"}]},{"@type":"WebSite","@id":"https:\/\/onlinelottospielen24.de\/sl\/de\/#website","url":"https:\/\/onlinelottospielen24.de\/sl\/de\/","name":"","description":"","potentialAction":[{"@type":"SearchAction","target":{"@type":"EntryPoint","urlTemplate":"https:\/\/onlinelottospielen24.de\/sl\/de\/?s={search_term_string}"},"query-input":{"@type":"PropertyValueSpecification","valueRequired":true,"valueName":"search_term_string"}}],"inLanguage":"sl-SI"}]}},"_links":{"self":[{"href":"https:\/\/onlinelottospielen24.de\/sl\/wp-json\/wp\/v2\/pages\/242","targetHints":{"allow":["GET"]}}],"collection":[{"href":"https:\/\/onlinelottospielen24.de\/sl\/wp-json\/wp\/v2\/pages"}],"about":[{"href":"https:\/\/onlinelottospielen24.de\/sl\/wp-json\/wp\/v2\/types\/page"}],"author":[{"embeddable":true,"href":"https:\/\/onlinelottospielen24.de\/sl\/wp-json\/wp\/v2\/users\/1"}],"replies":[{"embeddable":true,"href":"https:\/\/onlinelottospielen24.de\/sl\/wp-json\/wp\/v2\/comments?post=242"}],"version-history":[{"count":0,"href":"https:\/\/onlinelottospielen24.de\/sl\/wp-json\/wp\/v2\/pages\/242\/revisions"}],"wp:attachment":[{"href":"https:\/\/onlinelottospielen24.de\/sl\/wp-json\/wp\/v2\/media?parent=242"}],"curies":[{"name":"wp","href":"https:\/\/api.w.org\/{rel}","templated":true}]}}