{"id":241,"date":"2025-08-02T16:46:36","date_gmt":"2025-08-02T16:46:36","guid":{"rendered":"https:\/\/onlinelottospielen24.de\/domov\/"},"modified":"2025-08-02T16:46:36","modified_gmt":"2025-08-02T16:46:36","slug":"domov","status":"publish","type":"page","link":"https:\/\/onlinelottospielen24.de\/sk\/","title":{"rendered":"Domov"},"content":{"rendered":"<h2>Ako k\u00fapi\u0165 tikety Powerball online<\/h2>\n<p>Powerball je mimoriadne popul\u00e1rna lot\u00e9riov\u00e1 hra s vysok\u00fdmi cenami a jackpotmi od 140 mili\u00f3nov dol\u00e1rov do viac ako 300 mili\u00f3nov dol\u00e1rov! V roku 2012 u\u017e sedem \u013eud\u00ed vyhralo jackpot Powerball. Najni\u017e\u0161\u00ed jackpot bol 60 mili\u00f3nov dol\u00e1rov a najvy\u0161\u0161\u00ed 337 mili\u00f3nov dol\u00e1rov! Toto sa m\u00f4\u017ee sta\u0165 aj v\u00e1m! Ak chcete vyhra\u0165 mili\u00f3ny, sta\u010d\u00ed si <strong>k\u00fapi\u0165 tiket Powerball online<\/strong>.<\/p>\n<p><img loading=\"lazy\" decoding=\"async\" style=\"margin: 1px; float: right;\" src=\"images\/powerball_lottery.gif\" alt=\"Powerball lot\u00e9ria\" width=\"250\" height=\"96\" \/>Zatia\u013e \u010do lot\u00e9ria bola p\u00f4vodne ur\u010den\u00e1 pre obyvate\u013eov USA a tikety sa dali k\u00fapi\u0165 v miestnych obchodoch, teraz je mo\u017en\u00e9 k\u00fapi\u0165 si tikety Powerball online! \u010ci u\u017e \u017eijete v USA alebo Austr\u00e1lii, PowerBall m\u00f4\u017eete hra\u0165 kdeko\u013evek na svete!<\/p>\n<p>N\u00e1kup a \u00fa\u010das\u0165 v PowerBall je mo\u017en\u00e1 v\u010faka exkluz\u00edvnej slu\u017ebe, ktor\u00fa poskytuje RedFoxLotto. RedFoxLotto je spolo\u010dnos\u0165 so stovkami distrib\u00fatorov po celom svete, ktor\u00e1 v\u00e1m pom\u00f4\u017ee k\u00fapi\u0165 si ak\u00fako\u013evek lot\u00e9riu, ktor\u00fa chcete.<\/p>\n<p><strong>Predt\u00fdm, ako dostanete svoj \u017ereb, s\u00fa potrebn\u00e9 iba \u0161tyri jednoduch\u00e9 kroky:<\/strong><\/p>\n<ol>\n<li>Vyberte si lot\u00e9riu, ktorej sa chcete z\u00fa\u010dastni\u0165 \u2013 v tomto pr\u00edpade PowerBall \u2013 po kliknut\u00ed na banner na na\u0161ej webovej str\u00e1nke <span style=\"text-decoration: underline;\"><strong><a href=\"https:\/\/redfoxlotto.com\/?ref=A8564250A2&amp;medium=pwb\" target=\"_blank\" rel=\"noopener noreferrer\">alebo jednoducho kliknite sem<\/a><\/strong><\/span><\/li>\n<li>Jeden z mnoh\u00fdch miestnych predajn\u00fdch partnerov RedFoxLotto zak\u00fapi \u017ereb za v\u00e1s.<\/li>\n<li>\u017dreb sa potom zobraz\u00ed vo va\u0161om \u00fa\u010dte.<\/li>\n<li>Po dokon\u010den\u00ed \u017erebovania a ak vyhr\u00e1te, dostanete \u010fal\u0161\u00ed e-mail s inform\u00e1ciami o tom, ako si vybra\u0165 svoju v\u00fdhru.<\/li>\n<li>V\u0161etky v\u00fdhry do 2 500 \u20ac bud\u00fa prip\u00edsan\u00e9 na v\u00e1\u0161 z\u00e1kazn\u00edcky \u00fa\u010det. A pre v\u00e4\u010d\u0161ie v\u00fdhry v\u00e1m RedFoxLotto pom\u00f4\u017ee z\u00edska\u0165 v\u00e1\u0161 \u0161ek. Za t\u00fato slu\u017ebu sa ne\u00fa\u010dtuj\u00fa \u017eiadne \u010fal\u0161ie poplatky!<\/li>\n<\/ol>\n<p>T\u00fato exkluz\u00edvnu slu\u017ebu vyu\u017e\u00edvaj\u00fa tis\u00edce \u013eud\u00ed na celom svete. Ak sa ob\u00e1vate, \u010do by sa stalo, keby ste vyhrali jackpot, nebojte sa. T\u00e1to spolo\u010dnos\u0165 je nielen \u00faplne seri\u00f3zna a legit\u00edmna, ale v\u00e1\u0161 tiket bude nies\u0165 aj va\u0161e meno, \u010d\u00edm sa eliminuj\u00fa chyby a podvody.<\/p>\n<p>Prostredn\u00edctvom tejto slu\u017eby si m\u00f4\u017eete k\u00fapi\u0165 nielen lot\u00e9rie PowerBall, ale aj tikety Euromillions, z\u00fa\u010dastni\u0165 sa El Gordo a SuperEnalotto a z\u00fa\u010dastni\u0165 sa mnoh\u00fdch \u010fal\u0161\u00edch medzin\u00e1rodn\u00fdch lot\u00e9ri\u00ed. Bez oh\u013eadu na to, kde na svete \u017eijete, m\u00f4\u017eete sa z\u00fa\u010dast\u0148ova\u0165 zahrani\u010dn\u00fdch lot\u00e9ri\u00ed tak \u010dasto a kedyko\u013evek chcete.<\/p>\n<h2>S\u00fa\u0165a\u017ee<\/h2>\n<p>S\u00fa\u0165a\u017ee sa konaj\u00fa dvakr\u00e1t t\u00fd\u017edenne \u2013 ka\u017ed\u00fa stredu a sobotu ve\u010der o 22:59 v\u00fdchodn\u00e9ho \u010dasu. Tikety je mo\u017en\u00e9 zak\u00fapi\u0165 do poslednej hodiny \u017erebovania, \u010do znamen\u00e1, \u017ee predaj kon\u010d\u00ed 59 min\u00fat pred za\u010diatkom \u017erebovania. Na online n\u00e1kup tiketu po\u010d\u00edtajte aspo\u0148 dve hodiny, aby RedFoxLotto mohol spracova\u0165 va\u0161u objedn\u00e1vku tiketu Powerball.<br \/>\nV\u00fdhercovia a \u0161\u0165astn\u00e9 \u010d\u00edsla sa ur\u010dia vy\u017erebovan\u00edm piatich bielych guli\u010diek z bubna, ktor\u00fd obsahuje celkovo 59 guli\u010diek. Novinkou je \u010derven\u00e1 guli\u010dka vy\u017erebovan\u00e1 zo samostatn\u00e9ho bubna, ktor\u00fd obsahuje 35 \u010derven\u00fdch guli\u010diek.<\/p>\n<h2>Sp\u00f4soby v\u00fdhry<\/h2>\n<p>Lot\u00e9ria Powerball pon\u00faka dev\u00e4\u0165 r\u00f4znych sp\u00f4sobov v\u00fdhry. Hlavn\u00fa cenu, ve\u013ek\u00fd jackpot, vyhr\u00e1te, ak sa na va\u0161om tikete zhoduje v\u0161etk\u00fdch p\u00e4\u0165 bielych \u010d\u00edsel a \u010derven\u00e1 guli\u010dka, zn\u00e1ma aj ako \u201ePowerball\u201c. Ak vyhr\u00e1te jackpot, m\u00f4\u017eete z\u00edska\u0165 bu\u010f jednorazov\u00fa sumu okam\u017eite, alebo cel\u00fd jackpot ro\u010dne po\u010das 29 rokov. Aj ke\u010f sa to m\u00f4\u017ee zda\u0165 ako dlh\u00e1 doba, sme si ist\u00ed, \u017ee budete viac ne\u017e spokojn\u00ed s ro\u010dnou v\u00fdplatou pribli\u017ene 10 mili\u00f3nov dol\u00e1rov!<\/p>\n<p>\u0160anca na v\u00fdhru v lot\u00e9rii PowerBall je pribli\u017ene 1 ku 32. Vyhra\u0165 m\u00f4\u017eete nasleduj\u00facimi sp\u00f4sobmi:<\/p>\n<ul>\n<li>5 bielych guli\u010diek + PowerBall vyhr\u00e1va jackpot<\/li>\n<li>5 bielych guli\u010diek vyhr\u00e1va 1 mili\u00f3n dol\u00e1rov<\/li>\n<li>4 biele guli\u010dky + PowerBall vyhr\u00e1va 10 000 dol\u00e1rov<\/li>\n<li>4 biele guli\u010dky vyhr\u00e1vaj\u00fa 100 dol\u00e1rov<\/li>\n<li>3 biele guli\u010dky + PowerBall vyhr\u00e1vaj\u00fa 100 dol\u00e1rov<\/li>\n<li>3 biele guli\u010dky vyhr\u00e1vaj\u00fa 7 dol\u00e1rov<\/li>\n<li>2 biele guli\u010dky + PowerBall vyhr\u00e1vaj\u00fa 7 dol\u00e1rov<\/li>\n<li>1 biela guli\u010dka + PowerBall vyhr\u00e1va 7 dol\u00e1rov<\/li>\n<li>Samotn\u00fd PowerBall vyhr\u00e1va 4 dol\u00e1re<\/li>\n<\/ul>\n<p>K dispoz\u00edcii je aj \u010fal\u0161ia funkcia: Ak aktivujete funkciu PowerPlay, m\u00f4\u017eete hra\u0165 p\u00f4vodn\u00fa funkciu Zv\u00fd\u0161te v\u00fdhern\u00fa sumu. Ak v\u00e1\u0161 tiket obsahuje v\u00fdhern\u00fa kombin\u00e1ciu 5+0, va\u0161a v\u00fdhra bude 2 mili\u00f3ny dol\u00e1rov namiesto 1 mili\u00f3na dol\u00e1rov. Funkcia PowerPlayPri k\u00fape tiketu je potrebn\u00e9 vybra\u0165 funkciu hry.<\/p>\n<h2>Kde m\u00f4\u017eem hra\u0165?<\/h2>\n<p>PowerBall je najob\u013e\u00fabenej\u0161ia lot\u00e9riov\u00e1 hra v Amerike a mo\u017eno ju hra\u0165 v 42 \u0161t\u00e1toch po celej krajine. Hr\u00e1 sa aj vo Washingtone, D.C. a na Americk\u00fdch Panensk\u00fdch ostrovoch. Existuje osem \u0161t\u00e1tov, ktor\u00e9 svojim obyvate\u013eom neumo\u017e\u0148uj\u00fa \u00fa\u010das\u0165 na tejto lot\u00e9rii: Nevada, Kalifornia, Utah, Mississippi, Wyoming, Alabama, Havaj a Alja\u0161ka.<\/p>\n<p>Ako v\u0161ak bolo spomenut\u00e9 na za\u010diatku tohto \u010dl\u00e1nku, PowerBall je mo\u017en\u00e9 hra\u0165 aj mimo USA a ako ob\u010dan USA, alebo v \u0161t\u00e1te USA, kde si lot\u00e9riu nem\u00f4\u017eete k\u00fapi\u0165 v obchode. RedFoxLotto to umo\u017e\u0148uje ka\u017ed\u00e9mu. <strong><span style=\"text-decoration: underline;\"><a href=\"https:\/\/redfoxlotto.com\/?ref=A8564250A2&amp;medium=pwb\" target=\"_blank\" rel=\"noopener noreferrer\">Z\u00edskajte svoj lot\u00e9riov\u00fd tiket PowerBall online teraz!<\/a><\/span><\/strong><\/p>\n","protected":false},"excerpt":{"rendered":"<p>Ako k\u00fapi\u0165 tikety Powerball online Powerball je mimoriadne popul\u00e1rna lot\u00e9riov\u00e1 hra s vysok\u00fdmi cenami a jackpotmi od 140 mili\u00f3nov dol\u00e1rov do viac ako 300 mili\u00f3nov dol\u00e1rov! V roku 2012 u\u017e sedem \u013eud\u00ed vyhralo jackpot Powerball. Najni\u017e\u0161\u00ed jackpot bol 60 mili\u00f3nov dol\u00e1rov a najvy\u0161\u0161\u00ed 337 mili\u00f3nov dol\u00e1rov! Toto sa m\u00f4\u017ee sta\u0165 aj v\u00e1m! Ak chcete vyhra\u0165 &hellip; <\/p>\n<p class=\"link-more\"><a href=\"https:\/\/onlinelottospielen24.de\/sk\/\" class=\"more-link\">Read more<span class=\"screen-reader-text\"> &#8222;Domov&#8220;<\/span><\/a><\/p>\n","protected":false},"author":1,"featured_media":0,"parent":0,"menu_order":0,"comment_status":"closed","ping_status":"closed","template":"","meta":{"footnotes":""},"class_list":["post-241","page","type-page","status-publish","hentry"],"yoast_head":"<!-- This site is optimized with the Yoast SEO plugin v27.3 - https:\/\/yoast.com\/product\/yoast-seo-wordpress\/ -->\n<title>Ako k\u00fapi\u0165 Powerball<\/title>\n<meta name=\"description\" content=\"Ako k\u00fapi\u0165 tikety Powerball online a offline. Podrobn\u00fd n\u00e1vod pre Nemecko: poskytovatelia, sp\u00f4soby platby, dane a tipy na hranie.\" \/>\n<meta name=\"robots\" content=\"index, follow, max-snippet:-1, max-image-preview:large, max-video-preview:-1\" \/>\n<link rel=\"canonical\" href=\"https:\/\/onlinelottospielen24.de\/sk\/\" \/>\n<meta property=\"og:locale\" content=\"sk_SK\" \/>\n<meta property=\"og:type\" content=\"article\" \/>\n<meta property=\"og:title\" content=\"Ako k\u00fapi\u0165 Powerball\" \/>\n<meta property=\"og:description\" content=\"Ako k\u00fapi\u0165 tikety Powerball online a offline. Podrobn\u00fd n\u00e1vod pre Nemecko: poskytovatelia, sp\u00f4soby platby, dane a tipy na hranie.\" \/>\n<meta property=\"og:url\" content=\"https:\/\/onlinelottospielen24.de\/sk\/\" \/>\n<meta name=\"twitter:card\" content=\"summary_large_image\" \/>\n<meta name=\"twitter:label1\" content=\"Predpokladan\u00fd \u010das \u010d\u00edtania\" \/>\n\t<meta name=\"twitter:data1\" content=\"4 min\u00faty\" \/>\n<script type=\"application\/ld+json\" class=\"yoast-schema-graph\">{\"@context\":\"https:\\\/\\\/schema.org\",\"@graph\":[{\"@type\":\"WebPage\",\"@id\":\"https:\\\/\\\/onlinelottospielen24.de\\\/sk\\\/\",\"url\":\"https:\\\/\\\/onlinelottospielen24.de\\\/sk\\\/\",\"name\":\"Ako k\u00fapi\u0165 Powerball\",\"isPartOf\":{\"@id\":\"https:\\\/\\\/onlinelottospielen24.de\\\/sk\\\/de\\\/#website\"},\"datePublished\":\"2025-08-02T16:46:36+00:00\",\"description\":\"Ako k\u00fapi\u0165 tikety Powerball online a offline. Podrobn\u00fd n\u00e1vod pre Nemecko: poskytovatelia, sp\u00f4soby platby, dane a tipy na hranie.\",\"breadcrumb\":{\"@id\":\"https:\\\/\\\/onlinelottospielen24.de\\\/sk\\\/#breadcrumb\"},\"inLanguage\":\"sk-SK\",\"potentialAction\":[{\"@type\":\"ReadAction\",\"target\":[\"https:\\\/\\\/onlinelottospielen24.de\\\/sk\\\/\"]}]},{\"@type\":\"BreadcrumbList\",\"@id\":\"https:\\\/\\\/onlinelottospielen24.de\\\/sk\\\/#breadcrumb\",\"itemListElement\":[{\"@type\":\"ListItem\",\"position\":1,\"name\":\"Home\",\"item\":\"https:\\\/\\\/onlinelottospielen24.de\\\/sk\\\/\"},{\"@type\":\"ListItem\",\"position\":2,\"name\":\"Domov\"}]},{\"@type\":\"WebSite\",\"@id\":\"https:\\\/\\\/onlinelottospielen24.de\\\/sk\\\/de\\\/#website\",\"url\":\"https:\\\/\\\/onlinelottospielen24.de\\\/sk\\\/de\\\/\",\"name\":\"\",\"description\":\"\",\"potentialAction\":[{\"@type\":\"SearchAction\",\"target\":{\"@type\":\"EntryPoint\",\"urlTemplate\":\"https:\\\/\\\/onlinelottospielen24.de\\\/sk\\\/de\\\/?s={search_term_string}\"},\"query-input\":{\"@type\":\"PropertyValueSpecification\",\"valueRequired\":true,\"valueName\":\"search_term_string\"}}],\"inLanguage\":\"sk-SK\"}]}<\/script>\n<!-- \/ Yoast SEO plugin. -->","yoast_head_json":{"title":"Ako k\u00fapi\u0165 Powerball","description":"Ako k\u00fapi\u0165 tikety Powerball online a offline. Podrobn\u00fd n\u00e1vod pre Nemecko: poskytovatelia, sp\u00f4soby platby, dane a tipy na hranie.","robots":{"index":"index","follow":"follow","max-snippet":"max-snippet:-1","max-image-preview":"max-image-preview:large","max-video-preview":"max-video-preview:-1"},"canonical":"https:\/\/onlinelottospielen24.de\/sk\/","og_locale":"sk_SK","og_type":"article","og_title":"Ako k\u00fapi\u0165 Powerball","og_description":"Ako k\u00fapi\u0165 tikety Powerball online a offline. Podrobn\u00fd n\u00e1vod pre Nemecko: poskytovatelia, sp\u00f4soby platby, dane a tipy na hranie.","og_url":"https:\/\/onlinelottospielen24.de\/sk\/","twitter_card":"summary_large_image","twitter_misc":{"Predpokladan\u00fd \u010das \u010d\u00edtania":"4 min\u00faty"},"schema":{"@context":"https:\/\/schema.org","@graph":[{"@type":"WebPage","@id":"https:\/\/onlinelottospielen24.de\/sk\/","url":"https:\/\/onlinelottospielen24.de\/sk\/","name":"Ako k\u00fapi\u0165 Powerball","isPartOf":{"@id":"https:\/\/onlinelottospielen24.de\/sk\/de\/#website"},"datePublished":"2025-08-02T16:46:36+00:00","description":"Ako k\u00fapi\u0165 tikety Powerball online a offline. Podrobn\u00fd n\u00e1vod pre Nemecko: poskytovatelia, sp\u00f4soby platby, dane a tipy na hranie.","breadcrumb":{"@id":"https:\/\/onlinelottospielen24.de\/sk\/#breadcrumb"},"inLanguage":"sk-SK","potentialAction":[{"@type":"ReadAction","target":["https:\/\/onlinelottospielen24.de\/sk\/"]}]},{"@type":"BreadcrumbList","@id":"https:\/\/onlinelottospielen24.de\/sk\/#breadcrumb","itemListElement":[{"@type":"ListItem","position":1,"name":"Home","item":"https:\/\/onlinelottospielen24.de\/sk\/"},{"@type":"ListItem","position":2,"name":"Domov"}]},{"@type":"WebSite","@id":"https:\/\/onlinelottospielen24.de\/sk\/de\/#website","url":"https:\/\/onlinelottospielen24.de\/sk\/de\/","name":"","description":"","potentialAction":[{"@type":"SearchAction","target":{"@type":"EntryPoint","urlTemplate":"https:\/\/onlinelottospielen24.de\/sk\/de\/?s={search_term_string}"},"query-input":{"@type":"PropertyValueSpecification","valueRequired":true,"valueName":"search_term_string"}}],"inLanguage":"sk-SK"}]}},"_links":{"self":[{"href":"https:\/\/onlinelottospielen24.de\/sk\/wp-json\/wp\/v2\/pages\/241","targetHints":{"allow":["GET"]}}],"collection":[{"href":"https:\/\/onlinelottospielen24.de\/sk\/wp-json\/wp\/v2\/pages"}],"about":[{"href":"https:\/\/onlinelottospielen24.de\/sk\/wp-json\/wp\/v2\/types\/page"}],"author":[{"embeddable":true,"href":"https:\/\/onlinelottospielen24.de\/sk\/wp-json\/wp\/v2\/users\/1"}],"replies":[{"embeddable":true,"href":"https:\/\/onlinelottospielen24.de\/sk\/wp-json\/wp\/v2\/comments?post=241"}],"version-history":[{"count":0,"href":"https:\/\/onlinelottospielen24.de\/sk\/wp-json\/wp\/v2\/pages\/241\/revisions"}],"wp:attachment":[{"href":"https:\/\/onlinelottospielen24.de\/sk\/wp-json\/wp\/v2\/media?parent=241"}],"curies":[{"name":"wp","href":"https:\/\/api.w.org\/{rel}","templated":true}]}}