{"id":238,"date":"2025-08-02T16:46:36","date_gmt":"2025-08-02T16:46:36","guid":{"rendered":"https:\/\/onlinelottospielen24.de\/casa\/"},"modified":"2025-08-02T16:46:36","modified_gmt":"2025-08-02T16:46:36","slug":"casa","status":"publish","type":"page","link":"https:\/\/onlinelottospielen24.de\/pt-pt\/","title":{"rendered":"Casa"},"content":{"rendered":"<h2>Como Comprar Bilhetes Powerball Online<\/h2>\n<p>A Powerball \u00e9 uma lotaria extremamente popular, com pr\u00e9mios e jackpots alt\u00edssimos que variam entre os 140 milh\u00f5es de d\u00f3lares e mais de 300 milh\u00f5es de d\u00f3lares! Sete pessoas j\u00e1 ganharam o pr\u00e9mio principal da Powerball em 2012. O pr\u00e9mio mais baixo foi de 60 milh\u00f5es de d\u00f3lares e o maior, de 337 milh\u00f5es de d\u00f3lares! Isto tamb\u00e9m pode acontecer consigo! Para ganhar milh\u00f5es, basta <strong>comprar um bilhete da Powerball online<\/strong>.<\/p>\n<p><img loading=\"lazy\" decoding=\"async\" style=\"margin: 1px; float: right;\" src=\"images\/powerball_lottery.gif\" alt=\"Lotaria Powerball\" width=\"250\" height=\"96\" \/>Embora a lotaria tenha sido originalmente destinada a residentes nos EUA e os bilhetes pudessem ser comprados em lojas locais, agora \u00e9 poss\u00edvel comprar bilhetes da Powerball online! Seja nos EUA ou na Austr\u00e1lia, podes jogar na PowerBall em qualquer parte do mundo!<\/p>\n<p>Comprar e aderir \u00e0 PowerBall \u00e9 poss\u00edvel gra\u00e7as ao servi\u00e7o exclusivo oferecido pela RedFoxLotto. A RedFoxLotto \u00e9 uma empresa com centenas de distribuidores em todo o mundo, ajudando-o a comprar qualquer lotaria que desejar.<\/p>\n<p><strong>S\u00e3o necess\u00e1rios apenas quatro passos simples para receber o seu bilhete de lotaria:<\/strong><\/p>\n<ol>\n<li>Selecione a lotaria em que pretende participar \u2013 neste caso, a PowerBall \u2013 ap\u00f3s clicar no banner no nosso site <span style=\"text-decoration: underline;\"><strong><a href=\"https:\/\/redfoxlotto.com\/?ref=A8564250A2&amp;medium=pwb\" target=\"_blank\" rel=\"noopener noreferrer\">ou simplesmente clique aqui<\/a><\/strong><\/span><\/li>\n<li>Um dos muitos parceiros de vendas locais da RedFoxLotto comprar\u00e1 um bilhete em seu nome.<\/li>\n<li>O bilhete aparecer\u00e1 na sua conta.<\/li>\n<li>Ap\u00f3s a conclus\u00e3o do sorteio, e caso ganhe, receber\u00e1 outro e-mail com informa\u00e7\u00f5es sobre como levantar os seus ganhos.<\/li>\n<li>Quaisquer ganhos abaixo de 2.500 \u20ac ser\u00e3o creditados na sua conta de cliente. E para ganhos maiores, a RedFoxLotto ir\u00e1 ajud\u00e1-lo a receber o seu cheque. N\u00e3o h\u00e1 qualquer custo adicional por este servi\u00e7o!<\/li>\n<\/ol>\n<p>Este servi\u00e7o exclusivo \u00e9 utilizado por milhares de pessoas em todo o mundo. Se est\u00e1 preocupado com o que aconteceria se ganhasse um pr\u00e9mio m\u00e1ximo, n\u00e3o se preocupe. Al\u00e9m de ser uma empresa totalmente fi\u00e1vel e leg\u00edtima, o seu bilhete ter\u00e1 tamb\u00e9m o seu nome, eliminando erros e fraudes.<\/p>\n<p>N\u00e3o s\u00f3 pode comprar lotarias PowerBall atrav\u00e9s deste servi\u00e7o, como tamb\u00e9m comprar bilhetes do Euromilh\u00f5es, participar no El Gordo e na Superenalotto e participar em in\u00fameras outras lotarias internacionais. N\u00e3o importa onde vive no mundo, pode participar em lotarias estrangeiras com a frequ\u00eancia e a hora que quiser.<\/p>\n<h2>Sorteios<\/h2>\n<p>Os sorteios decorrem duas vezes por semana \u2014 todas as quartas-feiras e s\u00e1bados \u00e0 noite, \u00e0s 22h59, hora do leste dos EUA. Os bilhetes podem ser adquiridos at\u00e9 \u00e0 \u00faltima hora do sorteio, o que significa que as vendas terminam 59 minutos antes do in\u00edcio do sorteio. Aguarde pelo menos duas horas para a compra do seu bilhete online para que a RedFoxLotto possa processar o seu pedido de bilhete Powerball.<br \/>\nOs vencedores e os n\u00fameros da sorte s\u00e3o determinados pelo sorteio de cinco bolas brancas de um tambor contendo um total de 59 bolas. Uma nova adi\u00e7\u00e3o \u00e9 uma bola vermelha retirada de um tambor separado contendo 35 bolas vermelhas.<\/p>\n<h2>Formas de Ganhar<\/h2>\n<p>A lotaria Powerball oferece nove formas diferentes de ganhar. Ganha o pr\u00e9mio principal, o grande pr\u00e9mio acumulado, se o seu bilhete acertar em todos os cinco n\u00fameros brancos e na bola vermelha, tamb\u00e9m conhecido como &#8220;Powerball&#8221;. Se ganhar o pr\u00e9mio acumulado, poder\u00e1 receber um montante fixo imediatamente ou o pr\u00e9mio total anualmente durante 29 anos. Embora possa parecer muito tempo, temos a certeza de que ficar\u00e1 mais do que satisfeito com um pagamento anual de aproximadamente 10 milh\u00f5es de d\u00f3lares!<\/p>\n<p>As probabilidades de ganhar na lotaria PowerBall s\u00e3o de aproximadamente 1 em 32. Pode ganhar das seguintes formas:<\/p>\n<ul>\n<li>5 bolas brancas + a PowerBall vencem o pr\u00e9mio principal<\/li>\n<li>5 bolas brancas rendem 1 milh\u00e3o de d\u00f3lares<\/li>\n<li>4 bolas brancas + a PowerBall ganham 10.000 d\u00f3lares<\/li>\n<li>4 bolas brancas ganham 100 d\u00f3lares<\/li>\n<li>3 bolas brancas + a PowerBall ganham 100 d\u00f3lares<\/li>\n<li>3 bolas brancas ganham 7 d\u00f3lares<\/li>\n<li>2 bolas brancas + a PowerBall ganham 7 d\u00f3lares<\/li>\n<li>1 bola branca + a PowerBall ganha 7 d\u00f3lares<\/li>\n<li>S\u00f3 a PowerBall ganha 4 d\u00f3lares<\/li>\n<\/ul>\n<p>H\u00e1 tamb\u00e9m uma funcionalidade adicional: se ativar a funcionalidade PowerPlay, pode jogar a vers\u00e3o original. Aumente o valor do pr\u00e9mio. Se o seu bilhete contiver a combina\u00e7\u00e3o vencedora 5+0, os seus ganhos ser\u00e3o de 2 milh\u00f5es de d\u00f3lares em vez de 1 milh\u00e3o de d\u00f3lares. O PowerPlayA op\u00e7\u00e3o de jogar deve ser selecionada ao comprar o seu bilhete.<\/p>\n<h2>Onde posso jogar?<\/h2>\n<p>A PowerBall \u00e9 a lotaria mais popular dos Estados Unidos e pode ser jogada em 42 estados do pa\u00eds. Tamb\u00e9m \u00e9 jogada em Washington, D.C., e nas Ilhas Virgens Americanas. H\u00e1 oito estados que n\u00e3o permitem que os seus residentes participem nesta lotaria: Nevada, Calif\u00f3rnia, Utah, Mississipi, Wyoming, Alabama, Havai e Alasca.<\/p>\n<p>No entanto, como referido no in\u00edcio deste artigo, tamb\u00e9m \u00e9 poss\u00edvel jogar na PowerBall fora dos EUA e como cidad\u00e3o estrangeiro, ou num estado americano onde n\u00e3o seja poss\u00edvel comprar na lotaria numa loja. A RedFoxLotto torna isso poss\u00edvel para todos. <strong><span style=\"text-decoration: underline;\"><a href=\"https:\/\/redfoxlotto.com\/?ref=A8564250A2&amp;medium=pwb\" target=\"_blank\" rel=\"noopener noreferrer\">Compre j\u00e1 o seu bilhete de lotaria PowerBall online!<\/a><\/span><\/strong><\/p>\n","protected":false},"excerpt":{"rendered":"<p>Como Comprar Bilhetes Powerball Online A Powerball \u00e9 uma lotaria extremamente popular, com pr\u00e9mios e jackpots alt\u00edssimos que variam entre os 140 milh\u00f5es de d\u00f3lares e mais de 300 milh\u00f5es de d\u00f3lares! Sete pessoas j\u00e1 ganharam o pr\u00e9mio principal da Powerball em 2012. O pr\u00e9mio mais baixo foi de 60 milh\u00f5es de d\u00f3lares e o &hellip; <\/p>\n<p class=\"link-more\"><a href=\"https:\/\/onlinelottospielen24.de\/pt-pt\/\" class=\"more-link\">Read more<span class=\"screen-reader-text\"> &#8220;Casa&#8221;<\/span><\/a><\/p>\n","protected":false},"author":1,"featured_media":0,"parent":0,"menu_order":0,"comment_status":"closed","ping_status":"closed","template":"","meta":{"footnotes":""},"class_list":["post-238","page","type-page","status-publish","hentry"],"yoast_head":"<!-- This site is optimized with the Yoast SEO plugin v27.3 - https:\/\/yoast.com\/product\/yoast-seo-wordpress\/ -->\n<title>Como comprar Powerball<\/title>\n<meta name=\"description\" content=\"Como comprar bilhetes da Powerball online e offline. Um guia passo a passo para a Alemanha: fornecedores, m\u00e9todos de pagamento, impostos e dicas para jogar.\" \/>\n<meta name=\"robots\" content=\"index, follow, max-snippet:-1, max-image-preview:large, max-video-preview:-1\" \/>\n<link rel=\"canonical\" href=\"https:\/\/onlinelottospielen24.de\/pt-pt\/\" \/>\n<meta property=\"og:locale\" content=\"pt_PT\" \/>\n<meta property=\"og:type\" content=\"article\" \/>\n<meta property=\"og:title\" content=\"Como comprar Powerball\" \/>\n<meta property=\"og:description\" content=\"Como comprar bilhetes da Powerball online e offline. Um guia passo a passo para a Alemanha: fornecedores, m\u00e9todos de pagamento, impostos e dicas para jogar.\" \/>\n<meta property=\"og:url\" content=\"https:\/\/onlinelottospielen24.de\/pt-pt\/\" \/>\n<meta name=\"twitter:card\" content=\"summary_large_image\" \/>\n<meta name=\"twitter:label1\" content=\"Tempo estimado de leitura\" \/>\n\t<meta name=\"twitter:data1\" content=\"4 minutos\" \/>\n<script type=\"application\/ld+json\" class=\"yoast-schema-graph\">{\"@context\":\"https:\\\/\\\/schema.org\",\"@graph\":[{\"@type\":\"WebPage\",\"@id\":\"https:\\\/\\\/onlinelottospielen24.de\\\/pt-pt\\\/\",\"url\":\"https:\\\/\\\/onlinelottospielen24.de\\\/pt-pt\\\/\",\"name\":\"Como comprar Powerball\",\"isPartOf\":{\"@id\":\"https:\\\/\\\/onlinelottospielen24.de\\\/pt-pt\\\/de\\\/#website\"},\"datePublished\":\"2025-08-02T16:46:36+00:00\",\"description\":\"Como comprar bilhetes da Powerball online e offline. Um guia passo a passo para a Alemanha: fornecedores, m\u00e9todos de pagamento, impostos e dicas para jogar.\",\"breadcrumb\":{\"@id\":\"https:\\\/\\\/onlinelottospielen24.de\\\/pt-pt\\\/#breadcrumb\"},\"inLanguage\":\"pt-PT\",\"potentialAction\":[{\"@type\":\"ReadAction\",\"target\":[\"https:\\\/\\\/onlinelottospielen24.de\\\/pt-pt\\\/\"]}]},{\"@type\":\"BreadcrumbList\",\"@id\":\"https:\\\/\\\/onlinelottospielen24.de\\\/pt-pt\\\/#breadcrumb\",\"itemListElement\":[{\"@type\":\"ListItem\",\"position\":1,\"name\":\"Home\",\"item\":\"https:\\\/\\\/onlinelottospielen24.de\\\/pt-pt\\\/\"},{\"@type\":\"ListItem\",\"position\":2,\"name\":\"Casa\"}]},{\"@type\":\"WebSite\",\"@id\":\"https:\\\/\\\/onlinelottospielen24.de\\\/pt-pt\\\/de\\\/#website\",\"url\":\"https:\\\/\\\/onlinelottospielen24.de\\\/pt-pt\\\/de\\\/\",\"name\":\"\",\"description\":\"\",\"potentialAction\":[{\"@type\":\"SearchAction\",\"target\":{\"@type\":\"EntryPoint\",\"urlTemplate\":\"https:\\\/\\\/onlinelottospielen24.de\\\/pt-pt\\\/de\\\/?s={search_term_string}\"},\"query-input\":{\"@type\":\"PropertyValueSpecification\",\"valueRequired\":true,\"valueName\":\"search_term_string\"}}],\"inLanguage\":\"pt-PT\"}]}<\/script>\n<!-- \/ Yoast SEO plugin. -->","yoast_head_json":{"title":"Como comprar Powerball","description":"Como comprar bilhetes da Powerball online e offline. Um guia passo a passo para a Alemanha: fornecedores, m\u00e9todos de pagamento, impostos e dicas para jogar.","robots":{"index":"index","follow":"follow","max-snippet":"max-snippet:-1","max-image-preview":"max-image-preview:large","max-video-preview":"max-video-preview:-1"},"canonical":"https:\/\/onlinelottospielen24.de\/pt-pt\/","og_locale":"pt_PT","og_type":"article","og_title":"Como comprar Powerball","og_description":"Como comprar bilhetes da Powerball online e offline. Um guia passo a passo para a Alemanha: fornecedores, m\u00e9todos de pagamento, impostos e dicas para jogar.","og_url":"https:\/\/onlinelottospielen24.de\/pt-pt\/","twitter_card":"summary_large_image","twitter_misc":{"Tempo estimado de leitura":"4 minutos"},"schema":{"@context":"https:\/\/schema.org","@graph":[{"@type":"WebPage","@id":"https:\/\/onlinelottospielen24.de\/pt-pt\/","url":"https:\/\/onlinelottospielen24.de\/pt-pt\/","name":"Como comprar Powerball","isPartOf":{"@id":"https:\/\/onlinelottospielen24.de\/pt-pt\/de\/#website"},"datePublished":"2025-08-02T16:46:36+00:00","description":"Como comprar bilhetes da Powerball online e offline. Um guia passo a passo para a Alemanha: fornecedores, m\u00e9todos de pagamento, impostos e dicas para jogar.","breadcrumb":{"@id":"https:\/\/onlinelottospielen24.de\/pt-pt\/#breadcrumb"},"inLanguage":"pt-PT","potentialAction":[{"@type":"ReadAction","target":["https:\/\/onlinelottospielen24.de\/pt-pt\/"]}]},{"@type":"BreadcrumbList","@id":"https:\/\/onlinelottospielen24.de\/pt-pt\/#breadcrumb","itemListElement":[{"@type":"ListItem","position":1,"name":"Home","item":"https:\/\/onlinelottospielen24.de\/pt-pt\/"},{"@type":"ListItem","position":2,"name":"Casa"}]},{"@type":"WebSite","@id":"https:\/\/onlinelottospielen24.de\/pt-pt\/de\/#website","url":"https:\/\/onlinelottospielen24.de\/pt-pt\/de\/","name":"","description":"","potentialAction":[{"@type":"SearchAction","target":{"@type":"EntryPoint","urlTemplate":"https:\/\/onlinelottospielen24.de\/pt-pt\/de\/?s={search_term_string}"},"query-input":{"@type":"PropertyValueSpecification","valueRequired":true,"valueName":"search_term_string"}}],"inLanguage":"pt-PT"}]}},"_links":{"self":[{"href":"https:\/\/onlinelottospielen24.de\/pt-pt\/wp-json\/wp\/v2\/pages\/238","targetHints":{"allow":["GET"]}}],"collection":[{"href":"https:\/\/onlinelottospielen24.de\/pt-pt\/wp-json\/wp\/v2\/pages"}],"about":[{"href":"https:\/\/onlinelottospielen24.de\/pt-pt\/wp-json\/wp\/v2\/types\/page"}],"author":[{"embeddable":true,"href":"https:\/\/onlinelottospielen24.de\/pt-pt\/wp-json\/wp\/v2\/users\/1"}],"replies":[{"embeddable":true,"href":"https:\/\/onlinelottospielen24.de\/pt-pt\/wp-json\/wp\/v2\/comments?post=238"}],"version-history":[{"count":0,"href":"https:\/\/onlinelottospielen24.de\/pt-pt\/wp-json\/wp\/v2\/pages\/238\/revisions"}],"wp:attachment":[{"href":"https:\/\/onlinelottospielen24.de\/pt-pt\/wp-json\/wp\/v2\/media?parent=238"}],"curies":[{"name":"wp","href":"https:\/\/api.w.org\/{rel}","templated":true}]}}