{"id":237,"date":"2025-08-02T16:46:36","date_gmt":"2025-08-02T16:46:36","guid":{"rendered":"https:\/\/onlinelottospielen24.de\/dom\/"},"modified":"2025-08-02T16:46:36","modified_gmt":"2025-08-02T16:46:36","slug":"dom","status":"publish","type":"page","link":"https:\/\/onlinelottospielen24.de\/pl\/","title":{"rendered":"Dom"},"content":{"rendered":"<h2>Jak kupi\u0107 losy Powerball online<\/h2>\n<p>Powerball to niezwykle popularna loteria z wysokimi nagrodami i jackpotami od 140 milion\u00f3w do ponad 300 milion\u00f3w dolar\u00f3w! Siedem os\u00f3b wygra\u0142o ju\u017c g\u0142\u00f3wn\u0105 wygran\u0105 Powerball w 2012 roku. Najni\u017csza wygrana wynios\u0142a 60 milion\u00f3w dolar\u00f3w, a najwy\u017csza 337 milion\u00f3w dolar\u00f3w! To samo mo\u017ce spotka\u0107 i Ciebie! Aby wygra\u0107 miliony, wystarczy <strong>kupi\u0107 los Powerball online<\/strong>.<\/p>\n<p><img loading=\"lazy\" decoding=\"async\" style=\"margin: 1px; float: right;\" src=\"images\/powerball_lottery.gif\" alt=\"Loteria Powerball\" width=\"250\" height=\"96\" \/>Chocia\u017c loteria pierwotnie by\u0142a przeznaczona dla mieszka\u0144c\u00f3w USA, a losy mo\u017cna by\u0142o kupi\u0107 w lokalnych sklepach, teraz mo\u017cna kupi\u0107 losy Powerball online! Niezale\u017cnie od tego, czy mieszkasz w USA, czy w Australii, mo\u017cesz gra\u0107 w Powerball w dowolnym miejscu na \u015bwiecie!<\/p>\n<p>Zakup i udzia\u0142 w loterii PowerBall jest mo\u017cliwy dzi\u0119ki ekskluzywnej us\u0142udze oferowanej przez RedFoxLotto. RedFoxLotto to firma z setkami dystrybutor\u00f3w na ca\u0142ym \u015bwiecie, kt\u00f3ra pomo\u017ce Ci kupi\u0107 dowoln\u0105 loteri\u0119.<\/p>\n<p><strong>Wystarcz\u0105 tylko cztery proste kroki, aby otrzyma\u0107 los na loteri\u0119:<\/strong><\/p>\n<ol>\n<li>Wybierz loteri\u0119, w kt\u00f3rej chcesz wzi\u0105\u0107 udzia\u0142 \u2013 w tym przypadku PowerBall \u2013 klikaj\u0105c baner na naszej stronie internetowej <span style=\"text-decoration: underline;\"><strong><a href=\"https:\/\/redfoxlotto.com\/?ref=A8564250A2&amp;medium=pwb\" target=\"_blank\" rel=\"noopener noreferrer\">lub po prostu kliknij tutaj<\/a><\/strong><\/span><\/li>\n<li>Jeden z wielu lokalnych partner\u00f3w handlowych RedFoxLotto zakupi los w Twoim imieniu.<\/li>\n<li>Los pojawi si\u0119 na Twoim koncie.<\/li>\n<li>Po zako\u0144czeniu losowania, je\u015bli wygrasz, otrzymasz kolejny e-mail z informacjami o sposobie wyp\u0142aty wygranej.<\/li>\n<li>Wszelkie wygrane poni\u017cej 2500 \u20ac Kwota zostanie dodana na Twoje konto klienta. W przypadku wi\u0119kszych wygranych, RedFoxLotto pomo\u017ce Ci odebra\u0107 czek. Ta us\u0142uga jest bezp\u0142atna!<\/li>\n<\/ol>\n<p>Z tej ekskluzywnej us\u0142ugi korzystaj\u0105 tysi\u0105ce os\u00f3b na ca\u0142ym \u015bwiecie. Je\u015bli martwisz si\u0119, co si\u0119 stanie, je\u015bli wygrasz jackpota, nie martw si\u0119. Ta firma jest nie tylko w pe\u0142ni renomowana i legalna, ale Tw\u00f3j los b\u0119dzie r\u00f3wnie\u017c nosi\u0142 Twoje imi\u0119 i nazwisko, co eliminuje b\u0142\u0119dy i oszustwa.<\/p>\n<p>Za po\u015brednictwem tej us\u0142ugi mo\u017cesz nie tylko kupi\u0107 losy PowerBall, ale tak\u017ce kupi\u0107 losy Euromillions, wzi\u0105\u0107 udzia\u0142 w El Gordo i Superenalotto oraz w wielu innych mi\u0119dzynarodowych loteriach. Niezale\u017cnie od tego, gdzie mieszkasz na \u015bwiecie, mo\u017cesz bra\u0107 udzia\u0142 w zagranicznych loteriach tak cz\u0119sto i kiedy tylko chcesz.<\/p>\n<h2>Losowania<\/h2>\n<p>Losowania odbywaj\u0105 si\u0119 dwa razy w tygodniu \u2013 w ka\u017cd\u0105 \u015brod\u0119 i sobot\u0119 wieczorem o 22:59 czasu wschodniego. Losy mo\u017cna kupowa\u0107 do ostatniej godziny losowania, co oznacza, \u017ce \u200b\u200bsprzeda\u017c ko\u0144czy si\u0119 59 minut przed jego rozpocz\u0119ciem. Prosimy o uwzgl\u0119dnienie co najmniej dw\u00f3ch godzin na zakup losu online, aby RedFoxLotto mog\u0142o przetworzy\u0107 zam\u00f3wienie na los Powerball.<br \/>\nZwyci\u0119zcy i szcz\u0119\u015bliwe numery s\u0105 wy\u0142aniani poprzez wylosowanie pi\u0119ciu bia\u0142ych kul z b\u0119bna zawieraj\u0105cego \u0142\u0105cznie 59 kul. Nowo\u015bci\u0105 jest czerwona kula wylosowana z osobnego b\u0119bna zawieraj\u0105cego 35 czerwonych kul.<\/p>\n<h2>Sposoby na wygran\u0105<\/h2>\n<p>Loteria Powerball oferuje dziewi\u0119\u0107 r\u00f3\u017cnych sposob\u00f3w na wygran\u0105. Wygrywasz g\u0142\u00f3wn\u0105 nagrod\u0119, du\u017c\u0105 kumulacj\u0119, je\u015bli Tw\u00f3j los trafi wszystkie pi\u0119\u0107 bia\u0142ych liczb i czerwon\u0105 kul\u0119, znan\u0105 r\u00f3wnie\u017c jako \u201ePowerball\u201d. Je\u015bli wygrasz kumulacj\u0119, mo\u017cesz otrzyma\u0107 jednorazow\u0105 wygran\u0105 od razu lub ca\u0142\u0105 kumulacj\u0119 corocznie przez 29 lat. Chocia\u017c mo\u017ce si\u0119 to wydawa\u0107 d\u0142ugim okresem, jeste\u015bmy pewni, \u017ce b\u0119dziesz wi\u0119cej ni\u017c zadowolony z rocznej wyp\u0142aty w wysoko\u015bci oko\u0142o 10 milion\u00f3w dolar\u00f3w!<\/p>\n<p>Szanse na wygran\u0105 w loterii PowerBall wynosz\u0105 oko\u0142o 1 do 32. Mo\u017cesz wygra\u0107 na nast\u0119puj\u0105ce sposoby:<\/p>\n<ul>\n<li>5 bia\u0142ych kul + PowerBall wygrywa g\u0142\u00f3wn\u0105 wygran\u0105<\/li>\n<li>5 bia\u0142ych kul wygrywa 1 milion dolar\u00f3w<\/li>\n<li>4 bia\u0142e kule + PowerBall wygrywaj\u0105 10 000 dolar\u00f3w<\/li>\n<li>4 bia\u0142e kule wygrywaj\u0105 100 dolar\u00f3w<\/li>\n<li>3 bia\u0142e kule + PowerBall wygrywaj\u0105 100 dolar\u00f3w<\/li>\n<li>3 bia\u0142e kule wygrywaj\u0105 7 dolar\u00f3w<\/li>\n<li>2 bia\u0142e kule + PowerBall wygrywaj\u0105 7 dolar\u00f3w<\/li>\n<li>1 bia\u0142a kula + PowerBall wygrywa 7 dolar\u00f3w<\/li>\n<li>Sama PowerBall wygrywa 4 dolary<\/li>\n<\/ul>\n<p>Dodatkowa funkcja: Je\u015bli aktywujesz funkcj\u0119 PowerPlay, mo\u017cesz zagra\u0107 w oryginaln\u0105 opcj\u0119 \u201eZwi\u0119ksz wygran\u0105\u201d. Je\u015bli Tw\u00f3j los zawiera zwyci\u0119sk\u0105 kombinacj\u0119 5+0, Twoja wygrana wyniesie 2 miliony dolar\u00f3w zamiast 1 miliona dolar\u00f3w. PowerPlayFunkcj\u0119 gry nale\u017cy wybra\u0107 podczas zakupu losu.<\/p>\n<h2>Gdzie mog\u0119 zagra\u0107?<\/h2>\n<p>PowerBall to najpopularniejsza loteria w Ameryce, w kt\u00f3r\u0105 mo\u017cna gra\u0107 w 42 stanach. Gra odbywa si\u0119 r\u00f3wnie\u017c w Waszyngtonie i na Wyspach Dziewiczych Stan\u00f3w Zjednoczonych. Osiem stan\u00f3w nie zezwala swoim mieszka\u0144com na udzia\u0142 w tej loterii: Nevada, Kalifornia, Utah, Missisipi, Wyoming, Alabama, Hawaje i Alaska.<\/p>\n<p>Jak wspomniano na pocz\u0105tku artyku\u0142u, w PowerBall mo\u017cna gra\u0107 r\u00f3wnie\u017c poza Stanami Zjednoczonymi, b\u0119d\u0105c obywatelem innego kraju lub w stanie USA, w kt\u00f3rym nie mo\u017cna kupi\u0107 losu w sklepie. RedFoxLotto umo\u017cliwia to ka\u017cdemu. <strong><span style=\"text-decoration: underline;\"><a href=\"https:\/\/redfoxlotto.com\/?ref=A8564250A2&amp;medium=pwb\" target=\"_blank\" rel=\"noopener noreferrer\">Kup sw\u00f3j los na loteri\u0119 PowerBall online ju\u017c teraz!<\/a><\/span><\/strong><\/p>\n","protected":false},"excerpt":{"rendered":"<p>Jak kupi\u0107 losy Powerball online Powerball to niezwykle popularna loteria z wysokimi nagrodami i jackpotami od 140 milion\u00f3w do ponad 300 milion\u00f3w dolar\u00f3w! Siedem os\u00f3b wygra\u0142o ju\u017c g\u0142\u00f3wn\u0105 wygran\u0105 Powerball w 2012 roku. Najni\u017csza wygrana wynios\u0142a 60 milion\u00f3w dolar\u00f3w, a najwy\u017csza 337 milion\u00f3w dolar\u00f3w! To samo mo\u017ce spotka\u0107 i Ciebie! Aby wygra\u0107 miliony, wystarczy kupi\u0107 &hellip; <\/p>\n<p class=\"link-more\"><a href=\"https:\/\/onlinelottospielen24.de\/pl\/\" class=\"more-link\">Read more<span class=\"screen-reader-text\"> &#8222;Dom&#8221;<\/span><\/a><\/p>\n","protected":false},"author":1,"featured_media":0,"parent":0,"menu_order":0,"comment_status":"closed","ping_status":"closed","template":"","meta":{"footnotes":""},"class_list":["post-237","page","type-page","status-publish","hentry"],"yoast_head":"<!-- This site is optimized with the Yoast SEO plugin v27.3 - https:\/\/yoast.com\/product\/yoast-seo-wordpress\/ -->\n<title>Jak kupi\u0107 Powerball<\/title>\n<meta name=\"description\" content=\"Jak kupi\u0107 losy Powerball online i offline. Przewodnik krok po kroku dla Niemiec: dostawcy, metody p\u0142atno\u015bci, podatki i wskaz\u00f3wki dotycz\u0105ce gry.\" \/>\n<meta name=\"robots\" content=\"index, follow, max-snippet:-1, max-image-preview:large, max-video-preview:-1\" \/>\n<link rel=\"canonical\" href=\"https:\/\/onlinelottospielen24.de\/pl\/\" \/>\n<meta property=\"og:locale\" content=\"pl_PL\" \/>\n<meta property=\"og:type\" content=\"article\" \/>\n<meta property=\"og:title\" content=\"Jak kupi\u0107 Powerball\" \/>\n<meta property=\"og:description\" content=\"Jak kupi\u0107 losy Powerball online i offline. Przewodnik krok po kroku dla Niemiec: dostawcy, metody p\u0142atno\u015bci, podatki i wskaz\u00f3wki dotycz\u0105ce gry.\" \/>\n<meta property=\"og:url\" content=\"https:\/\/onlinelottospielen24.de\/pl\/\" \/>\n<meta name=\"twitter:card\" content=\"summary_large_image\" \/>\n<meta name=\"twitter:label1\" content=\"Szacowany czas czytania\" \/>\n\t<meta name=\"twitter:data1\" content=\"4 minuty\" \/>\n<script type=\"application\/ld+json\" class=\"yoast-schema-graph\">{\"@context\":\"https:\\\/\\\/schema.org\",\"@graph\":[{\"@type\":\"WebPage\",\"@id\":\"https:\\\/\\\/onlinelottospielen24.de\\\/pl\\\/\",\"url\":\"https:\\\/\\\/onlinelottospielen24.de\\\/pl\\\/\",\"name\":\"Jak kupi\u0107 Powerball\",\"isPartOf\":{\"@id\":\"https:\\\/\\\/onlinelottospielen24.de\\\/pl\\\/de\\\/#website\"},\"datePublished\":\"2025-08-02T16:46:36+00:00\",\"description\":\"Jak kupi\u0107 losy Powerball online i offline. Przewodnik krok po kroku dla Niemiec: dostawcy, metody p\u0142atno\u015bci, podatki i wskaz\u00f3wki dotycz\u0105ce gry.\",\"breadcrumb\":{\"@id\":\"https:\\\/\\\/onlinelottospielen24.de\\\/pl\\\/#breadcrumb\"},\"inLanguage\":\"pl-PL\",\"potentialAction\":[{\"@type\":\"ReadAction\",\"target\":[\"https:\\\/\\\/onlinelottospielen24.de\\\/pl\\\/\"]}]},{\"@type\":\"BreadcrumbList\",\"@id\":\"https:\\\/\\\/onlinelottospielen24.de\\\/pl\\\/#breadcrumb\",\"itemListElement\":[{\"@type\":\"ListItem\",\"position\":1,\"name\":\"Home\",\"item\":\"https:\\\/\\\/onlinelottospielen24.de\\\/pl\\\/\"},{\"@type\":\"ListItem\",\"position\":2,\"name\":\"Dom\"}]},{\"@type\":\"WebSite\",\"@id\":\"https:\\\/\\\/onlinelottospielen24.de\\\/pl\\\/de\\\/#website\",\"url\":\"https:\\\/\\\/onlinelottospielen24.de\\\/pl\\\/de\\\/\",\"name\":\"\",\"description\":\"\",\"potentialAction\":[{\"@type\":\"SearchAction\",\"target\":{\"@type\":\"EntryPoint\",\"urlTemplate\":\"https:\\\/\\\/onlinelottospielen24.de\\\/pl\\\/de\\\/?s={search_term_string}\"},\"query-input\":{\"@type\":\"PropertyValueSpecification\",\"valueRequired\":true,\"valueName\":\"search_term_string\"}}],\"inLanguage\":\"pl-PL\"}]}<\/script>\n<!-- \/ Yoast SEO plugin. -->","yoast_head_json":{"title":"Jak kupi\u0107 Powerball","description":"Jak kupi\u0107 losy Powerball online i offline. Przewodnik krok po kroku dla Niemiec: dostawcy, metody p\u0142atno\u015bci, podatki i wskaz\u00f3wki dotycz\u0105ce gry.","robots":{"index":"index","follow":"follow","max-snippet":"max-snippet:-1","max-image-preview":"max-image-preview:large","max-video-preview":"max-video-preview:-1"},"canonical":"https:\/\/onlinelottospielen24.de\/pl\/","og_locale":"pl_PL","og_type":"article","og_title":"Jak kupi\u0107 Powerball","og_description":"Jak kupi\u0107 losy Powerball online i offline. Przewodnik krok po kroku dla Niemiec: dostawcy, metody p\u0142atno\u015bci, podatki i wskaz\u00f3wki dotycz\u0105ce gry.","og_url":"https:\/\/onlinelottospielen24.de\/pl\/","twitter_card":"summary_large_image","twitter_misc":{"Szacowany czas czytania":"4 minuty"},"schema":{"@context":"https:\/\/schema.org","@graph":[{"@type":"WebPage","@id":"https:\/\/onlinelottospielen24.de\/pl\/","url":"https:\/\/onlinelottospielen24.de\/pl\/","name":"Jak kupi\u0107 Powerball","isPartOf":{"@id":"https:\/\/onlinelottospielen24.de\/pl\/de\/#website"},"datePublished":"2025-08-02T16:46:36+00:00","description":"Jak kupi\u0107 losy Powerball online i offline. Przewodnik krok po kroku dla Niemiec: dostawcy, metody p\u0142atno\u015bci, podatki i wskaz\u00f3wki dotycz\u0105ce gry.","breadcrumb":{"@id":"https:\/\/onlinelottospielen24.de\/pl\/#breadcrumb"},"inLanguage":"pl-PL","potentialAction":[{"@type":"ReadAction","target":["https:\/\/onlinelottospielen24.de\/pl\/"]}]},{"@type":"BreadcrumbList","@id":"https:\/\/onlinelottospielen24.de\/pl\/#breadcrumb","itemListElement":[{"@type":"ListItem","position":1,"name":"Home","item":"https:\/\/onlinelottospielen24.de\/pl\/"},{"@type":"ListItem","position":2,"name":"Dom"}]},{"@type":"WebSite","@id":"https:\/\/onlinelottospielen24.de\/pl\/de\/#website","url":"https:\/\/onlinelottospielen24.de\/pl\/de\/","name":"","description":"","potentialAction":[{"@type":"SearchAction","target":{"@type":"EntryPoint","urlTemplate":"https:\/\/onlinelottospielen24.de\/pl\/de\/?s={search_term_string}"},"query-input":{"@type":"PropertyValueSpecification","valueRequired":true,"valueName":"search_term_string"}}],"inLanguage":"pl-PL"}]}},"_links":{"self":[{"href":"https:\/\/onlinelottospielen24.de\/pl\/wp-json\/wp\/v2\/pages\/237","targetHints":{"allow":["GET"]}}],"collection":[{"href":"https:\/\/onlinelottospielen24.de\/pl\/wp-json\/wp\/v2\/pages"}],"about":[{"href":"https:\/\/onlinelottospielen24.de\/pl\/wp-json\/wp\/v2\/types\/page"}],"author":[{"embeddable":true,"href":"https:\/\/onlinelottospielen24.de\/pl\/wp-json\/wp\/v2\/users\/1"}],"replies":[{"embeddable":true,"href":"https:\/\/onlinelottospielen24.de\/pl\/wp-json\/wp\/v2\/comments?post=237"}],"version-history":[{"count":0,"href":"https:\/\/onlinelottospielen24.de\/pl\/wp-json\/wp\/v2\/pages\/237\/revisions"}],"wp:attachment":[{"href":"https:\/\/onlinelottospielen24.de\/pl\/wp-json\/wp\/v2\/media?parent=237"}],"curies":[{"name":"wp","href":"https:\/\/api.w.org\/{rel}","templated":true}]}}