{"id":236,"date":"2025-08-02T16:46:36","date_gmt":"2025-08-02T16:46:36","guid":{"rendered":"https:\/\/onlinelottospielen24.de\/hjem\/"},"modified":"2025-08-02T16:46:36","modified_gmt":"2025-08-02T16:46:36","slug":"hjem","status":"publish","type":"page","link":"https:\/\/onlinelottospielen24.de\/no\/","title":{"rendered":"Hjem"},"content":{"rendered":"<h2>Hvordan kj\u00f8pe Powerball-kuponger p\u00e5 nett<\/h2>\n<p>Powerball er et ekstremt popul\u00e6rt lotterispill med h\u00f8ye premier og jackpoter fra 140 millioner dollar til over 300 millioner dollar! Syv personer har allerede vunnet Powerball-jackpotten i 2012. Den laveste jackpotten var 60 millioner dollar, og den h\u00f8yeste var 337 millioner dollar! Dette kan skje deg ogs\u00e5! For \u00e5 vinne millioner trenger du bare \u00e5 <strong>kj\u00f8pe en Powerball-kupong p\u00e5 nett<\/strong>.<\/p>\n<p><img loading=\"lazy\" decoding=\"async\" style=\"margin: 1px; float: right;\" src=\"images\/powerball_lottery.gif\" alt=\"Powerball-lotteriet\" width=\"250\" height=\"96\" \/>Selv om lotteriet opprinnelig var ment for amerikanske innbyggere, og kuponger kunne kj\u00f8pes i lokale butikker, er det n\u00e5 mulig \u00e5 kj\u00f8pe Powerball-kuponger p\u00e5 nett! Enten du bor i USA eller Australia, kan du spille PowerBall hvor som helst i verden!<\/p>\n<p>Det er mulig \u00e5 kj\u00f8pe og delta i PowerBall takket v\u00e6re den eksklusive tjenesten som RedFoxLotto tilbyr. RedFoxLotto er et selskap med hundrevis av distribut\u00f8rer over hele verden, som hjelper deg med \u00e5 kj\u00f8pe hvilket som helst lotteri du \u00f8nsker.<\/p>\n<p><strong>Bare fire enkle trinn er n\u00f8dvendige f\u00f8r du mottar lotterikupongen din:<\/strong><\/p>\n<ol>\n<li>Velg lotteriet du vil delta i \u2013 i dette tilfellet PowerBall \u2013 etter \u00e5 ha klikket p\u00e5 banneret p\u00e5 nettstedet v\u00e5rt <span style=\"text-decoration: underline;\"><strong><a href=\"https:\/\/redfoxlotto.com\/?ref=A8564250A2&amp;medium=pwb\" target=\"_blank\" rel=\"noopener noreferrer\">eller klikk her<\/a><\/strong><\/span><\/li>\n<li>En av RedFoxLottos mange lokale salgspartnere vil kj\u00f8pe en billett p\u00e5 dine vegne.<\/li>\n<li>Billetten vil deretter vises p\u00e5 kontoen din.<\/li>\n<li>Etter at trekningen er fullf\u00f8rt, og hvis du vinner, vil du motta en ny e-post med informasjon om hvordan du kan ta ut gevinstene dine.<\/li>\n<li>Alle gevinster under \u20ac2500 vil bli kreditert kundekontoen din. Og for st\u00f8rre gevinster vil RedFoxLotto hjelpe deg med \u00e5 f\u00e5 sjekken din. Det er ingen ekstra kostnad for denne tjenesten!<\/li>\n<\/ol>\n<p>Denne eksklusive tjenesten brukes av tusenvis av mennesker over hele verden. Hvis du er bekymret for hva som vil skje hvis du vant en jackpot, ikke bekymre deg. Ikke bare er dette selskapet fullstendig anerkjent og legitimt, men kupongen din vil ogs\u00e5 b\u00e6re navnet ditt, noe som eliminerer feil og svindel.<\/p>\n<p>Ikke bare kan du kj\u00f8pe PowerBall-lotterier gjennom denne tjenesten, du kan ogs\u00e5 kj\u00f8pe Euromillions-kuponger, delta i El Gordo og Superenalotto, og delta i en rekke andre internasjonale lotterier. Uansett hvor du bor i verden, kan du delta i utenlandske lotterier s\u00e5 ofte og n\u00e5r du vil.<\/p>\n<h2>Loddtrekninger<\/h2>\n<p>Loddtrekninger avholdes to ganger i uken \u2013 hver onsdag og l\u00f8rdag kveld klokken 22:59 \u00f8stlig tid. Kuponger kan kj\u00f8pes til den siste timen av trekningen, noe som betyr at salget avsluttes 59 minutter f\u00f8r trekningen begynner. Vennligst beregn minst to timer for ditt nettkj\u00f8p av billett, slik at RedFoxLotto kan behandle Powerball-billettbestillingen din.<br \/>\nVinnerne og lykketallene bestemmes ved \u00e5 trekke fem hvite kuler fra en trommel som inneholder totalt 59 kuler. Et nytt tillegg er en r\u00f8d kule trukket fra en separat trommel som inneholder 35 r\u00f8de kuler.<\/p>\n<h2>M\u00e5ter \u00e5 vinne p\u00e5<\/h2>\n<p>Powerball-lotteriet tilbyr ni forskjellige m\u00e5ter \u00e5 vinne p\u00e5. Du vinner toppremien, den store jackpotten, hvis kupongen din matcher alle fem hvite tallene og den r\u00f8de kulen, ogs\u00e5 kjent som \u00abPowerball\u00bb. Hvis du vinner jackpotten, kan du motta enten et engangsbel\u00f8p umiddelbart eller hele jackpotten \u00e5rlig i 29 \u00e5r. Selv om det kan virke som lenge, er vi sikre p\u00e5 at du vil v\u00e6re mer enn forn\u00f8yd med en \u00e5rlig utbetaling p\u00e5 omtrent 10 millioner dollar!<\/p>\n<p>Oddsen for \u00e5 vinne i PowerBall-lotteriet er omtrent 1 av 32. Du kan vinne p\u00e5 f\u00f8lgende m\u00e5ter:<\/p>\n<ul>\n<li>5 hvite kuler + PowerBall vinner jackpotten<\/li>\n<li>5 hvite kuler vinner 1 million dollar<\/li>\n<li>4 hvite kuler + PowerBall vinner 10 000 dollar<\/li>\n<li>4 hvite kuler vinner 100 dollar<\/li>\n<li>3 hvite kuler vinner 7 dollar<\/li>\n<li>2 hvite kuler + PowerBall vinner 7 dollar<\/li>\n<li>1 hvit kule + PowerBall vinner 7 dollar<\/li>\n<li>PowerBall alene vinner 4 dollar<\/li>\n<\/ul>\n<p>Det finnes ogs\u00e5 en tilleggsfunksjon: Hvis du aktiverer PowerPlay-funksjonen, kan du spille den opprinnelige kombinasjonen og \u00f8ke gevinstbel\u00f8pet. Hvis kupongen din inneholder vinnerkombinasjonen 5+0, vil gevinsten din v\u00e6re 2 millioner dollar i stedet for 1 million dollar. PowerPlaySpillfunksjonen m\u00e5 velges n\u00e5r du kj\u00f8per loddet ditt.<\/p>\n<h2>Hvor kan jeg spille?<\/h2>\n<p>PowerBall er Amerikas mest popul\u00e6re lotterispill og kan spilles i 42 stater over hele landet. Det spilles ogs\u00e5 i Washington, D.C. og De amerikanske Jomfru\u00f8yene. Det er \u00e5tte stater som ikke tillater innbyggerne sine \u00e5 delta i dette lotteriet: Nevada, California, Utah, Mississippi, Wyoming, Alabama, Hawaii og Alaska.<\/p>\n<p>Som nevnt i begynnelsen av denne artikkelen er det imidlertid ogs\u00e5 mulig \u00e5 spille PowerBall utenfor USA og som ikke-amerikansk statsborger, eller i en amerikansk stat der du ikke kan kj\u00f8pe lotteriet i en butikk. RedFoxLotto gj\u00f8r det mulig for alle. <strong><span style=\"text-decoration: underline;\"><a href=\"https:\/\/redfoxlotto.com\/?ref=A8564250A2&amp;medium=pwb\" target=\"_blank\" rel=\"noopener noreferrer\">Skaff deg din PowerBall-lottokupong p\u00e5 nett n\u00e5!<\/a><\/span><\/strong><\/p>\n","protected":false},"excerpt":{"rendered":"<p>Hvordan kj\u00f8pe Powerball-kuponger p\u00e5 nett Powerball er et ekstremt popul\u00e6rt lotterispill med h\u00f8ye premier og jackpoter fra 140 millioner dollar til over 300 millioner dollar! Syv personer har allerede vunnet Powerball-jackpotten i 2012. Den laveste jackpotten var 60 millioner dollar, og den h\u00f8yeste var 337 millioner dollar! Dette kan skje deg ogs\u00e5! For \u00e5 vinne &hellip; <\/p>\n<p class=\"link-more\"><a href=\"https:\/\/onlinelottospielen24.de\/no\/\" class=\"more-link\">Read more<span class=\"screen-reader-text\"> &laquo;Hjem&raquo;<\/span><\/a><\/p>\n","protected":false},"author":1,"featured_media":0,"parent":0,"menu_order":0,"comment_status":"closed","ping_status":"closed","template":"","meta":{"footnotes":""},"class_list":["post-236","page","type-page","status-publish","hentry"],"yoast_head":"<!-- This site is optimized with the Yoast SEO plugin v27.3 - https:\/\/yoast.com\/product\/yoast-seo-wordpress\/ -->\n<title>Hvordan kj\u00f8pe Powerball<\/title>\n<meta name=\"description\" content=\"Slik kj\u00f8per du Powerball-kuponger p\u00e5 nett og offline. En trinnvis veiledning for Tyskland: leverand\u00f8rer, betalingsmetoder, skatter og tips for spilling.\" \/>\n<meta name=\"robots\" content=\"index, follow, max-snippet:-1, max-image-preview:large, max-video-preview:-1\" \/>\n<link rel=\"canonical\" href=\"https:\/\/onlinelottospielen24.de\/no\/\" \/>\n<meta property=\"og:locale\" content=\"nb_NO\" \/>\n<meta property=\"og:type\" content=\"article\" \/>\n<meta property=\"og:title\" content=\"Hvordan kj\u00f8pe Powerball\" \/>\n<meta property=\"og:description\" content=\"Slik kj\u00f8per du Powerball-kuponger p\u00e5 nett og offline. En trinnvis veiledning for Tyskland: leverand\u00f8rer, betalingsmetoder, skatter og tips for spilling.\" \/>\n<meta property=\"og:url\" content=\"https:\/\/onlinelottospielen24.de\/no\/\" \/>\n<meta name=\"twitter:card\" content=\"summary_large_image\" \/>\n<meta name=\"twitter:label1\" content=\"Ansl. lesetid\" \/>\n\t<meta name=\"twitter:data1\" content=\"4 minutter\" \/>\n<script type=\"application\/ld+json\" class=\"yoast-schema-graph\">{\"@context\":\"https:\\\/\\\/schema.org\",\"@graph\":[{\"@type\":\"WebPage\",\"@id\":\"https:\\\/\\\/onlinelottospielen24.de\\\/no\\\/\",\"url\":\"https:\\\/\\\/onlinelottospielen24.de\\\/no\\\/\",\"name\":\"Hvordan kj\u00f8pe Powerball\",\"isPartOf\":{\"@id\":\"https:\\\/\\\/onlinelottospielen24.de\\\/no\\\/de\\\/#website\"},\"datePublished\":\"2025-08-02T16:46:36+00:00\",\"description\":\"Slik kj\u00f8per du Powerball-kuponger p\u00e5 nett og offline. En trinnvis veiledning for Tyskland: leverand\u00f8rer, betalingsmetoder, skatter og tips for spilling.\",\"breadcrumb\":{\"@id\":\"https:\\\/\\\/onlinelottospielen24.de\\\/no\\\/#breadcrumb\"},\"inLanguage\":\"nb-NO\",\"potentialAction\":[{\"@type\":\"ReadAction\",\"target\":[\"https:\\\/\\\/onlinelottospielen24.de\\\/no\\\/\"]}]},{\"@type\":\"BreadcrumbList\",\"@id\":\"https:\\\/\\\/onlinelottospielen24.de\\\/no\\\/#breadcrumb\",\"itemListElement\":[{\"@type\":\"ListItem\",\"position\":1,\"name\":\"Home\",\"item\":\"https:\\\/\\\/onlinelottospielen24.de\\\/no\\\/\"},{\"@type\":\"ListItem\",\"position\":2,\"name\":\"Hjem\"}]},{\"@type\":\"WebSite\",\"@id\":\"https:\\\/\\\/onlinelottospielen24.de\\\/no\\\/de\\\/#website\",\"url\":\"https:\\\/\\\/onlinelottospielen24.de\\\/no\\\/de\\\/\",\"name\":\"\",\"description\":\"\",\"potentialAction\":[{\"@type\":\"SearchAction\",\"target\":{\"@type\":\"EntryPoint\",\"urlTemplate\":\"https:\\\/\\\/onlinelottospielen24.de\\\/no\\\/de\\\/?s={search_term_string}\"},\"query-input\":{\"@type\":\"PropertyValueSpecification\",\"valueRequired\":true,\"valueName\":\"search_term_string\"}}],\"inLanguage\":\"nb-NO\"}]}<\/script>\n<!-- \/ Yoast SEO plugin. -->","yoast_head_json":{"title":"Hvordan kj\u00f8pe Powerball","description":"Slik kj\u00f8per du Powerball-kuponger p\u00e5 nett og offline. En trinnvis veiledning for Tyskland: leverand\u00f8rer, betalingsmetoder, skatter og tips for spilling.","robots":{"index":"index","follow":"follow","max-snippet":"max-snippet:-1","max-image-preview":"max-image-preview:large","max-video-preview":"max-video-preview:-1"},"canonical":"https:\/\/onlinelottospielen24.de\/no\/","og_locale":"nb_NO","og_type":"article","og_title":"Hvordan kj\u00f8pe Powerball","og_description":"Slik kj\u00f8per du Powerball-kuponger p\u00e5 nett og offline. En trinnvis veiledning for Tyskland: leverand\u00f8rer, betalingsmetoder, skatter og tips for spilling.","og_url":"https:\/\/onlinelottospielen24.de\/no\/","twitter_card":"summary_large_image","twitter_misc":{"Ansl. lesetid":"4 minutter"},"schema":{"@context":"https:\/\/schema.org","@graph":[{"@type":"WebPage","@id":"https:\/\/onlinelottospielen24.de\/no\/","url":"https:\/\/onlinelottospielen24.de\/no\/","name":"Hvordan kj\u00f8pe Powerball","isPartOf":{"@id":"https:\/\/onlinelottospielen24.de\/no\/de\/#website"},"datePublished":"2025-08-02T16:46:36+00:00","description":"Slik kj\u00f8per du Powerball-kuponger p\u00e5 nett og offline. En trinnvis veiledning for Tyskland: leverand\u00f8rer, betalingsmetoder, skatter og tips for spilling.","breadcrumb":{"@id":"https:\/\/onlinelottospielen24.de\/no\/#breadcrumb"},"inLanguage":"nb-NO","potentialAction":[{"@type":"ReadAction","target":["https:\/\/onlinelottospielen24.de\/no\/"]}]},{"@type":"BreadcrumbList","@id":"https:\/\/onlinelottospielen24.de\/no\/#breadcrumb","itemListElement":[{"@type":"ListItem","position":1,"name":"Home","item":"https:\/\/onlinelottospielen24.de\/no\/"},{"@type":"ListItem","position":2,"name":"Hjem"}]},{"@type":"WebSite","@id":"https:\/\/onlinelottospielen24.de\/no\/de\/#website","url":"https:\/\/onlinelottospielen24.de\/no\/de\/","name":"","description":"","potentialAction":[{"@type":"SearchAction","target":{"@type":"EntryPoint","urlTemplate":"https:\/\/onlinelottospielen24.de\/no\/de\/?s={search_term_string}"},"query-input":{"@type":"PropertyValueSpecification","valueRequired":true,"valueName":"search_term_string"}}],"inLanguage":"nb-NO"}]}},"_links":{"self":[{"href":"https:\/\/onlinelottospielen24.de\/no\/wp-json\/wp\/v2\/pages\/236","targetHints":{"allow":["GET"]}}],"collection":[{"href":"https:\/\/onlinelottospielen24.de\/no\/wp-json\/wp\/v2\/pages"}],"about":[{"href":"https:\/\/onlinelottospielen24.de\/no\/wp-json\/wp\/v2\/types\/page"}],"author":[{"embeddable":true,"href":"https:\/\/onlinelottospielen24.de\/no\/wp-json\/wp\/v2\/users\/1"}],"replies":[{"embeddable":true,"href":"https:\/\/onlinelottospielen24.de\/no\/wp-json\/wp\/v2\/comments?post=236"}],"version-history":[{"count":0,"href":"https:\/\/onlinelottospielen24.de\/no\/wp-json\/wp\/v2\/pages\/236\/revisions"}],"wp:attachment":[{"href":"https:\/\/onlinelottospielen24.de\/no\/wp-json\/wp\/v2\/media?parent=236"}],"curies":[{"name":"wp","href":"https:\/\/api.w.org\/{rel}","templated":true}]}}