{"id":234,"date":"2025-08-02T16:46:36","date_gmt":"2025-08-02T16:46:36","guid":{"rendered":"https:\/\/onlinelottospielen24.de\/sakums\/"},"modified":"2025-08-02T16:46:36","modified_gmt":"2025-08-02T16:46:36","slug":"sakums","status":"publish","type":"page","link":"https:\/\/onlinelottospielen24.de\/lv\/","title":{"rendered":"S\u0101kums"},"content":{"rendered":"<h2>K\u0101 ieg\u0101d\u0101ties Powerball bi\u013cetes tie\u0161saist\u0113<\/h2>\n<p>Powerball ir \u0101rk\u0101rt\u012bgi popul\u0101ra loterijas sp\u0113le ar liel\u0101m balv\u0101m un d\u017eekpotiem, s\u0101kot no 140 miljoniem l\u012bdz vair\u0101k nek\u0101 300 miljoniem dol\u0101ru! 2012. gad\u0101 Powerball d\u017eekpotu jau ir laim\u0113ju\u0161i septi\u0146i cilv\u0113ki. Zem\u0101kais d\u017eekpots bija 60 miljoni dol\u0101ru, bet augst\u0101kais &#8211; 337 miljoni dol\u0101ru! Tas var\u0113tu notikt ar\u012b ar jums! Lai laim\u0113tu miljonus, viss, kas jums j\u0101dara, ir <strong>ieg\u0101d\u0101ties Powerball bi\u013ceti tie\u0161saist\u0113<\/strong>.<\/p>\n<p><img loading=\"lazy\" decoding=\"async\" style=\"margin: 1px; float: right;\" src=\"images\/powerball_lottery.gif\" alt=\"Powerball lottery\" width=\"250\" height=\"96\" \/>Lai gan s\u0101kotn\u0113ji loterija bija paredz\u0113ta ASV iedz\u012bvot\u0101jiem un bi\u013cetes var\u0113ja ieg\u0101d\u0101ties viet\u0113jos veikalos, tagad Powerball bi\u013cetes ir iesp\u0113jams ieg\u0101d\u0101ties tie\u0161saist\u0113! Neatkar\u012bgi no t\u0101, vai dz\u012bvojat ASV vai Austr\u0101lij\u0101, PowerBall varat sp\u0113l\u0113t jebkur pasaul\u0113!<\/p>\n<p>Ieg\u0101d\u0101ties un piedal\u012bties PowerBall ir iesp\u0113jams, pateicoties ekskluz\u012bvajam pakalpojumam, ko nodro\u0161ina RedFoxLotto. RedFoxLotto ir uz\u0146\u0113mums ar simtiem izplat\u012bt\u0101ju vis\u0101 pasaul\u0113, kas pal\u012bdz jums ieg\u0101d\u0101ties jebkuru loteriju, kuru v\u0113laties. <strong>Pirms loterijas bi\u013cetes sa\u0146em\u0161anas ir j\u0101veic tikai \u010detras vienk\u0101r\u0161as darb\u012bbas:<\/strong><\/p>\n<ol>\n<li>P\u0113c noklik\u0161\u0137in\u0101\u0161anas uz rekl\u0101mkaroga m\u016bsu vietn\u0113 <span style=\"text-decoration: underline;\"><strong><a href=\"https:\/\/redfoxlotto.com\/?ref=A8564250A2&amp;medium=pwb\" target=\"_blank\" rel=\"noopener noreferrer\">vai vienk\u0101r\u0161i noklik\u0161\u0137iniet \u0161eit<\/a><\/strong><\/span><\/li>\n<li>Viens no daudzajiem RedFoxLotto viet\u0113jiem p\u0101rdo\u0161anas partneriem ieg\u0101d\u0101sies bi\u013ceti j\u016bsu v\u0101rd\u0101.<\/li>\n<li>P\u0113c izlozes beig\u0101m, ja j\u016bs uzvar\u0113siet, j\u016bs sa\u0146emsiet v\u0113l vienu e-pastu ar inform\u0101ciju par to, k\u0101 iz\u0146emt savu laimestu.<\/li>\n<li>Visi laimesti, kas ir maz\u0101ki par 2500 eiro, tiks ieskait\u012bti j\u016bsu klienta kont\u0101. Un liel\u0101kiem laimestiem RedFoxLotto pal\u012bdz\u0113s jums sa\u0146emt \u010deku. Par \u0161o pakalpojumu nav j\u0101maks\u0101 papildu maksa!<\/li>\n<\/ol>\n<p>\u0160o ekskluz\u012bvo pakalpojumu izmanto t\u016bksto\u0161iem cilv\u0113ku vis\u0101 pasaul\u0113. Ja j\u016bs uztraucaties par to, kas notiktu, ja j\u016bs laim\u0113tu d\u017eekpotu, neuztraucieties. \u0160is uz\u0146\u0113mums ir ne tikai piln\u012bb\u0101 cien\u012bjams un likum\u012bgs, bet j\u016bsu bi\u013cete b\u016bs ar\u012b ar j\u016bsu v\u0101rdu, t\u0101d\u0113j\u0101di nov\u0113r\u0161ot k\u013c\u016bdas un kr\u0101p\u0161anu.<\/p>\n<p>Izmantojot \u0161o pakalpojumu, j\u016bs varat ne tikai ieg\u0101d\u0101ties PowerBall loterijas, bet ar\u012b ieg\u0101d\u0101ties Euromillions bi\u013cetes, piedal\u012bties El Gordo un Superenalotto, k\u0101 ar\u012b piedal\u012bties daudz\u0101s cit\u0101s starptautisk\u0101s loterij\u0101s. Neatkar\u012bgi no t\u0101, kur j\u016bs dz\u012bvojat pasaul\u0113, j\u016bs varat piedal\u012bties \u0101rvalstu loterij\u0101s tik bie\u017ei un kad vien v\u0113laties.<\/p>\n<h2>Loterija<\/h2>\n<p>Loterijas notiek divas reizes ned\u0113\u013c\u0101 \u2014 katru tre\u0161dienas un sestdienas vakaru plkst. 22:59 p\u0113c Austrumu laika. Bi\u013cetes var ieg\u0101d\u0101ties l\u012bdz izlozes p\u0113d\u0113jai stundai, kas noz\u012bm\u0113, ka p\u0101rdo\u0161ana beidzas 59 min\u016btes pirms izlozes s\u0101kuma. L\u016bdzu, \u0146emiet v\u0113r\u0101, ka tie\u0161saistes bi\u013cetes ieg\u0101dei nepiecie\u0161amas vismaz divas stundas, lai RedFoxLotto var\u0113tu apstr\u0101d\u0101t j\u016bsu Powerball bi\u013cetes pas\u016bt\u012bjumu.<\/p>\n<p>Uzvar\u0113t\u0101ji un laim\u012bgie skait\u013ci tiek noteikti, izvelkot piecas baltas bumbi\u0146as no cilindra, kur\u0101 kop\u0101 ir 59 bumbi\u0146as. Jaunums ir sarkana bumbi\u0146a, kas izvilkta no atsevi\u0161\u0137a cilindra, kur\u0101 kop\u0101 ir 35 sarkanas bumbi\u0146as.<\/p>\n<h2>Veidi, k\u0101 laim\u0113t<\/h2>\n<p>Powerball loterija pied\u0101v\u0101 devi\u0146us da\u017e\u0101dus veidus, k\u0101 laim\u0113t. J\u016bs laim\u0113jat galveno balvu, lielo d\u017eekpotu, ja j\u016bsu bi\u013cete sakr\u012bt ar visiem pieciem baltajiem skait\u013ciem un sarkano bumbi\u0146u, kas paz\u012bstama ar\u012b k\u0101 &#8220;Powerball&#8221;. Ja j\u016bs laim\u0113jat d\u017eekpotu, j\u016bs varat sa\u0146emt vai nu vienreiz\u0113ju maks\u0101jumu nekav\u0113joties, vai pilnu d\u017eekpotu katru gadu 29 gadus. Lai gan tas var \u0161\u0137ist ilgs laiks, m\u0113s esam p\u0101rliecin\u0101ti, ka j\u016bs b\u016bsiet vair\u0101k nek\u0101 apmierin\u0101ti ar aptuveni 10 miljonu ASV dol\u0101ru gada izmaksu!<\/p>\n<p>Iesp\u0113ja laim\u0113t PowerBall loterij\u0101 ir aptuveni 1 no 32. J\u016bs varat laim\u0113t \u0161\u0101dos veidos:<\/p>\n<ul>\n<li>5 baltas bumbi\u0146as + PowerBall laim\u0113 d\u017eekpotu<\/li>\n<li>5 baltas bumbi\u0146as laim\u0113 1 miljonu USD<\/li>\n<li>4 baltas bumbi\u0146as + PowerBall laim\u0113 10\u00a0000 USD<\/li>\n<li>4 baltas bumbi\u0146as laim\u0113 100 USD<\/li>\n<li>3 baltas bumbi\u0146as + PowerBall laim\u0113 100 USD<\/li>\n<li>3 baltas bumbi\u0146as laim\u0113 7 USD<\/li>\n<li>2 baltas bumbi\u0146as + PowerBall laim\u0113 7 USD<\/li>\n<li>1 balta bumbi\u0146a + PowerBall laim\u0113 7 USD<\/li>\n<li>PowerBall vien laim\u0113 4 USD<\/li>\n<\/ul>\n<p>Ir ar\u012b papildu funkcija: ja aktiviz\u0113jat PowerPlay funkciju, varat sp\u0113l\u0113t ori\u0123in\u0101lo PowerPlay funkciju. Palieliniet laimesta summu. Ja j\u016bsu bi\u013cete satur laim\u0113jo\u0161o kombin\u0101ciju 5+0, j\u016bsu laimests b\u016bs 2 miljoni USD, nevis 1 miljons USD. PowerPlayIeg\u0101d\u0101joties bi\u013ceti, ir j\u0101izv\u0113las sp\u0113l\u0113\u0161anas funkcija.<\/p>\n<h2>Kur es varu sp\u0113l\u0113t?<\/h2>\n<p>PowerBall ir popul\u0101r\u0101k\u0101 loterijas sp\u0113le Amerik\u0101, un to var sp\u0113l\u0113t 42 \u0161tatos vis\u0101 valst\u012b. To sp\u0113l\u0113 ar\u012b Va\u0161ington\u0101 un ASV Vird\u017e\u012bnu sal\u0101s. Ir asto\u0146i \u0161tati, kuru iedz\u012bvot\u0101jiem nav at\u013cauts piedal\u012bties \u0161aj\u0101 loterij\u0101: Nevada, Kalifornija, J\u016bta, Misisipi, Vaiominga, Alabama, Havaju salas un A\u013caska.<\/p>\n<p>Tom\u0113r, k\u0101 min\u0113ts \u0161\u012b raksta s\u0101kum\u0101, PowerBall ir iesp\u0113jams sp\u0113l\u0113t ar\u012b \u0101rpus ASV un personai, kas nav ASV pilsone, vai ASV \u0161tat\u0101, kur loteriju nevar ieg\u0101d\u0101ties veikal\u0101. RedFoxLotto to padara iesp\u0113jamu ikvienam. <strong><span style=\"text-decoration: underline;\"><a href=\"https:\/\/redfoxlotto.com\/?ref=A8564250A2&amp;medium=pwb\" target=\"_blank\" rel=\"noopener noreferrer\">Ieg\u016bstiet savu PowerBall loterijas bi\u013ceti tie\u0161saist\u0113 jau tagad!<\/a><\/span><\/strong><\/p>\n","protected":false},"excerpt":{"rendered":"<p>K\u0101 ieg\u0101d\u0101ties Powerball bi\u013cetes tie\u0161saist\u0113 Powerball ir \u0101rk\u0101rt\u012bgi popul\u0101ra loterijas sp\u0113le ar liel\u0101m balv\u0101m un d\u017eekpotiem, s\u0101kot no 140 miljoniem l\u012bdz vair\u0101k nek\u0101 300 miljoniem dol\u0101ru! 2012. gad\u0101 Powerball d\u017eekpotu jau ir laim\u0113ju\u0161i septi\u0146i cilv\u0113ki. Zem\u0101kais d\u017eekpots bija 60 miljoni dol\u0101ru, bet augst\u0101kais &#8211; 337 miljoni dol\u0101ru! Tas var\u0113tu notikt ar\u012b ar jums! Lai laim\u0113tu &hellip; <\/p>\n<p class=\"link-more\"><a href=\"https:\/\/onlinelottospielen24.de\/lv\/\" class=\"more-link\">Read more<span class=\"screen-reader-text\"> &#8220;S\u0101kums&#8221;<\/span><\/a><\/p>\n","protected":false},"author":1,"featured_media":0,"parent":0,"menu_order":0,"comment_status":"closed","ping_status":"closed","template":"","meta":{"footnotes":""},"class_list":["post-234","page","type-page","status-publish","hentry"],"yoast_head":"<!-- This site is optimized with the Yoast SEO plugin v27.3 - https:\/\/yoast.com\/product\/yoast-seo-wordpress\/ -->\n<title>K\u0101 ieg\u0101d\u0101ties Powerball<\/title>\n<meta name=\"description\" content=\"K\u0101 ieg\u0101d\u0101ties Powerball bi\u013cetes tie\u0161saist\u0113 un bezsaist\u0113. Soli pa solim sniegta instrukcija V\u0101cijai: pakalpojumu sniedz\u0113ji, maks\u0101jumu metodes, nodok\u013ci un padomi sp\u0113l\u0113\u0161anai.\" \/>\n<meta name=\"robots\" content=\"index, follow, max-snippet:-1, max-image-preview:large, max-video-preview:-1\" \/>\n<link rel=\"canonical\" href=\"https:\/\/onlinelottospielen24.de\/lv\/\" \/>\n<meta property=\"og:locale\" content=\"lv_LV\" \/>\n<meta property=\"og:type\" content=\"article\" \/>\n<meta property=\"og:title\" content=\"K\u0101 ieg\u0101d\u0101ties Powerball\" \/>\n<meta property=\"og:description\" content=\"K\u0101 ieg\u0101d\u0101ties Powerball bi\u013cetes tie\u0161saist\u0113 un bezsaist\u0113. Soli pa solim sniegta instrukcija V\u0101cijai: pakalpojumu sniedz\u0113ji, maks\u0101jumu metodes, nodok\u013ci un padomi sp\u0113l\u0113\u0161anai.\" \/>\n<meta property=\"og:url\" content=\"https:\/\/onlinelottospielen24.de\/lv\/\" \/>\n<meta name=\"twitter:card\" content=\"summary_large_image\" \/>\n<meta name=\"twitter:label1\" content=\"Est. reading time\" \/>\n\t<meta name=\"twitter:data1\" content=\"4 minutes\" \/>\n<script type=\"application\/ld+json\" class=\"yoast-schema-graph\">{\"@context\":\"https:\\\/\\\/schema.org\",\"@graph\":[{\"@type\":\"WebPage\",\"@id\":\"https:\\\/\\\/onlinelottospielen24.de\\\/lv\\\/\",\"url\":\"https:\\\/\\\/onlinelottospielen24.de\\\/lv\\\/\",\"name\":\"K\u0101 ieg\u0101d\u0101ties Powerball\",\"isPartOf\":{\"@id\":\"https:\\\/\\\/onlinelottospielen24.de\\\/lv\\\/de\\\/#website\"},\"datePublished\":\"2025-08-02T16:46:36+00:00\",\"description\":\"K\u0101 ieg\u0101d\u0101ties Powerball bi\u013cetes tie\u0161saist\u0113 un bezsaist\u0113. Soli pa solim sniegta instrukcija V\u0101cijai: pakalpojumu sniedz\u0113ji, maks\u0101jumu metodes, nodok\u013ci un padomi sp\u0113l\u0113\u0161anai.\",\"breadcrumb\":{\"@id\":\"https:\\\/\\\/onlinelottospielen24.de\\\/lv\\\/#breadcrumb\"},\"inLanguage\":\"lv-LV\",\"potentialAction\":[{\"@type\":\"ReadAction\",\"target\":[\"https:\\\/\\\/onlinelottospielen24.de\\\/lv\\\/\"]}]},{\"@type\":\"BreadcrumbList\",\"@id\":\"https:\\\/\\\/onlinelottospielen24.de\\\/lv\\\/#breadcrumb\",\"itemListElement\":[{\"@type\":\"ListItem\",\"position\":1,\"name\":\"Home\",\"item\":\"https:\\\/\\\/onlinelottospielen24.de\\\/lv\\\/\"},{\"@type\":\"ListItem\",\"position\":2,\"name\":\"S\u0101kums\"}]},{\"@type\":\"WebSite\",\"@id\":\"https:\\\/\\\/onlinelottospielen24.de\\\/lv\\\/de\\\/#website\",\"url\":\"https:\\\/\\\/onlinelottospielen24.de\\\/lv\\\/de\\\/\",\"name\":\"\",\"description\":\"\",\"potentialAction\":[{\"@type\":\"SearchAction\",\"target\":{\"@type\":\"EntryPoint\",\"urlTemplate\":\"https:\\\/\\\/onlinelottospielen24.de\\\/lv\\\/de\\\/?s={search_term_string}\"},\"query-input\":{\"@type\":\"PropertyValueSpecification\",\"valueRequired\":true,\"valueName\":\"search_term_string\"}}],\"inLanguage\":\"lv-LV\"}]}<\/script>\n<!-- \/ Yoast SEO plugin. -->","yoast_head_json":{"title":"K\u0101 ieg\u0101d\u0101ties Powerball","description":"K\u0101 ieg\u0101d\u0101ties Powerball bi\u013cetes tie\u0161saist\u0113 un bezsaist\u0113. Soli pa solim sniegta instrukcija V\u0101cijai: pakalpojumu sniedz\u0113ji, maks\u0101jumu metodes, nodok\u013ci un padomi sp\u0113l\u0113\u0161anai.","robots":{"index":"index","follow":"follow","max-snippet":"max-snippet:-1","max-image-preview":"max-image-preview:large","max-video-preview":"max-video-preview:-1"},"canonical":"https:\/\/onlinelottospielen24.de\/lv\/","og_locale":"lv_LV","og_type":"article","og_title":"K\u0101 ieg\u0101d\u0101ties Powerball","og_description":"K\u0101 ieg\u0101d\u0101ties Powerball bi\u013cetes tie\u0161saist\u0113 un bezsaist\u0113. Soli pa solim sniegta instrukcija V\u0101cijai: pakalpojumu sniedz\u0113ji, maks\u0101jumu metodes, nodok\u013ci un padomi sp\u0113l\u0113\u0161anai.","og_url":"https:\/\/onlinelottospielen24.de\/lv\/","twitter_card":"summary_large_image","twitter_misc":{"Est. reading time":"4 minutes"},"schema":{"@context":"https:\/\/schema.org","@graph":[{"@type":"WebPage","@id":"https:\/\/onlinelottospielen24.de\/lv\/","url":"https:\/\/onlinelottospielen24.de\/lv\/","name":"K\u0101 ieg\u0101d\u0101ties Powerball","isPartOf":{"@id":"https:\/\/onlinelottospielen24.de\/lv\/de\/#website"},"datePublished":"2025-08-02T16:46:36+00:00","description":"K\u0101 ieg\u0101d\u0101ties Powerball bi\u013cetes tie\u0161saist\u0113 un bezsaist\u0113. Soli pa solim sniegta instrukcija V\u0101cijai: pakalpojumu sniedz\u0113ji, maks\u0101jumu metodes, nodok\u013ci un padomi sp\u0113l\u0113\u0161anai.","breadcrumb":{"@id":"https:\/\/onlinelottospielen24.de\/lv\/#breadcrumb"},"inLanguage":"lv-LV","potentialAction":[{"@type":"ReadAction","target":["https:\/\/onlinelottospielen24.de\/lv\/"]}]},{"@type":"BreadcrumbList","@id":"https:\/\/onlinelottospielen24.de\/lv\/#breadcrumb","itemListElement":[{"@type":"ListItem","position":1,"name":"Home","item":"https:\/\/onlinelottospielen24.de\/lv\/"},{"@type":"ListItem","position":2,"name":"S\u0101kums"}]},{"@type":"WebSite","@id":"https:\/\/onlinelottospielen24.de\/lv\/de\/#website","url":"https:\/\/onlinelottospielen24.de\/lv\/de\/","name":"","description":"","potentialAction":[{"@type":"SearchAction","target":{"@type":"EntryPoint","urlTemplate":"https:\/\/onlinelottospielen24.de\/lv\/de\/?s={search_term_string}"},"query-input":{"@type":"PropertyValueSpecification","valueRequired":true,"valueName":"search_term_string"}}],"inLanguage":"lv-LV"}]}},"_links":{"self":[{"href":"https:\/\/onlinelottospielen24.de\/lv\/wp-json\/wp\/v2\/pages\/234","targetHints":{"allow":["GET"]}}],"collection":[{"href":"https:\/\/onlinelottospielen24.de\/lv\/wp-json\/wp\/v2\/pages"}],"about":[{"href":"https:\/\/onlinelottospielen24.de\/lv\/wp-json\/wp\/v2\/types\/page"}],"author":[{"embeddable":true,"href":"https:\/\/onlinelottospielen24.de\/lv\/wp-json\/wp\/v2\/users\/1"}],"replies":[{"embeddable":true,"href":"https:\/\/onlinelottospielen24.de\/lv\/wp-json\/wp\/v2\/comments?post=234"}],"version-history":[{"count":0,"href":"https:\/\/onlinelottospielen24.de\/lv\/wp-json\/wp\/v2\/pages\/234\/revisions"}],"wp:attachment":[{"href":"https:\/\/onlinelottospielen24.de\/lv\/wp-json\/wp\/v2\/media?parent=234"}],"curies":[{"name":"wp","href":"https:\/\/api.w.org\/{rel}","templated":true}]}}