{"id":235,"date":"2025-08-02T16:46:36","date_gmt":"2025-08-02T16:46:36","guid":{"rendered":"https:\/\/onlinelottospielen24.de\/perkant-bilieta-reikia-pasirinkti-zaidimo-funkcija-kur-galiu-zaisti-powerball-yra-populiariausias-loterijos-zaidimas-amerikoje-kuri-galima-zaisti-42-valstijose-visoje-salyje-jis\/"},"modified":"2025-08-02T16:46:36","modified_gmt":"2025-08-02T16:46:36","slug":"perkant-bilieta-reikia-pasirinkti-zaidimo-funkcija-kur-galiu-zaisti-powerball-yra-populiariausias-loterijos-zaidimas-amerikoje-kuri-galima-zaisti-42-valstijose-visoje-salyje-jis","status":"publish","type":"page","link":"https:\/\/onlinelottospielen24.de\/lt\/","title":{"rendered":"Perkant biliet\u0105, reikia pasirinkti \u017eaidimo funkcij\u0105. <h2>Kur galiu \u017eaisti?<\/h2> \u201ePowerBall\u201c yra populiariausias loterijos \u017eaidimas Amerikoje, kur\u012f galima \u017eaisti 42 valstijose visoje \u0161alyje. Jis taip pat \u017eaid\u017eiamas Va\u0161ingtone ir JAV Mergeli\u0173 salose. Yra a\u0161tuonios valstijos, kuri\u0173 gyventojai negali dalyvauti \u0161ioje loterijoje: Nevada, Kalifornija, Juta, Misisip\u0117, Vajomingas, Alabama, Havajai ir Aliaska.  Ta\u010diau, kaip min\u0117ta \u0161io straipsnio prad\u017eioje, \u201ePowerBall\u201c galima \u017eaisti ir u\u017e JAV rib\u0173, jei nesate JAV pilietis, arba JAV valstijoje, kurioje negalite \u012fsigyti loterijos parduotuv\u0117je. \u201eRedFoxLotto\u201c tai suteikia visiems. <strong><span style=\"text-decoration: underline;\"><a href=\"https:\/\/redfoxlotto.com\/?ref=A8564250A2&amp;medium=pwb\" target=\"_blank\" rel=\"noopener noreferrer\">Gaukite savo \u201ePowerBall\u201c loterijos biliet\u0105 internetu dabar!<\/a><\/span><\/strong>"},"content":{"rendered":"<h2>Kaip internetu pirkti \u201ePowerball\u201c bilietus<\/h2>\n<p>\u201ePowerball\u201c yra itin populiarus loterijos \u017eaidimas su dideliais prizais ir kaupiamaisiais prizais, kuri\u0173 vert\u0117 svyruoja nuo 140 mln. iki daugiau nei 300 mln. doleri\u0173! 2012 m. \u201ePowerball\u201c kaupiam\u0105j\u012f priz\u0105 jau laim\u0117jo septyni \u017emon\u0117s. Ma\u017eiausias kaupiamasis prizas buvo 60 mln. doleri\u0173, o did\u017eiausias \u2013 337 mln. doleri\u0173! Tai gali nutikti ir jums! Nor\u0117dami laim\u0117ti milijonus, tereikia <strong>nusipirkti \u201ePowerball\u201c biliet\u0105 internetu<\/strong>.<\/p>\n<p><img loading=\"lazy\" decoding=\"async\" style=\"margin: 1px; float: right;\" src=\"images\/powerball_lottery.gif\" alt=\"Powerball lottery\" width=\"250\" height=\"96\" \/>Nors loterija i\u0161 prad\u017ei\u0173 buvo skirta JAV gyventojams, o bilietus buvo galima \u012fsigyti vietin\u0117se parduotuv\u0117se, dabar \u201ePowerball\u201c bilietus galima \u012fsigyti internetu! Nesvarbu, ar gyvenate JAV, ar Australijoje, \u201ePowerBall\u201c galite \u017eaisti bet kurioje pasaulio vietoje!<\/p>\n<p>Pirkti ir dalyvauti \u201ePowerBall\u201c galima d\u0117l i\u0161skirtin\u0117s \u201eRedFoxLotto\u201c teikiamos paslaugos. \u201eRedFoxLotto\u201c yra \u012fmon\u0117, turinti \u0161imtus platintoj\u0173 visame pasaulyje, padedanti jums \u012fsigyti bet kuri\u0105 norim\u0105 loterij\u0105.<\/p>\n<p><strong>Prie\u0161 gaunant loterijos biliet\u0105, tereikia atlikti keturis paprastus veiksmus:<\/strong><\/p>\n<ol>\n<li>Pasirinkite loterij\u0105, kurioje norite dalyvauti \u2013 \u0161iuo atveju \u2013 \u201ePowerBall\u201c \u2013 spustel\u0117j\u0119 reklamjuost\u0119 m\u016bs\u0173 svetain\u0117je <span style=\"text-decoration: underline;\"><strong><a href=\"https:\/\/redfoxlotto.com\/?ref=A8564250A2&amp;medium=pwb\" target=\"_blank\" rel=\"noopener noreferrer\">arba tiesiog spustel\u0117kite \u010dia<\/a><\/strong><\/span><\/li>\n<li>Vienas i\u0161 daugelio vietini\u0173 \u201eRedFoxLotto\u201c pardavimo partneri\u0173 nupirks biliet\u0105 j\u016bs\u0173 vardu.<\/li>\n<li>Tada bilietas pasirodys j\u016bs\u0173 paskyroje.<\/li>\n<li>Pasibaigus loterijai ir laim\u0117jus, gausite dar vien\u0105 el. lai\u0161k\u0105 su informacija, kaip atsiimti savo laim\u0117jimus.<\/li>\n<li>Visi laim\u0117jimai, ma\u017eesni nei 2 500 \u20ac, bus \u012fskaityti \u012f j\u016bs\u0173 kliento s\u0105skait\u0105. O norint gauti didesni\u0173 laim\u0117jim\u0173, \u201eRedFoxLotto\u201c pad\u0117s jums gauti \u010dek\u012f. U\u017e \u0161i\u0105 paslaug\u0105 n\u0117ra jokio papildomo mokes\u010dio!<\/li>\n<\/ol>\n<p>\u0160ia i\u0161skirtine paslauga naudojasi t\u016bkstan\u010diai \u017emoni\u0173 visame pasaulyje. Jei nerimaujate, kas nutikt\u0173, jei laim\u0117tum\u0117te pagrindin\u012f priz\u0105, nesijaudinkite. \u0160i \u012fmon\u0117 yra ne tik visi\u0161kai patikima ir teis\u0117ta, bet ir j\u016bs\u0173 bilietas bus su j\u016bs\u0173 vardu, tod\u0117l i\u0161vengiama klaid\u0173 ir suk\u010diavimo.<\/p>\n<p>Per \u0161i\u0105 paslaug\u0105 galite ne tik pirkti \u201ePowerBall\u201c loterijas, bet ir \u012fsigyti \u201eEuromillions\u201c bilietus, dalyvauti \u201eEl Gordo\u201c ir \u201eSuperenalotto\u201c bei daugelyje kit\u0173 tarptautini\u0173 loterij\u0173. Nesvarbu, kur gyvenate pasaulyje, galite dalyvauti u\u017esienio loterijose taip da\u017enai ir kada tik norite.<\/p>\n<h2>Loterija<\/h2>\n<p>Loterija vyksta du kartus per savait\u0119 \u2013 kiekvien\u0105 tre\u010diadienio ir \u0161e\u0161tadienio vakar\u0105 22:59 val. Ryt\u0173 laiku. Bilietus galima \u012fsigyti iki paskutin\u0117s lo\u0161imo valandos, o tai rei\u0161kia, kad pardavimas baigiasi 59 minutes prie\u0161 lo\u0161imo prad\u017ei\u0105. Pra\u0161ome palaukti bent dvi valandas, kol internetu \u012fsigysite biliet\u0105, kad \u201eRedFoxLotto\u201c gal\u0117t\u0173 apdoroti j\u016bs\u0173 \u201ePowerball\u201c bilieto u\u017esakym\u0105.<\/p>\n<p>Laim\u0117tojai ir laimingi skai\u010diai nustatomi i\u0161traukiant penkis baltus kamuoliukus i\u0161 b\u016bgno, kuriame yra i\u0161 viso 59 kamuoliukai. Naujas papildymas \u2013 raudonas kamuoliukas, i\u0161traukiamas i\u0161 atskiro b\u016bgno, kuriame yra 35 raudoni kamuoliukai.<\/p>\n<h2>Laim\u0117jimo b\u016bdai<\/h2>\n<p>\u201ePowerball\u201c loterija si\u016blo devynis skirtingus laim\u0117jimo b\u016bdus. Pagrindin\u012f priz\u0105, did\u012fj\u012f kaupiam\u0105j\u012f priz\u0105, laimite, jei j\u016bs\u0173 biliete sutampa visi penki balti skai\u010diai ir raudonas kamuoliukas, dar vadinamas \u201ePowerball\u201c. Jei laimite kaupiam\u0105j\u012f priz\u0105, galite gauti vienkartin\u0119 i\u0161mok\u0105 i\u0161 karto arba vis\u0105 kaupiam\u0105j\u012f priz\u0105 kasmet 29 metus. Nors tai gali atrodyti ilgas laikas, esame tikri, kad b\u016bsite daugiau nei patenkinti ma\u017edaug 10 milijon\u0173 doleri\u0173 metiniu i\u0161mok\u0117jimu!<\/p>\n<p>Tikimyb\u0117 laim\u0117ti \u201ePowerBall\u201c loterijoje yra ma\u017edaug 1 i\u0161 32. Laim\u0117ti galite \u0161iais b\u016bdais:<\/p>\n<ul>\n<li>5 balti kamuoliukai + \u201ePowerBall\u201c laimi pagrindin\u012f priz\u0105<\/li>\n<li>5 balti kamuoliukai laimi 1 milijon\u0105 doleri\u0173<\/li>\n<li>4 balti kamuoliukai + \u201ePowerBall\u201c laimi 10 000 doleri\u0173<\/li>\n<li>4 balti kamuoliukai laimi 100 doleri\u0173<\/li>\n<li>3 balti kamuoliukai + \u201ePowerBall\u201c laimi 100 doleri\u0173<\/li>\n<li>3 balti kamuoliukai laimi 7 dolerius<\/li>\n<li>2 balti kamuoliukai + \u201ePowerBall\u201c laimi 7 dolerius<\/li>\n<li>1 baltas kamuoliukas + \u201ePowerBall\u201c laimi 7 dolerius<\/li>\n<li>Vien \u201ePowerBall\u201c laimi 4 dolerius<\/li>\n<\/ul>\n<p>Taip pat yra papildoma funkcija: jei \u012fjungsite \u201ePowerPlay\u201c funkcij\u0105, gal\u0117site \u017eaisti originali\u0105&#8230; Padidinkite laim\u0117jimo sum\u0105. Jei j\u016bs\u0173 biliete yra laimingas derinys 5+0, j\u016bs\u0173 laim\u0117jimas bus 2 milijonai doleri\u0173, o ne 1 milijonas doleri\u0173. \u201ePowerPlay\u201c&#8230;<\/p>\n","protected":false},"excerpt":{"rendered":"<p>Kaip internetu pirkti \u201ePowerball\u201c bilietus \u201ePowerball\u201c yra itin populiarus loterijos \u017eaidimas su dideliais prizais ir kaupiamaisiais prizais, kuri\u0173 vert\u0117 svyruoja nuo 140 mln. iki daugiau nei 300 mln. doleri\u0173! 2012 m. \u201ePowerball\u201c kaupiam\u0105j\u012f priz\u0105 jau laim\u0117jo septyni \u017emon\u0117s. Ma\u017eiausias kaupiamasis prizas buvo 60 mln. doleri\u0173, o did\u017eiausias \u2013 337 mln. doleri\u0173! Tai gali nutikti ir &hellip; <\/p>\n<p class=\"link-more\"><a href=\"https:\/\/onlinelottospielen24.de\/lt\/\" class=\"more-link\">Read more<span class=\"screen-reader-text\"> &#8222;Perkant biliet\u0105, reikia pasirinkti \u017eaidimo funkcij\u0105. <\/p>\n<h2>Kur galiu \u017eaisti?<\/h2>\n<p> \u201ePowerBall\u201c yra populiariausias loterijos \u017eaidimas Amerikoje, kur\u012f galima \u017eaisti 42 valstijose visoje \u0161alyje. Jis taip pat \u017eaid\u017eiamas Va\u0161ingtone ir JAV Mergeli\u0173 salose. Yra a\u0161tuonios valstijos, kuri\u0173 gyventojai negali dalyvauti \u0161ioje loterijoje: Nevada, Kalifornija, Juta, Misisip\u0117, Vajomingas, Alabama, Havajai ir Aliaska.  Ta\u010diau, kaip min\u0117ta \u0161io straipsnio prad\u017eioje, \u201ePowerBall\u201c galima \u017eaisti ir u\u017e JAV rib\u0173, jei nesate JAV pilietis, arba JAV valstijoje, kurioje negalite \u012fsigyti loterijos parduotuv\u0117je. \u201eRedFoxLotto\u201c tai suteikia visiems. <strong><span style=\"text-decoration: underline;\"><a href=\"https:\/\/redfoxlotto.com\/?ref=A8564250A2&amp;medium=pwb\" target=\"_blank\" rel=\"noopener noreferrer\">Gaukite savo \u201ePowerBall\u201c loterijos biliet\u0105 internetu dabar!<\/a><\/span><\/strong>&#8222;<\/span><\/a><\/p>\n","protected":false},"author":1,"featured_media":0,"parent":0,"menu_order":0,"comment_status":"closed","ping_status":"closed","template":"","meta":{"footnotes":""},"class_list":["post-235","page","type-page","status-publish","hentry"],"yoast_head":"<!-- This site is optimized with the Yoast SEO plugin v27.3 - https:\/\/yoast.com\/product\/yoast-seo-wordpress\/ -->\n<title>Kaip nusipirkti \u201ePowerball\u201c<\/title>\n<meta name=\"description\" content=\"Kaip pirkti \u201ePowerball\u201c bilietus internetu ir neprisijungus. \u017dingsnis po \u017eingsnio vadovas Vokietijai: tiek\u0117jai, mok\u0117jimo b\u016bdai, mokes\u010diai ir \u017eaidimo patarimai.\" \/>\n<meta name=\"robots\" content=\"index, follow, max-snippet:-1, max-image-preview:large, max-video-preview:-1\" \/>\n<link rel=\"canonical\" href=\"https:\/\/onlinelottospielen24.de\/lt\/\" \/>\n<meta property=\"og:locale\" content=\"lt_LT\" \/>\n<meta property=\"og:type\" content=\"article\" \/>\n<meta property=\"og:title\" content=\"Kaip nusipirkti \u201ePowerball\u201c\" \/>\n<meta property=\"og:description\" content=\"Kaip pirkti \u201ePowerball\u201c bilietus internetu ir neprisijungus. \u017dingsnis po \u017eingsnio vadovas Vokietijai: tiek\u0117jai, mok\u0117jimo b\u016bdai, mokes\u010diai ir \u017eaidimo patarimai.\" \/>\n<meta property=\"og:url\" content=\"https:\/\/onlinelottospielen24.de\/lt\/\" \/>\n<meta name=\"twitter:card\" content=\"summary_large_image\" \/>\n<meta name=\"twitter:label1\" content=\"Est. reading time\" \/>\n\t<meta name=\"twitter:data1\" content=\"3 minut\u0117s\" \/>\n<script type=\"application\/ld+json\" class=\"yoast-schema-graph\">{\"@context\":\"https:\\\/\\\/schema.org\",\"@graph\":[{\"@type\":\"WebPage\",\"@id\":\"https:\\\/\\\/onlinelottospielen24.de\\\/lt\\\/\",\"url\":\"https:\\\/\\\/onlinelottospielen24.de\\\/lt\\\/\",\"name\":\"Kaip nusipirkti \u201ePowerball\u201c\",\"isPartOf\":{\"@id\":\"https:\\\/\\\/onlinelottospielen24.de\\\/lt\\\/de\\\/#website\"},\"datePublished\":\"2025-08-02T16:46:36+00:00\",\"description\":\"Kaip pirkti \u201ePowerball\u201c bilietus internetu ir neprisijungus. \u017dingsnis po \u017eingsnio vadovas Vokietijai: tiek\u0117jai, mok\u0117jimo b\u016bdai, mokes\u010diai ir \u017eaidimo patarimai.\",\"breadcrumb\":{\"@id\":\"https:\\\/\\\/onlinelottospielen24.de\\\/lt\\\/#breadcrumb\"},\"inLanguage\":\"lt-LT\",\"potentialAction\":[{\"@type\":\"ReadAction\",\"target\":[\"https:\\\/\\\/onlinelottospielen24.de\\\/lt\\\/\"]}]},{\"@type\":\"BreadcrumbList\",\"@id\":\"https:\\\/\\\/onlinelottospielen24.de\\\/lt\\\/#breadcrumb\",\"itemListElement\":[{\"@type\":\"ListItem\",\"position\":1,\"name\":\"Home\",\"item\":\"https:\\\/\\\/onlinelottospielen24.de\\\/lt\\\/\"},{\"@type\":\"ListItem\",\"position\":2,\"name\":\"Perkant biliet\u0105, reikia pasirinkti \u017eaidimo funkcij\u0105. Kur galiu \u017eaisti? \u201ePowerBall\u201c yra populiariausias loterijos \u017eaidimas Amerikoje, kur\u012f galima \u017eaisti 42 valstijose visoje \u0161alyje. Jis taip pat \u017eaid\u017eiamas Va\u0161ingtone ir JAV Mergeli\u0173 salose. Yra a\u0161tuonios valstijos, kuri\u0173 gyventojai negali dalyvauti \u0161ioje loterijoje: Nevada, Kalifornija, Juta, Misisip\u0117, Vajomingas, Alabama, Havajai ir Aliaska. Ta\u010diau, kaip min\u0117ta \u0161io straipsnio prad\u017eioje, \u201ePowerBall\u201c galima \u017eaisti ir u\u017e JAV rib\u0173, jei nesate JAV pilietis, arba JAV valstijoje, kurioje negalite \u012fsigyti loterijos parduotuv\u0117je. \u201eRedFoxLotto\u201c tai suteikia visiems. Gaukite savo \u201ePowerBall\u201c loterijos biliet\u0105 internetu dabar!\"}]},{\"@type\":\"WebSite\",\"@id\":\"https:\\\/\\\/onlinelottospielen24.de\\\/lt\\\/de\\\/#website\",\"url\":\"https:\\\/\\\/onlinelottospielen24.de\\\/lt\\\/de\\\/\",\"name\":\"\",\"description\":\"\",\"potentialAction\":[{\"@type\":\"SearchAction\",\"target\":{\"@type\":\"EntryPoint\",\"urlTemplate\":\"https:\\\/\\\/onlinelottospielen24.de\\\/lt\\\/de\\\/?s={search_term_string}\"},\"query-input\":{\"@type\":\"PropertyValueSpecification\",\"valueRequired\":true,\"valueName\":\"search_term_string\"}}],\"inLanguage\":\"lt-LT\"}]}<\/script>\n<!-- \/ Yoast SEO plugin. -->","yoast_head_json":{"title":"Kaip nusipirkti \u201ePowerball\u201c","description":"Kaip pirkti \u201ePowerball\u201c bilietus internetu ir neprisijungus. \u017dingsnis po \u017eingsnio vadovas Vokietijai: tiek\u0117jai, mok\u0117jimo b\u016bdai, mokes\u010diai ir \u017eaidimo patarimai.","robots":{"index":"index","follow":"follow","max-snippet":"max-snippet:-1","max-image-preview":"max-image-preview:large","max-video-preview":"max-video-preview:-1"},"canonical":"https:\/\/onlinelottospielen24.de\/lt\/","og_locale":"lt_LT","og_type":"article","og_title":"Kaip nusipirkti \u201ePowerball\u201c","og_description":"Kaip pirkti \u201ePowerball\u201c bilietus internetu ir neprisijungus. \u017dingsnis po \u017eingsnio vadovas Vokietijai: tiek\u0117jai, mok\u0117jimo b\u016bdai, mokes\u010diai ir \u017eaidimo patarimai.","og_url":"https:\/\/onlinelottospielen24.de\/lt\/","twitter_card":"summary_large_image","twitter_misc":{"Est. reading time":"3 minut\u0117s"},"schema":{"@context":"https:\/\/schema.org","@graph":[{"@type":"WebPage","@id":"https:\/\/onlinelottospielen24.de\/lt\/","url":"https:\/\/onlinelottospielen24.de\/lt\/","name":"Kaip nusipirkti \u201ePowerball\u201c","isPartOf":{"@id":"https:\/\/onlinelottospielen24.de\/lt\/de\/#website"},"datePublished":"2025-08-02T16:46:36+00:00","description":"Kaip pirkti \u201ePowerball\u201c bilietus internetu ir neprisijungus. \u017dingsnis po \u017eingsnio vadovas Vokietijai: tiek\u0117jai, mok\u0117jimo b\u016bdai, mokes\u010diai ir \u017eaidimo patarimai.","breadcrumb":{"@id":"https:\/\/onlinelottospielen24.de\/lt\/#breadcrumb"},"inLanguage":"lt-LT","potentialAction":[{"@type":"ReadAction","target":["https:\/\/onlinelottospielen24.de\/lt\/"]}]},{"@type":"BreadcrumbList","@id":"https:\/\/onlinelottospielen24.de\/lt\/#breadcrumb","itemListElement":[{"@type":"ListItem","position":1,"name":"Home","item":"https:\/\/onlinelottospielen24.de\/lt\/"},{"@type":"ListItem","position":2,"name":"Perkant biliet\u0105, reikia pasirinkti \u017eaidimo funkcij\u0105. Kur galiu \u017eaisti? \u201ePowerBall\u201c yra populiariausias loterijos \u017eaidimas Amerikoje, kur\u012f galima \u017eaisti 42 valstijose visoje \u0161alyje. Jis taip pat \u017eaid\u017eiamas Va\u0161ingtone ir JAV Mergeli\u0173 salose. Yra a\u0161tuonios valstijos, kuri\u0173 gyventojai negali dalyvauti \u0161ioje loterijoje: Nevada, Kalifornija, Juta, Misisip\u0117, Vajomingas, Alabama, Havajai ir Aliaska. Ta\u010diau, kaip min\u0117ta \u0161io straipsnio prad\u017eioje, \u201ePowerBall\u201c galima \u017eaisti ir u\u017e JAV rib\u0173, jei nesate JAV pilietis, arba JAV valstijoje, kurioje negalite \u012fsigyti loterijos parduotuv\u0117je. \u201eRedFoxLotto\u201c tai suteikia visiems. Gaukite savo \u201ePowerBall\u201c loterijos biliet\u0105 internetu dabar!"}]},{"@type":"WebSite","@id":"https:\/\/onlinelottospielen24.de\/lt\/de\/#website","url":"https:\/\/onlinelottospielen24.de\/lt\/de\/","name":"","description":"","potentialAction":[{"@type":"SearchAction","target":{"@type":"EntryPoint","urlTemplate":"https:\/\/onlinelottospielen24.de\/lt\/de\/?s={search_term_string}"},"query-input":{"@type":"PropertyValueSpecification","valueRequired":true,"valueName":"search_term_string"}}],"inLanguage":"lt-LT"}]}},"_links":{"self":[{"href":"https:\/\/onlinelottospielen24.de\/lt\/wp-json\/wp\/v2\/pages\/235","targetHints":{"allow":["GET"]}}],"collection":[{"href":"https:\/\/onlinelottospielen24.de\/lt\/wp-json\/wp\/v2\/pages"}],"about":[{"href":"https:\/\/onlinelottospielen24.de\/lt\/wp-json\/wp\/v2\/types\/page"}],"author":[{"embeddable":true,"href":"https:\/\/onlinelottospielen24.de\/lt\/wp-json\/wp\/v2\/users\/1"}],"replies":[{"embeddable":true,"href":"https:\/\/onlinelottospielen24.de\/lt\/wp-json\/wp\/v2\/comments?post=235"}],"version-history":[{"count":0,"href":"https:\/\/onlinelottospielen24.de\/lt\/wp-json\/wp\/v2\/pages\/235\/revisions"}],"wp:attachment":[{"href":"https:\/\/onlinelottospielen24.de\/lt\/wp-json\/wp\/v2\/media?parent=235"}],"curies":[{"name":"wp","href":"https:\/\/api.w.org\/{rel}","templated":true}]}}