{"id":231,"date":"2025-08-02T16:46:36","date_gmt":"2025-08-02T16:46:36","guid":{"rendered":"https:\/\/onlinelottospielen24.de\/casa\/"},"modified":"2025-08-02T16:46:36","modified_gmt":"2025-08-02T16:46:36","slug":"casa","status":"publish","type":"page","link":"https:\/\/onlinelottospielen24.de\/it\/","title":{"rendered":"Casa"},"content":{"rendered":"<h2>Come acquistare i biglietti del Powerball online<\/h2>\n<p>Il Powerball \u00e8 una lotteria estremamente popolare, con premi elevati e jackpot che vanno da 140 milioni di dollari a oltre 300 milioni di dollari! Sette persone hanno gi\u00e0 vinto il jackpot del Powerball nel 2012. Il jackpot pi\u00f9 basso \u00e8 stato di 60 milioni di dollari, mentre il pi\u00f9 alto \u00e8 stato di 337 milioni di dollari! Potrebbe succedere anche a te! Per vincere milioni, tutto ci\u00f2 che devi fare \u00e8 <strong>acquistare un biglietto del Powerball online<\/strong>.<\/p>\n<p><img loading=\"lazy\" decoding=\"async\" style=\"margin: 1px; float: right;\" src=\"images\/powerball_lottery.gif\" alt=\"Lotteria Powerball\" width=\"250\" height=\"96\" \/>Sebbene la lotteria fosse originariamente destinata ai residenti negli Stati Uniti e i biglietti potessero essere acquistati nei negozi locali, ora \u00e8 possibile acquistare i biglietti del Powerball online! Che tu viva negli Stati Uniti o in Australia, puoi giocare al Powerball ovunque nel mondo!<\/p>\n<p>Acquistare e partecipare al PowerBall \u00e8 possibile grazie al servizio esclusivo offerto da RedFoxLotto. RedFoxLotto \u00e8 un&#8217;azienda con centinaia di distributori in tutto il mondo, che ti aiuta ad acquistare qualsiasi lotteria tu voglia.<\/p>\n<p><strong>Sono necessari solo quattro semplici passaggi prima di ricevere il biglietto della lotteria:<\/strong><\/p>\n<ol>\n<li>Seleziona la lotteria a cui desideri partecipare, in questo caso PowerBall, dopo aver cliccato sul banner sul nostro sito web <span style=\"text-decoration: underline;\"><strong><a href=\"https:\/\/redfoxlotto.com\/?ref=A8564250A2&amp;medium=pwb\" target=\"_blank\" rel=\"noopener noreferrer\">oppure clicca semplicemente qui<\/a><\/strong><\/span><\/li>\n<li>Uno dei numerosi partner di vendita locali di RedFoxLotto acquister\u00e0 un biglietto per te.<\/li>\n<li>Il biglietto apparir\u00e0 quindi sul tuo account.<\/li>\n<li>Al termine dell&#8217;estrazione, se vinci, riceverai un&#8217;altra email con le informazioni su come prelevare le tue vincite.<\/li>\n<li>Tutte le vincite inferiori a \u20ac 2.500 verranno accreditate sul tuo account cliente. E per vincite pi\u00f9 consistenti, RedFoxLotto ti aiuter\u00e0 a riscuotere l&#8217;assegno. Questo servizio non prevede costi aggiuntivi!\n<p>Questo servizio esclusivo \u00e8 utilizzato da migliaia di persone in tutto il mondo. Se sei preoccupato di cosa potrebbe succedere se vincessi un jackpot, non preoccuparti. Non solo questa societ\u00e0 \u00e8 assolutamente affidabile e legittima, ma il tuo biglietto riporter\u00e0 anche il tuo nome, eliminando errori e frodi.<\/p>\n<p>Con questo servizio non solo puoi acquistare le lotterie PowerBall, ma puoi anche acquistare biglietti dell&#8217;Euromillions, partecipare a El Gordo e al Superenalotto e a numerose altre lotterie internazionali. Non importa dove vivi nel mondo, puoi partecipare alle lotterie straniere tutte le volte che vuoi.<\/p>\n<h2>Estrazioni a premi<\/h2>\n<p>Le estrazioni a premi si svolgono due volte a settimana: ogni mercoled\u00ec e sabato sera alle 22:59, ora della costa orientale. I biglietti possono essere acquistati fino all&#8217;ultima ora dell&#8217;estrazione, il che significa che la vendita termina 59 minuti prima dell&#8217;inizio dell&#8217;estrazione. Si prega di attendere almeno due ore per l&#8217;acquisto online del biglietto, in modo che RedFoxLotto possa elaborare l&#8217;ordine del biglietto Powerball.<br \/>\nI vincitori e i numeri fortunati vengono determinati estraendo cinque palline bianche da un tamburo contenente un totale di 59 palline. Una novit\u00e0 \u00e8 l&#8217;estrazione di una pallina rossa da un tamburo separato contenente 35 palline rosse.<\/p>\n<h2>Modi per vincere<\/h2>\n<p>La lotteria Powerball offre nove diversi modi per vincere. Si vince il primo premio, il jackpot principale, se il biglietto indovina tutti e cinque i numeri bianchi e la pallina rossa, nota anche come &#8220;Powerball&#8221;. Se si vince il jackpot, si pu\u00f2 ricevere una somma forfettaria immediata o l&#8217;intero jackpot ogni anno per 29 anni. Anche se pu\u00f2 sembrare un periodo di tempo lungo, siamo sicuri che sarete pi\u00f9 che soddisfatti di una vincita annuale di circa 10 milioni di dollari!<\/p>\n<p>Le probabilit\u00e0 di vincere alla lotteria PowerBall sono circa 1 su 32. Puoi vincere nei seguenti modi:<\/p>\n<ul>\n<li>5 palline bianche + il PowerBall vincono il jackpot<\/li>\n<li>5 palline bianche vincono 1 milione di dollari<\/li>\n<li>4 palline bianche + il PowerBall vincono 10.000 dollari<\/li>\n<li>4 palline bianche vincono 100 dollari<\/li>\n<li>3 palline bianche + il PowerBall vincono 100 dollari<\/li>\n<li>3 palline bianche vincono 7 dollari<\/li>\n<li>2 palline bianche + il PowerBall vincono 7 dollari<\/li>\n<li>1 pallina bianca + il PowerBall vincono 7 dollari<\/li>\n<li>Il PowerBall da solo vince 4 dollari<\/li>\n<\/ul>\n<p>C&#8217;\u00e8 anche una funzione aggiuntiva: se attivi la funzione PowerPlay, puoi giocare la lotteria originale. Aumenta l&#8217;importo della vincita. Se la tua schedina contiene la combinazione vincente 5+0, la tua vincita sar\u00e0 di 2 milioni di dollari invece di 1 milione di dollari. Il PowerPlayLa funzione di gioco deve essere selezionata al momento dell&#8217;acquisto del biglietto.<\/p>\n<h2>Dove posso giocare?<\/h2>\n<p>PowerBall \u00e8 la lotteria pi\u00f9 popolare d&#8217;America e pu\u00f2 essere giocata in 42 stati in tutto il paese. Si gioca anche a Washington, D.C. e nelle Isole Vergini americane. Ci sono otto stati che non consentono ai propri residenti di partecipare a questa lotteria: Nevada, California, Utah, Mississippi, Wyoming, Alabama, Hawaii e Alaska.<\/p>\n<p>Tuttavia, come accennato all&#8217;inizio di questo articolo, \u00e8 possibile giocare a PowerBall anche al di fuori degli Stati Uniti e come cittadini non statunitensi, o in uno stato degli Stati Uniti in cui non \u00e8 possibile acquistare la lotteria in un negozio. RedFoxLotto lo rende possibile a tutti. <strong><span style=\"text-decoration: underline;\"><a href=\"https:\/\/redfoxlotto.com\/?ref=A8564250A2&amp;medium=pwb\" target=\"_blank\" rel=\"noopener noreferrer\">Acquista subito il tuo biglietto della lotteria PowerBall online!<\/a><\/span><\/strong><\/p>\n","protected":false},"excerpt":{"rendered":"<p>Come acquistare i biglietti del Powerball online Il Powerball \u00e8 una lotteria estremamente popolare, con premi elevati e jackpot che vanno da 140 milioni di dollari a oltre 300 milioni di dollari! Sette persone hanno gi\u00e0 vinto il jackpot del Powerball nel 2012. Il jackpot pi\u00f9 basso \u00e8 stato di 60 milioni di dollari, mentre &hellip; <\/p>\n<p class=\"link-more\"><a href=\"https:\/\/onlinelottospielen24.de\/it\/\" class=\"more-link\">Leggi tutto<span class=\"screen-reader-text\"> &#8220;Casa&#8221;<\/span><\/a><\/p>\n","protected":false},"author":1,"featured_media":0,"parent":0,"menu_order":0,"comment_status":"closed","ping_status":"closed","template":"","meta":{"footnotes":""},"class_list":["post-231","page","type-page","status-publish","hentry"],"yoast_head":"<!-- This site is optimized with the Yoast SEO plugin v27.4 - https:\/\/yoast.com\/product\/yoast-seo-wordpress\/ -->\n<title>Come acquistare Powerball<\/title>\n<meta name=\"description\" content=\"Come acquistare i biglietti del Powerball online e offline. Una guida passo passo per la Germania: fornitori, metodi di pagamento, tasse e consigli per giocare.\" \/>\n<meta name=\"robots\" content=\"index, follow, max-snippet:-1, max-image-preview:large, max-video-preview:-1\" \/>\n<link rel=\"canonical\" href=\"https:\/\/onlinelottospielen24.de\/it\/\" \/>\n<meta property=\"og:locale\" content=\"it_IT\" \/>\n<meta property=\"og:type\" content=\"article\" \/>\n<meta property=\"og:title\" content=\"Come acquistare Powerball\" \/>\n<meta property=\"og:description\" content=\"Come acquistare i biglietti del Powerball online e offline. Una guida passo passo per la Germania: fornitori, metodi di pagamento, tasse e consigli per giocare.\" \/>\n<meta property=\"og:url\" content=\"https:\/\/onlinelottospielen24.de\/it\/\" \/>\n<meta name=\"twitter:card\" content=\"summary_large_image\" \/>\n<meta name=\"twitter:label1\" content=\"Tempo di lettura stimato\" \/>\n\t<meta name=\"twitter:data1\" content=\"4 minuti\" \/>\n<script type=\"application\/ld+json\" class=\"yoast-schema-graph\">{\"@context\":\"https:\\\/\\\/schema.org\",\"@graph\":[{\"@type\":\"WebPage\",\"@id\":\"https:\\\/\\\/onlinelottospielen24.de\\\/it\\\/\",\"url\":\"https:\\\/\\\/onlinelottospielen24.de\\\/it\\\/\",\"name\":\"Come acquistare Powerball\",\"isPartOf\":{\"@id\":\"https:\\\/\\\/onlinelottospielen24.de\\\/it\\\/de\\\/#website\"},\"datePublished\":\"2025-08-02T16:46:36+00:00\",\"description\":\"Come acquistare i biglietti del Powerball online e offline. Una guida passo passo per la Germania: fornitori, metodi di pagamento, tasse e consigli per giocare.\",\"breadcrumb\":{\"@id\":\"https:\\\/\\\/onlinelottospielen24.de\\\/it\\\/#breadcrumb\"},\"inLanguage\":\"it-IT\",\"potentialAction\":[{\"@type\":\"ReadAction\",\"target\":[\"https:\\\/\\\/onlinelottospielen24.de\\\/it\\\/\"]}]},{\"@type\":\"BreadcrumbList\",\"@id\":\"https:\\\/\\\/onlinelottospielen24.de\\\/it\\\/#breadcrumb\",\"itemListElement\":[{\"@type\":\"ListItem\",\"position\":1,\"name\":\"Home\",\"item\":\"https:\\\/\\\/onlinelottospielen24.de\\\/it\\\/\"},{\"@type\":\"ListItem\",\"position\":2,\"name\":\"Casa\"}]},{\"@type\":\"WebSite\",\"@id\":\"https:\\\/\\\/onlinelottospielen24.de\\\/it\\\/de\\\/#website\",\"url\":\"https:\\\/\\\/onlinelottospielen24.de\\\/it\\\/de\\\/\",\"name\":\"\",\"description\":\"\",\"potentialAction\":[{\"@type\":\"SearchAction\",\"target\":{\"@type\":\"EntryPoint\",\"urlTemplate\":\"https:\\\/\\\/onlinelottospielen24.de\\\/it\\\/de\\\/?s={search_term_string}\"},\"query-input\":{\"@type\":\"PropertyValueSpecification\",\"valueRequired\":true,\"valueName\":\"search_term_string\"}}],\"inLanguage\":\"it-IT\"}]}<\/script>\n<!-- \/ Yoast SEO plugin. -->","yoast_head_json":{"title":"Come acquistare Powerball","description":"Come acquistare i biglietti del Powerball online e offline. Una guida passo passo per la Germania: fornitori, metodi di pagamento, tasse e consigli per giocare.","robots":{"index":"index","follow":"follow","max-snippet":"max-snippet:-1","max-image-preview":"max-image-preview:large","max-video-preview":"max-video-preview:-1"},"canonical":"https:\/\/onlinelottospielen24.de\/it\/","og_locale":"it_IT","og_type":"article","og_title":"Come acquistare Powerball","og_description":"Come acquistare i biglietti del Powerball online e offline. Una guida passo passo per la Germania: fornitori, metodi di pagamento, tasse e consigli per giocare.","og_url":"https:\/\/onlinelottospielen24.de\/it\/","twitter_card":"summary_large_image","twitter_misc":{"Tempo di lettura stimato":"4 minuti"},"schema":{"@context":"https:\/\/schema.org","@graph":[{"@type":"WebPage","@id":"https:\/\/onlinelottospielen24.de\/it\/","url":"https:\/\/onlinelottospielen24.de\/it\/","name":"Come acquistare Powerball","isPartOf":{"@id":"https:\/\/onlinelottospielen24.de\/it\/de\/#website"},"datePublished":"2025-08-02T16:46:36+00:00","description":"Come acquistare i biglietti del Powerball online e offline. Una guida passo passo per la Germania: fornitori, metodi di pagamento, tasse e consigli per giocare.","breadcrumb":{"@id":"https:\/\/onlinelottospielen24.de\/it\/#breadcrumb"},"inLanguage":"it-IT","potentialAction":[{"@type":"ReadAction","target":["https:\/\/onlinelottospielen24.de\/it\/"]}]},{"@type":"BreadcrumbList","@id":"https:\/\/onlinelottospielen24.de\/it\/#breadcrumb","itemListElement":[{"@type":"ListItem","position":1,"name":"Home","item":"https:\/\/onlinelottospielen24.de\/it\/"},{"@type":"ListItem","position":2,"name":"Casa"}]},{"@type":"WebSite","@id":"https:\/\/onlinelottospielen24.de\/it\/de\/#website","url":"https:\/\/onlinelottospielen24.de\/it\/de\/","name":"","description":"","potentialAction":[{"@type":"SearchAction","target":{"@type":"EntryPoint","urlTemplate":"https:\/\/onlinelottospielen24.de\/it\/de\/?s={search_term_string}"},"query-input":{"@type":"PropertyValueSpecification","valueRequired":true,"valueName":"search_term_string"}}],"inLanguage":"it-IT"}]}},"_links":{"self":[{"href":"https:\/\/onlinelottospielen24.de\/it\/wp-json\/wp\/v2\/pages\/231","targetHints":{"allow":["GET"]}}],"collection":[{"href":"https:\/\/onlinelottospielen24.de\/it\/wp-json\/wp\/v2\/pages"}],"about":[{"href":"https:\/\/onlinelottospielen24.de\/it\/wp-json\/wp\/v2\/types\/page"}],"author":[{"embeddable":true,"href":"https:\/\/onlinelottospielen24.de\/it\/wp-json\/wp\/v2\/users\/1"}],"replies":[{"embeddable":true,"href":"https:\/\/onlinelottospielen24.de\/it\/wp-json\/wp\/v2\/comments?post=231"}],"version-history":[{"count":0,"href":"https:\/\/onlinelottospielen24.de\/it\/wp-json\/wp\/v2\/pages\/231\/revisions"}],"wp:attachment":[{"href":"https:\/\/onlinelottospielen24.de\/it\/wp-json\/wp\/v2\/media?parent=231"}],"curies":[{"name":"wp","href":"https:\/\/api.w.org\/{rel}","templated":true}]}}