{"id":222,"date":"2025-08-02T16:46:36","date_gmt":"2025-08-02T16:46:36","guid":{"rendered":"https:\/\/onlinelottospielen24.de\/dom\/"},"modified":"2025-08-02T16:46:36","modified_gmt":"2025-08-02T16:46:36","slug":"dom","status":"publish","type":"page","link":"https:\/\/onlinelottospielen24.de\/hr\/","title":{"rendered":"Dom"},"content":{"rendered":"<h2>Kako kupiti Powerball tikete online<\/h2>\n<p>Powerball je izuzetno popularna lutrija s visokim nagradama i jackpotovima u rasponu od 140 milijuna dolara do preko 300 milijuna dolara! Sedam ljudi je ve\u0107 osvojilo Powerball jackpot u 2012. godini. Najni\u017ei jackpot bio je 60 milijuna dolara, a najvi\u0161i 337 milijuna dolara! To se mo\u017ee dogoditi i vama! Da biste osvojili milijune, sve \u0161to trebate u\u010diniti je <strong>kupiti Powerball tiket online<\/strong>.<\/p>\n<p><img loading=\"lazy\" decoding=\"async\" style=\"margin: 1px; float: right;\" src=\"images\/powerball_lottery.gif\" alt=\"Powerball lottery\" width=\"250\" height=\"96\" \/>Iako je lutrija izvorno bila namijenjena stanovnicima SAD-a, a tiketi su se mogli kupiti u lokalnim trgovinama, sada je mogu\u0107e kupiti Powerball tikete online! Bez obzira \u017eivite li u SAD-u ili Australiji, PowerBall mo\u017eete igrati bilo gdje u svijetu!<\/p>\n<p>Kupnja i sudjelovanje u PowerBallu mogu\u0107e je zahvaljuju\u0107i ekskluzivnoj usluzi koju pru\u017ea RedFoxLotto. RedFoxLotto je tvrtka sa stotinama distributera diljem svijeta, koja vam poma\u017ee kupiti bilo koju lutriju koju \u017eelite.<\/p>\n<p><strong>Prije nego \u0161to primite svoju lutrijsku kartu, potrebna su samo \u010detiri jednostavna koraka:<\/strong><\/p>\n<ol>\n<li>Odaberite lutriju u kojoj \u017eelite sudjelovati \u2013 u ovom slu\u010daju PowerBall \u2013 nakon \u0161to kliknete na banner na na\u0161oj web stranici <span style=\"text-decoration: underline;\"><strong><a href=\"https:\/\/redfoxlotto.com\/?ref=A8564250A2&amp;medium=pwb\" target=\"_blank\" rel=\"noopener noreferrer\">ili jednostavno kliknite ovdje<\/a><\/strong><\/span><\/li>\n<li>Jedan od mnogih lokalnih prodajnih partnera RedFoxLotta kupit \u0107e kartu u va\u0161e ime.<\/li>\n<li>Tiket \u0107e se zatim pojaviti na va\u0161em ra\u010dunu.<\/li>\n<li>Nakon \u0161to je izvla\u010denje zavr\u0161eno, a ako pobijedite, primit \u0107ete jo\u0161 jednu e-po\u0161tu s informacijama o tome kako podi\u0107i svoj dobitak.<\/li>\n<li>Svi dobici manji od 2500 \u20ac bit \u0107e upla\u0107eni na va\u0161 korisni\u010dki ra\u010dun. A za ve\u0107e dobitke, RedFoxLotto \u0107e vam pomo\u0107i da dobijete svoj \u010dek. Nema dodatne naplate za ovu uslugu!<\/li>\n<\/ol>\n<p>Ovu ekskluzivnu uslugu koriste tisu\u0107e ljudi diljem svijeta. Ako ste zabrinuti \u0161to bi se dogodilo ako osvojite jackpot, ne brinite. Ne samo da je ova tvrtka potpuno ugledna i legitimna, ve\u0107 \u0107e i va\u0161 tiket nositi va\u0161e ime, \u010dime se eliminiraju pogre\u0161ke i prijevare.<\/p>\n<p>Ne samo da mo\u017eete kupiti PowerBall lutrije putem ove usluge, ve\u0107 mo\u017eete kupiti i Euromillions tikete, sudjelovati u El Gordo i SuperEnalotto te sudjelovati u brojnim drugim me\u0111unarodnim lutrijama. Bez obzira gdje \u017eivite u svijetu, mo\u017eete sudjelovati u stranim lutrijama koliko god \u010desto i kad god \u017eelite.<\/p>\n<h2>Nagradne igre<\/h2>\n<p>Nagradne igre odr\u017eavaju se dva puta tjedno &#8211; svake srijede i subote nave\u010der u 22:59 po isto\u010dnom vremenu. Tiketi se mogu kupiti do posljednjeg sata izvla\u010denja, \u0161to zna\u010di da prodaja zavr\u0161ava 59 minuta prije po\u010detka izvla\u010denja. Molimo vas da odvojite barem dva sata za online kupnju listi\u0107a kako bi RedFoxLotto mogao obraditi va\u0161u narud\u017ebu Powerball listi\u0107a.<br \/>\nDobitnici i sretni brojevi odre\u0111uju se izvla\u010denjem pet bijelih kuglica iz bubnja koji sadr\u017ei ukupno 59 kuglica. Novi dodatak je crvena kuglica izvu\u010dena iz zasebnog bubnja koji sadr\u017ei 35 crvenih kuglica.<\/p>\n<h2>Na\u010dini dobitka<\/h2>\n<p>Powerball lutrija nudi devet razli\u010ditih na\u010dina dobitka. Glavnu nagradu, veliki jackpot, osvajate ako se na va\u0161em listi\u0107u podudara svih pet bijelih brojeva i crvena kuglica, poznata i kao &#8220;Powerball&#8221;. Ako osvojite jackpot, mo\u017eete odmah primiti jednokratni iznos ili puni jackpot godi\u0161nje tijekom 29 godina. Iako se to mo\u017ee \u010diniti kao dugo vrijeme, sigurni smo da \u0107ete biti vi\u0161e nego zadovoljni godi\u0161njom isplatom od pribli\u017eno 10 milijuna dolara!<\/p>\n<p>Izgledi za dobitak na PowerBall lutriji su otprilike 1 prema 32. Mo\u017eete osvojiti na sljede\u0107e na\u010dine:<\/p>\n<ul>\n<li>5 bijelih kuglica + PowerBall osvaja jackpot<\/li>\n<li>5 bijelih kuglica osvaja 1 milijun dolara<\/li>\n<li>4 bijele kuglice + PowerBall osvaja 10.000 dolara<\/li>\n<li>4 bijele kuglice osvajaju 100 dolara<\/li>\n<li>3 bijele kuglice + PowerBall osvajaju 100 dolara<\/li>\n<li>3 bijele kuglice osvajaju 7 dolara<\/li>\n<li>2 bijele kuglice + PowerBall osvajaju 7 dolara<\/li>\n<li>1 bijela kuglica + PowerBall osvaja 7 dolara<\/li>\n<li>Samo PowerBall osvaja 4 dolara<\/li>\n<\/ul>\n<p>Postoji i dodatna zna\u010dajka: Ako aktivirate zna\u010dajku PowerPlay, mo\u017eete igrati originalni na\u010din pove\u0107anja dobitnog iznosa. Ako va\u0161a karta sadr\u017ei dobitnu kombinaciju 5+0, va\u0161 \u0107e dobitak biti 2 milijuna dolara umjesto 1 milijun dolara. PowerPlayFunkcija igranja mora biti odabrana prilikom kupnje listi\u0107a.<\/p>\n<h2>Gdje mogu igrati?<\/h2>\n<p>PowerBall je najpopularnija ameri\u010dka lutrija i mo\u017ee se igrati u 42 dr\u017eave diljem zemlje. Igra se i u Washingtonu, D.C. i na Ameri\u010dkim Djevi\u010danskim otocima. Postoji osam dr\u017eava koje ne dopu\u0161taju svojim stanovnicima sudjelovanje u ovoj lutriji: Nevada, Kalifornija, Utah, Mississippi, Wyoming, Alabama, Havaji i Aljaska.<\/p>\n<p>Me\u0111utim, kao \u0161to je spomenuto na po\u010detku ovog \u010dlanka, PowerBall je mogu\u0107e igrati i izvan SAD-a i kao neameri\u010dka dr\u017eavljanka ili u ameri\u010dkoj dr\u017eavi u kojoj ne mo\u017eete kupiti lutriju u trgovini. RedFoxLotto to omogu\u0107uje svima. <strong><span style=\"text-decoration: underline;\"><a href=\"https:\/\/redfoxlotto.com\/?ref=A8564250A2&amp;medium=pwb\" target=\"_blank\" rel=\"noopener noreferrer\">Nabavite svoju lutrijsku kartu PowerBall online odmah!<\/a><\/span><\/strong><\/p>\n","protected":false},"excerpt":{"rendered":"<p>Kako kupiti Powerball tikete online Powerball je izuzetno popularna lutrija s visokim nagradama i jackpotovima u rasponu od 140 milijuna dolara do preko 300 milijuna dolara! Sedam ljudi je ve\u0107 osvojilo Powerball jackpot u 2012. godini. Najni\u017ei jackpot bio je 60 milijuna dolara, a najvi\u0161i 337 milijuna dolara! To se mo\u017ee dogoditi i vama! Da &hellip; <\/p>\n<p class=\"link-more\"><a href=\"https:\/\/onlinelottospielen24.de\/hr\/\" class=\"more-link\">Read more<span class=\"screen-reader-text\"> &#8220;Dom&#8221;<\/span><\/a><\/p>\n","protected":false},"author":1,"featured_media":0,"parent":0,"menu_order":0,"comment_status":"closed","ping_status":"closed","template":"","meta":{"footnotes":""},"class_list":["post-222","page","type-page","status-publish","hentry"],"yoast_head":"<!-- This site is optimized with the Yoast SEO plugin v27.3 - https:\/\/yoast.com\/product\/yoast-seo-wordpress\/ -->\n<title>Kako kupiti Powerball<\/title>\n<meta name=\"description\" content=\"Kako kupiti Powerball tikete online i offline. Detaljan vodi\u010d za Njema\u010dku: pru\u017eatelji usluga, na\u010dini pla\u0107anja, porezi i savjeti za igranje.\" \/>\n<meta name=\"robots\" content=\"index, follow, max-snippet:-1, max-image-preview:large, max-video-preview:-1\" \/>\n<link rel=\"canonical\" href=\"https:\/\/onlinelottospielen24.de\/hr\/\" \/>\n<meta property=\"og:locale\" content=\"hr_HR\" \/>\n<meta property=\"og:type\" content=\"article\" \/>\n<meta property=\"og:title\" content=\"Kako kupiti Powerball\" \/>\n<meta property=\"og:description\" content=\"Kako kupiti Powerball tikete online i offline. Detaljan vodi\u010d za Njema\u010dku: pru\u017eatelji usluga, na\u010dini pla\u0107anja, porezi i savjeti za igranje.\" \/>\n<meta property=\"og:url\" content=\"https:\/\/onlinelottospielen24.de\/hr\/\" \/>\n<meta name=\"twitter:card\" content=\"summary_large_image\" \/>\n<meta name=\"twitter:label1\" content=\"Procijenjeno vrijeme \u010ditanja\" \/>\n\t<meta name=\"twitter:data1\" content=\"4 minute\" \/>\n<script type=\"application\/ld+json\" class=\"yoast-schema-graph\">{\"@context\":\"https:\\\/\\\/schema.org\",\"@graph\":[{\"@type\":\"WebPage\",\"@id\":\"https:\\\/\\\/onlinelottospielen24.de\\\/hr\\\/\",\"url\":\"https:\\\/\\\/onlinelottospielen24.de\\\/hr\\\/\",\"name\":\"Kako kupiti Powerball\",\"isPartOf\":{\"@id\":\"https:\\\/\\\/onlinelottospielen24.de\\\/hr\\\/de\\\/#website\"},\"datePublished\":\"2025-08-02T16:46:36+00:00\",\"description\":\"Kako kupiti Powerball tikete online i offline. Detaljan vodi\u010d za Njema\u010dku: pru\u017eatelji usluga, na\u010dini pla\u0107anja, porezi i savjeti za igranje.\",\"breadcrumb\":{\"@id\":\"https:\\\/\\\/onlinelottospielen24.de\\\/hr\\\/#breadcrumb\"},\"inLanguage\":\"hr\",\"potentialAction\":[{\"@type\":\"ReadAction\",\"target\":[\"https:\\\/\\\/onlinelottospielen24.de\\\/hr\\\/\"]}]},{\"@type\":\"BreadcrumbList\",\"@id\":\"https:\\\/\\\/onlinelottospielen24.de\\\/hr\\\/#breadcrumb\",\"itemListElement\":[{\"@type\":\"ListItem\",\"position\":1,\"name\":\"Home\",\"item\":\"https:\\\/\\\/onlinelottospielen24.de\\\/hr\\\/\"},{\"@type\":\"ListItem\",\"position\":2,\"name\":\"Dom\"}]},{\"@type\":\"WebSite\",\"@id\":\"https:\\\/\\\/onlinelottospielen24.de\\\/hr\\\/de\\\/#website\",\"url\":\"https:\\\/\\\/onlinelottospielen24.de\\\/hr\\\/de\\\/\",\"name\":\"\",\"description\":\"\",\"potentialAction\":[{\"@type\":\"SearchAction\",\"target\":{\"@type\":\"EntryPoint\",\"urlTemplate\":\"https:\\\/\\\/onlinelottospielen24.de\\\/hr\\\/de\\\/?s={search_term_string}\"},\"query-input\":{\"@type\":\"PropertyValueSpecification\",\"valueRequired\":true,\"valueName\":\"search_term_string\"}}],\"inLanguage\":\"hr\"}]}<\/script>\n<!-- \/ Yoast SEO plugin. -->","yoast_head_json":{"title":"Kako kupiti Powerball","description":"Kako kupiti Powerball tikete online i offline. Detaljan vodi\u010d za Njema\u010dku: pru\u017eatelji usluga, na\u010dini pla\u0107anja, porezi i savjeti za igranje.","robots":{"index":"index","follow":"follow","max-snippet":"max-snippet:-1","max-image-preview":"max-image-preview:large","max-video-preview":"max-video-preview:-1"},"canonical":"https:\/\/onlinelottospielen24.de\/hr\/","og_locale":"hr_HR","og_type":"article","og_title":"Kako kupiti Powerball","og_description":"Kako kupiti Powerball tikete online i offline. Detaljan vodi\u010d za Njema\u010dku: pru\u017eatelji usluga, na\u010dini pla\u0107anja, porezi i savjeti za igranje.","og_url":"https:\/\/onlinelottospielen24.de\/hr\/","twitter_card":"summary_large_image","twitter_misc":{"Procijenjeno vrijeme \u010ditanja":"4 minute"},"schema":{"@context":"https:\/\/schema.org","@graph":[{"@type":"WebPage","@id":"https:\/\/onlinelottospielen24.de\/hr\/","url":"https:\/\/onlinelottospielen24.de\/hr\/","name":"Kako kupiti Powerball","isPartOf":{"@id":"https:\/\/onlinelottospielen24.de\/hr\/de\/#website"},"datePublished":"2025-08-02T16:46:36+00:00","description":"Kako kupiti Powerball tikete online i offline. Detaljan vodi\u010d za Njema\u010dku: pru\u017eatelji usluga, na\u010dini pla\u0107anja, porezi i savjeti za igranje.","breadcrumb":{"@id":"https:\/\/onlinelottospielen24.de\/hr\/#breadcrumb"},"inLanguage":"hr","potentialAction":[{"@type":"ReadAction","target":["https:\/\/onlinelottospielen24.de\/hr\/"]}]},{"@type":"BreadcrumbList","@id":"https:\/\/onlinelottospielen24.de\/hr\/#breadcrumb","itemListElement":[{"@type":"ListItem","position":1,"name":"Home","item":"https:\/\/onlinelottospielen24.de\/hr\/"},{"@type":"ListItem","position":2,"name":"Dom"}]},{"@type":"WebSite","@id":"https:\/\/onlinelottospielen24.de\/hr\/de\/#website","url":"https:\/\/onlinelottospielen24.de\/hr\/de\/","name":"","description":"","potentialAction":[{"@type":"SearchAction","target":{"@type":"EntryPoint","urlTemplate":"https:\/\/onlinelottospielen24.de\/hr\/de\/?s={search_term_string}"},"query-input":{"@type":"PropertyValueSpecification","valueRequired":true,"valueName":"search_term_string"}}],"inLanguage":"hr"}]}},"_links":{"self":[{"href":"https:\/\/onlinelottospielen24.de\/hr\/wp-json\/wp\/v2\/pages\/222","targetHints":{"allow":["GET"]}}],"collection":[{"href":"https:\/\/onlinelottospielen24.de\/hr\/wp-json\/wp\/v2\/pages"}],"about":[{"href":"https:\/\/onlinelottospielen24.de\/hr\/wp-json\/wp\/v2\/types\/page"}],"author":[{"embeddable":true,"href":"https:\/\/onlinelottospielen24.de\/hr\/wp-json\/wp\/v2\/users\/1"}],"replies":[{"embeddable":true,"href":"https:\/\/onlinelottospielen24.de\/hr\/wp-json\/wp\/v2\/comments?post=222"}],"version-history":[{"count":0,"href":"https:\/\/onlinelottospielen24.de\/hr\/wp-json\/wp\/v2\/pages\/222\/revisions"}],"wp:attachment":[{"href":"https:\/\/onlinelottospielen24.de\/hr\/wp-json\/wp\/v2\/media?parent=222"}],"curies":[{"name":"wp","href":"https:\/\/api.w.org\/{rel}","templated":true}]}}