{"id":227,"date":"2025-08-02T16:46:36","date_gmt":"2025-08-02T16:46:36","guid":{"rendered":"https:\/\/onlinelottospielen24.de\/kotiin\/"},"modified":"2025-08-02T16:46:36","modified_gmt":"2025-08-02T16:46:36","slug":"kotiin","status":"publish","type":"page","link":"https:\/\/onlinelottospielen24.de\/fi\/","title":{"rendered":"Kotiin"},"content":{"rendered":"<h2>Kuinka ostaa Powerball-lippuja netist\u00e4<\/h2>\n<p>Powerball on eritt\u00e4in suosittu lottopeli, jossa on suuria palkintoja ja j\u00e4ttipotteja, jotka vaihtelevat 140 miljoonasta dollarista yli 300 miljoonaan dollariin! Seitsem\u00e4n ihmist\u00e4 on jo voittanut Powerball-j\u00e4ttipotin vuonna 2012. Pienin j\u00e4ttipotti oli 60 miljoonaa dollaria ja suurin 337 miljoonaa dollaria! T\u00e4m\u00e4 voi tapahtua my\u00f6s sinulle! Voittaaksesi miljoonia sinun tarvitsee vain <strong>ostaa Powerball-lippu netist\u00e4<\/strong>.<\/p>\n<p><img loading=\"lazy\" decoding=\"async\" style=\"margin: 1px; float: right;\" src=\"images\/powerball_lottery.gif\" alt=\"Powerball lottery\" width=\"250\" height=\"96\" \/>Vaikka lotto oli alun perin tarkoitettu Yhdysvaltain asukkaille ja lippuja voitiin ostaa paikallisista kaupoista, nyt on mahdollista ostaa Powerball-lippuja netist\u00e4! Asuitpa sitten Yhdysvalloissa tai Australiassa, voit pelata PowerBallia miss\u00e4 tahansa p\u00e4in maailmaa!<\/p>\n<p>PowerBallin ostaminen ja osallistuminen on mahdollista RedFoxLoton tarjoaman ainutlaatuisen palvelun ansiosta. RedFoxLotto on yritys, jolla on satoja jakelijoita maailmanlaajuisesti, ja joka auttaa sinua ostamaan mink\u00e4 tahansa haluamasi lottovoiton. <strong>Vain nelj\u00e4 yksinkertaista vaihetta tarvitaan ennen kuin saat lottolipun:<\/strong><\/p>\n<ol>\n<li>Valitse lotto, johon haluat osallistua \u2013 t\u00e4ss\u00e4 tapauksessa PowerBall \u2013 napsauttamalla verkkosivustomme banneria <span style=\"text-decoration: underline;\"><strong><a href=\"https:\/\/redfoxlotto.com\/?ref=A8564250A2&amp;medium=pwb\" target=\"_blank\" rel=\"noopener noreferrer\">tai napsauta vain t\u00e4st\u00e4<\/a><\/strong><\/span><\/li>\n<li>Yksi \u200b\u200bRedFoxLoton monista paikallisista myyntikumppaneista ostaa lipun puolestasi.<\/li>\n<li>Lippu ilmestyy sitten tilillesi.<\/li>\n<li>Arvonnan p\u00e4\u00e4tytty\u00e4 ja jos voitat, saat toisen s\u00e4hk\u00f6postin, jossa on tiedot voittojen kotiuttamisesta.<\/li>\n<li>Kaikki alle 2 500 euron voitot hyvitet\u00e4\u00e4n asiakastilillesi. Ja suurempien voittojen saamiseksi RedFoxLotto auttaa sinua saamaan rahasi. T\u00e4st\u00e4 palvelusta ei perit\u00e4 lis\u00e4maksua!<\/li>\n<\/ol>\n<p>T\u00e4t\u00e4 ainutlaatuista palvelua k\u00e4ytt\u00e4v\u00e4t tuhannet ihmiset ymp\u00e4ri maailmaa. Jos olet huolissasi siit\u00e4, mit\u00e4 tapahtuisi, jos voittaisit j\u00e4ttipotin, \u00e4l\u00e4 huoli. T\u00e4m\u00e4 yritys on t\u00e4ysin hyv\u00e4maineinen ja laillinen, ja lis\u00e4ksi kupongissasi on nimesi, mik\u00e4 eliminoi virheet ja petokset.<\/p>\n<p>Voit ostaa PowerBall-arpajaisia \u200b\u200bt\u00e4m\u00e4n palvelun kautta paitsi Euromillions-lippuja, osallistua El Gordoon ja Superenalottoon sek\u00e4 osallistua lukuisiin muihin kansainv\u00e4lisiin lottoihin. Asuitpa miss\u00e4 tahansa maailmassa, voit osallistua ulkomaisiin lottoihin niin usein ja milloin tahansa haluat.<\/p>\n<h2>Arvonnat<\/h2>\n<p>Arvonnat j\u00e4rjestet\u00e4\u00e4n kaksi kertaa viikossa \u2013 joka keskiviikko- ja lauantai-ilta klo 22.59 it\u00e4ist\u00e4 aikaa. Lippuja voi ostaa arvonnan viimeiseen tuntiin asti, eli myynti p\u00e4\u00e4ttyy 59 minuuttia ennen arvonnan alkua. Varaa v\u00e4hint\u00e4\u00e4n kaksi tuntia verkkolippusi ostamiseen, jotta RedFoxLotto voi k\u00e4sitell\u00e4 Powerball-lipputilauksesi.<\/p>\n<p>Voittajat ja onnennumerot m\u00e4\u00e4ritet\u00e4\u00e4n nostamalla viisi valkoista palloa 59 palloa sis\u00e4lt\u00e4v\u00e4st\u00e4 rummusta. Uutena lis\u00e4yksen\u00e4 on punainen pallo, joka nostetaan erillisest\u00e4 35 punaista palloa sis\u00e4lt\u00e4v\u00e4st\u00e4 rummusta.<\/p>\n<h2>Voittotavat<\/h2>\n<p>Powerball-loton voittomahdollisuudet ovat yhdeks\u00e4n erilaista. Voitat p\u00e4\u00e4palkinnon, suuren j\u00e4ttipotin, jos lippusi kaikki viisi valkoista numeroa ja punainen pallo oikein saavat. T\u00e4m\u00e4 tunnetaan my\u00f6s nimell\u00e4 &#8221;Powerball&#8221;. Jos voitat j\u00e4ttipotin, voit saada joko kertasumman heti tai koko j\u00e4ttipotin vuosittain 29 vuoden ajan. Vaikka se saattaa tuntua pitk\u00e4lt\u00e4 ajalta, olemme varmoja, ett\u00e4 olet enemm\u00e4n kuin tyytyv\u00e4inen noin 10 miljoonan dollarin vuosittaiseen voittoon!<\/p>\n<p>PowerBall-loton voittotodenn\u00e4k\u00f6isyys on noin 1\/32. Voit voittaa seuraavilla tavoilla:<\/p>\n<ul>\n<li>5 valkoista palloa + PowerBall voittaa j\u00e4ttipotin<\/li>\n<li>5 valkoista palloa voittaa 1 miljoona dollaria<\/li>\n<li>4 valkoista palloa + PowerBall voittaa 10 000 dollaria<\/li>\n<li>4 valkoista palloa voittaa 100 dollaria<\/li>\n<li>3 valkoista palloa + PowerBall voittaa 100 dollaria<\/li>\n<li>3 valkoista palloa voittaa 7 dollaria<\/li>\n<li>2 valkoista palloa + PowerBall voittaa 7 dollaria<\/li>\n<li>1 valkoinen pallo + PowerBall voittaa 7 dollaria<\/li>\n<li>Pelkk\u00e4 PowerBall voittaa 4 dollaria<\/li>\n<\/ul>\n<p>Mukana on my\u00f6s lis\u00e4ominaisuus: Jos aktivoit PowerPlay-ominaisuuden, voit pelata alkuper\u00e4ist\u00e4&#8230; Kasvata voittosummaa. Jos kupongissasi on voittoyhdistelm\u00e4 5+0, voittosi ovat 2 miljoonaa dollaria 1 miljoonan dollarin sijaan. PowerPlayPelaa-toiminto on valittava kuponkia ostettaessa.<\/p>\n<h2>Miss\u00e4 voin pelata?<\/h2>\n<p>PowerBall on Amerikan suosituin lottopeli, ja sit\u00e4 voi pelata 42 osavaltiossa ymp\u00e4ri maata. Sit\u00e4 pelataan my\u00f6s Washington D.C:ss\u00e4 ja Yhdysvaltain Neitsytsaarilla. Kahdeksan osavaltiota ei salli asukkaidensa osallistumista t\u00e4h\u00e4n lottoon: Nevada, Kalifornia, Utah, Mississippi, Wyoming, Alabama, Havaiji ja Alaska.<\/p>\n<p>Kuten t\u00e4m\u00e4n artikkelin alussa mainittiin, PowerBallia voi kuitenkin pelata my\u00f6s Yhdysvaltojen ulkopuolella ja ei-Yhdysvaltain kansalaisena tai Yhdysvaltain osavaltiossa, jossa lottoa ei voi ostaa kaupasta. RedFoxLotto mahdollistaa sen kaikille. <strong><span style=\"text-decoration: underline;\"><a href=\"https:\/\/redfoxlotto.com\/?ref=A8564250A2&amp;medium=pwb\" target=\"_blank\" rel=\"noopener noreferrer\">Hanki PowerBall-arpalippusi netist\u00e4 nyt!<\/a><\/span><\/strong><\/p>\n","protected":false},"excerpt":{"rendered":"<p>Kuinka ostaa Powerball-lippuja netist\u00e4 Powerball on eritt\u00e4in suosittu lottopeli, jossa on suuria palkintoja ja j\u00e4ttipotteja, jotka vaihtelevat 140 miljoonasta dollarista yli 300 miljoonaan dollariin! Seitsem\u00e4n ihmist\u00e4 on jo voittanut Powerball-j\u00e4ttipotin vuonna 2012. Pienin j\u00e4ttipotti oli 60 miljoonaa dollaria ja suurin 337 miljoonaa dollaria! T\u00e4m\u00e4 voi tapahtua my\u00f6s sinulle! Voittaaksesi miljoonia sinun tarvitsee vain ostaa Powerball-lippu &hellip; <\/p>\n<p class=\"link-more\"><a href=\"https:\/\/onlinelottospielen24.de\/fi\/\" class=\"more-link\">Read more<span class=\"screen-reader-text\"> &#8221;Kotiin&#8221;<\/span><\/a><\/p>\n","protected":false},"author":1,"featured_media":0,"parent":0,"menu_order":0,"comment_status":"closed","ping_status":"closed","template":"","meta":{"footnotes":""},"class_list":["post-227","page","type-page","status-publish","hentry"],"yoast_head":"<!-- This site is optimized with the Yoast SEO plugin v27.3 - https:\/\/yoast.com\/product\/yoast-seo-wordpress\/ -->\n<title>Kuinka ostaa Powerballia<\/title>\n<meta name=\"description\" content=\"Powerball-lippujen ostaminen verkossa ja kivijalkakaupassa. Vaiheittainen opas Saksaan: tarjoajat, maksutavat, verot ja vinkkej\u00e4 pelaamiseen.\" \/>\n<meta name=\"robots\" content=\"index, follow, max-snippet:-1, max-image-preview:large, max-video-preview:-1\" \/>\n<link rel=\"canonical\" href=\"https:\/\/onlinelottospielen24.de\/fi\/\" \/>\n<meta property=\"og:locale\" content=\"fi_FI\" \/>\n<meta property=\"og:type\" content=\"article\" \/>\n<meta property=\"og:title\" content=\"Kuinka ostaa Powerballia\" \/>\n<meta property=\"og:description\" content=\"Powerball-lippujen ostaminen verkossa ja kivijalkakaupassa. Vaiheittainen opas Saksaan: tarjoajat, maksutavat, verot ja vinkkej\u00e4 pelaamiseen.\" \/>\n<meta property=\"og:url\" content=\"https:\/\/onlinelottospielen24.de\/fi\/\" \/>\n<meta name=\"twitter:card\" content=\"summary_large_image\" \/>\n<meta name=\"twitter:label1\" content=\"Arvioitu lukuaika\" \/>\n\t<meta name=\"twitter:data1\" content=\"3 minuuttia\" \/>\n<script type=\"application\/ld+json\" class=\"yoast-schema-graph\">{\"@context\":\"https:\\\/\\\/schema.org\",\"@graph\":[{\"@type\":\"WebPage\",\"@id\":\"https:\\\/\\\/onlinelottospielen24.de\\\/fi\\\/\",\"url\":\"https:\\\/\\\/onlinelottospielen24.de\\\/fi\\\/\",\"name\":\"Kuinka ostaa Powerballia\",\"isPartOf\":{\"@id\":\"https:\\\/\\\/onlinelottospielen24.de\\\/fi\\\/de\\\/#website\"},\"datePublished\":\"2025-08-02T16:46:36+00:00\",\"description\":\"Powerball-lippujen ostaminen verkossa ja kivijalkakaupassa. Vaiheittainen opas Saksaan: tarjoajat, maksutavat, verot ja vinkkej\u00e4 pelaamiseen.\",\"breadcrumb\":{\"@id\":\"https:\\\/\\\/onlinelottospielen24.de\\\/fi\\\/#breadcrumb\"},\"inLanguage\":\"fi\",\"potentialAction\":[{\"@type\":\"ReadAction\",\"target\":[\"https:\\\/\\\/onlinelottospielen24.de\\\/fi\\\/\"]}]},{\"@type\":\"BreadcrumbList\",\"@id\":\"https:\\\/\\\/onlinelottospielen24.de\\\/fi\\\/#breadcrumb\",\"itemListElement\":[{\"@type\":\"ListItem\",\"position\":1,\"name\":\"Home\",\"item\":\"https:\\\/\\\/onlinelottospielen24.de\\\/fi\\\/\"},{\"@type\":\"ListItem\",\"position\":2,\"name\":\"Kotiin\"}]},{\"@type\":\"WebSite\",\"@id\":\"https:\\\/\\\/onlinelottospielen24.de\\\/fi\\\/de\\\/#website\",\"url\":\"https:\\\/\\\/onlinelottospielen24.de\\\/fi\\\/de\\\/\",\"name\":\"\",\"description\":\"\",\"potentialAction\":[{\"@type\":\"SearchAction\",\"target\":{\"@type\":\"EntryPoint\",\"urlTemplate\":\"https:\\\/\\\/onlinelottospielen24.de\\\/fi\\\/de\\\/?s={search_term_string}\"},\"query-input\":{\"@type\":\"PropertyValueSpecification\",\"valueRequired\":true,\"valueName\":\"search_term_string\"}}],\"inLanguage\":\"fi\"}]}<\/script>\n<!-- \/ Yoast SEO plugin. -->","yoast_head_json":{"title":"Kuinka ostaa Powerballia","description":"Powerball-lippujen ostaminen verkossa ja kivijalkakaupassa. Vaiheittainen opas Saksaan: tarjoajat, maksutavat, verot ja vinkkej\u00e4 pelaamiseen.","robots":{"index":"index","follow":"follow","max-snippet":"max-snippet:-1","max-image-preview":"max-image-preview:large","max-video-preview":"max-video-preview:-1"},"canonical":"https:\/\/onlinelottospielen24.de\/fi\/","og_locale":"fi_FI","og_type":"article","og_title":"Kuinka ostaa Powerballia","og_description":"Powerball-lippujen ostaminen verkossa ja kivijalkakaupassa. Vaiheittainen opas Saksaan: tarjoajat, maksutavat, verot ja vinkkej\u00e4 pelaamiseen.","og_url":"https:\/\/onlinelottospielen24.de\/fi\/","twitter_card":"summary_large_image","twitter_misc":{"Arvioitu lukuaika":"3 minuuttia"},"schema":{"@context":"https:\/\/schema.org","@graph":[{"@type":"WebPage","@id":"https:\/\/onlinelottospielen24.de\/fi\/","url":"https:\/\/onlinelottospielen24.de\/fi\/","name":"Kuinka ostaa Powerballia","isPartOf":{"@id":"https:\/\/onlinelottospielen24.de\/fi\/de\/#website"},"datePublished":"2025-08-02T16:46:36+00:00","description":"Powerball-lippujen ostaminen verkossa ja kivijalkakaupassa. Vaiheittainen opas Saksaan: tarjoajat, maksutavat, verot ja vinkkej\u00e4 pelaamiseen.","breadcrumb":{"@id":"https:\/\/onlinelottospielen24.de\/fi\/#breadcrumb"},"inLanguage":"fi","potentialAction":[{"@type":"ReadAction","target":["https:\/\/onlinelottospielen24.de\/fi\/"]}]},{"@type":"BreadcrumbList","@id":"https:\/\/onlinelottospielen24.de\/fi\/#breadcrumb","itemListElement":[{"@type":"ListItem","position":1,"name":"Home","item":"https:\/\/onlinelottospielen24.de\/fi\/"},{"@type":"ListItem","position":2,"name":"Kotiin"}]},{"@type":"WebSite","@id":"https:\/\/onlinelottospielen24.de\/fi\/de\/#website","url":"https:\/\/onlinelottospielen24.de\/fi\/de\/","name":"","description":"","potentialAction":[{"@type":"SearchAction","target":{"@type":"EntryPoint","urlTemplate":"https:\/\/onlinelottospielen24.de\/fi\/de\/?s={search_term_string}"},"query-input":{"@type":"PropertyValueSpecification","valueRequired":true,"valueName":"search_term_string"}}],"inLanguage":"fi"}]}},"_links":{"self":[{"href":"https:\/\/onlinelottospielen24.de\/fi\/wp-json\/wp\/v2\/pages\/227","targetHints":{"allow":["GET"]}}],"collection":[{"href":"https:\/\/onlinelottospielen24.de\/fi\/wp-json\/wp\/v2\/pages"}],"about":[{"href":"https:\/\/onlinelottospielen24.de\/fi\/wp-json\/wp\/v2\/types\/page"}],"author":[{"embeddable":true,"href":"https:\/\/onlinelottospielen24.de\/fi\/wp-json\/wp\/v2\/users\/1"}],"replies":[{"embeddable":true,"href":"https:\/\/onlinelottospielen24.de\/fi\/wp-json\/wp\/v2\/comments?post=227"}],"version-history":[{"count":0,"href":"https:\/\/onlinelottospielen24.de\/fi\/wp-json\/wp\/v2\/pages\/227\/revisions"}],"wp:attachment":[{"href":"https:\/\/onlinelottospielen24.de\/fi\/wp-json\/wp\/v2\/media?parent=227"}],"curies":[{"name":"wp","href":"https:\/\/api.w.org\/{rel}","templated":true}]}}