{"id":226,"date":"2025-08-02T16:46:36","date_gmt":"2025-08-02T16:46:36","guid":{"rendered":"https:\/\/onlinelottospielen24.de\/avaleht\/"},"modified":"2025-08-02T16:46:36","modified_gmt":"2025-08-02T16:46:36","slug":"avaleht","status":"publish","type":"page","link":"https:\/\/onlinelottospielen24.de\/et\/","title":{"rendered":"Avaleht"},"content":{"rendered":"<h2>Kuidas osta Powerballi pileteid veebis<\/h2>\n<p>Powerball on \u00e4\u00e4rmiselt populaarne loteriim\u00e4ng, millel on suured auhinnad ja jackpotid, mis ulatuvad 140 miljonist dollarist kuni \u00fcle 300 miljoni dollarini! 2012. aastal on Powerballi jackpoti juba v\u00f5itnud seitse inimest. Madalaim jackpot oli 60 miljonit dollarit ja k\u00f5rgeim 337 miljonit dollarit! See v\u00f5ib juhtuda ka sinuga! Miljonite v\u00f5itmiseks pead vaid <strong>ostma Powerballi pileti veebist<\/strong>.<\/p>\n<p><img loading=\"lazy\" decoding=\"async\" style=\"margin: 1px; float: right;\" src=\"images\/powerball_lottery.gif\" alt=\"Powerballi loterii\" width=\"250\" height=\"96\" \/>Kuigi loterii oli algselt m\u00f5eldud USA elanikele ja pileteid sai osta kohalikest poodidest, on n\u00fc\u00fcd v\u00f5imalik Powerballi pileteid veebist osta! Olenemata sellest, kas elad USA-s v\u00f5i Austraalias, saad PowerBalli m\u00e4ngida k\u00f5ikjal maailmas!<\/p>\n<p>PowerBallis ostmine ja osalemine on v\u00f5imalik t\u00e4nu RedFoxLotto pakutavale eksklusiivsele teenusele. RedFoxLotto on ettev\u00f5te, millel on sadu edasim\u00fc\u00fcjaid \u00fcle maailma, aidates teil osta \u00fcksk\u00f5ik millist loteriid. <strong>Enne lotopileti saamist on vaja teha vaid neli lihtsat sammu:<\/strong><\/p>\n<ol>\n<li>Valige loterii, milles soovite osaleda \u2013 antud juhul PowerBall \u2013 p\u00e4rast meie veebisaidil oleva ribareklaami kl\u00f5psamist <span style=\"text-decoration: underline;\"><strong><a href=\"https:\/\/redfoxlotto.com\/?ref=A8564250A2&amp;medium=pwb\" target=\"_blank\" rel=\"noopener noreferrer\">v\u00f5i kl\u00f5psake lihtsalt siin<\/a><\/strong><\/span><\/li>\n<li>\u00dcks RedFoxLotto paljudest kohalikest m\u00fc\u00fcgipartneritest ostab teie nimel pileti.<\/li>\n<li>Seej\u00e4rel ilmub pilet teie kontole.<\/li>\n<li>P\u00e4rast loosimise l\u00f5ppu ja v\u00f5idu korral saate teise e-kirja, milles on teave v\u00f5itude v\u00e4ljav\u00f5tmise kohta.<\/li>\n<li>K\u00f5ik alla 2500 euro suurused v\u00f5idud kantakse teie kliendikontole. Ja suuremate v\u00f5itude saamiseks aitab RedFoxLotto teil t\u0161eki k\u00e4tte saada. Selle teenuse eest lisatasu ei v\u00f5eta!<\/li>\n<\/ol>\n<p>Seda eksklusiivset teenust kasutavad tuhanded inimesed \u00fcle maailma. Kui olete mures selle p\u00e4rast, mis juhtub, kui v\u00f5idate jackpoti, \u00e4rge muretsege. See ettev\u00f5te on mitte ainult t\u00e4iesti hea mainega ja seaduslik, vaid teie pilet kannab ka teie nime, mis v\u00e4listab vead ja pettused.<\/p>\n<p>Selle teenuse kaudu saate osta mitte ainult PowerBalli loteriisid, vaid ka Euromillionsi pileteid, osaleda El Gordos ja Superenalotto&#8217;s ning osaleda paljudes teistes rahvusvahelistes loteriides. Olenemata sellest, kus maailmas te elate, saate v\u00e4lismaistes loteriides osaleda nii tihti ja millal iganes soovite.<\/p>\n<h2>Loosimised<\/h2>\n<p>Loosimised toimuvad kaks korda n\u00e4dalas \u2013 igal kolmap\u00e4eva ja laup\u00e4eva \u00f5htul kell 22:59 idaranniku aja j\u00e4rgi. Pileteid saab osta kuni loosimise viimase tunnini, mis t\u00e4hendab, et m\u00fc\u00fck l\u00f5peb 59 minutit enne loosimise algust. Palun arvestage oma veebipileti ostmisega v\u00e4hemalt kahe tunniga, et RedFoxLotto saaks teie Powerballi piletitellimuse t\u00f6\u00f6delda.<br \/>\nV\u00f5itjad ja \u00f5nnenumbrid selgitatakse v\u00e4lja viie valge palli loosimise teel trumlist, mis sisaldab kokku 59 palli. Uuendus on punane pall, mis t\u00f5mmatakse eraldi trumlist, mis sisaldab 35 punast palli.<\/p>\n<h2>V\u00f5iduv\u00f5imalused<\/h2>\n<p>Powerballi loterii pakub \u00fcheksat erinevat v\u00f5iduv\u00f5imalust. Peaauhinna, suure jackpoti, v\u00f5idate, kui teie piletil on k\u00f5ik viis valget numbrit ja punane pall, mida tuntakse ka kui &#8220;Powerballi&#8221;. Kui v\u00f5idate jackpoti, saate kas kohe \u00fchekordse summa v\u00f5i kogu jackpoti igal aastal 29 aasta jooksul. Kuigi see v\u00f5ib tunduda pika ajana, oleme kindlad, et olete enam kui rahul umbes 10 miljoni dollari suuruse aastase v\u00e4ljamaksega!<\/p>\n<p>PowerBalli loterii v\u00f5iduv\u00f5imalus on umbes 1:32. V\u00f5ita saab j\u00e4rgmistel viisidel:<\/p>\n<ul>\n<li>5 valget palli + PowerBall v\u00f5idab jackpoti<\/li>\n<li>5 valget palli v\u00f5idavad 1 miljon dollarit<\/li>\n<li>4 valget palli + PowerBall v\u00f5idab 10 000 dollarit<\/li>\n<li>4 valget palli v\u00f5idavad 100 dollarit<\/li>\n<li>3 valget palli + PowerBall v\u00f5idab 100 dollarit<\/li>\n<li>3 valget palli v\u00f5idavad 7 dollarit<\/li>\n<li>2 valget palli + PowerBall v\u00f5idab 7 dollarit<\/li>\n<li>1 valge pall + PowerBall v\u00f5idab 7 dollarit<\/li>\n<li>Ainu\u00fcksi PowerBall v\u00f5idab 4 dollarit<\/li>\n<\/ul>\n<p>Lisaks on olemas lisafunktsioon: kui aktiveerite PowerPlay funktsiooni, saate m\u00e4ngida originaalset&#8230; Suurendage v\u00f5idusummat. Kui teie piletil on v\u00f5idukombinatsioon 5+0, on teie v\u00f5it 1 miljoni dollari asemel 2 miljonit dollarit. PowerPlayPileti ostmisel tuleb valida m\u00e4ngimisfunktsioon.<\/p>\n<h2>Kus ma saan m\u00e4ngida?<\/h2>\n<p>PowerBall on Ameerika populaarseim loteriim\u00e4ng ja seda saab m\u00e4ngida 42 osariigis \u00fcle kogu riigi. Seda m\u00e4ngitakse ka Washingtonis ja USA Neitsisaartel. Kaheksa osariiki ei luba oma elanikel selles loteriis osaleda: Nevada, California, Utah, Mississippi, Wyoming, Alabama, Hawaii ja Alaska.<\/p>\n<p>Nagu selle artikli alguses mainitud, on PowerBalli v\u00f5imalik m\u00e4ngida ka v\u00e4ljaspool USA-d ja mitte-USA kodanikuna v\u00f5i USA osariigis, kus loteriid poest osta ei saa. RedFoxLotto teeb selle v\u00f5imalikuks k\u00f5igile. <strong><span style=\"text-decoration: underline;\"><a href=\"https:\/\/redfoxlotto.com\/?ref=A8564250A2&amp;medium=pwb\" target=\"_blank\" rel=\"noopener noreferrer\">Hankige oma PowerBalli loteriipilet kohe veebist!<\/a><\/span><\/strong><\/p>\n","protected":false},"excerpt":{"rendered":"<p>Kuidas osta Powerballi pileteid veebis Powerball on \u00e4\u00e4rmiselt populaarne loteriim\u00e4ng, millel on suured auhinnad ja jackpotid, mis ulatuvad 140 miljonist dollarist kuni \u00fcle 300 miljoni dollarini! 2012. aastal on Powerballi jackpoti juba v\u00f5itnud seitse inimest. Madalaim jackpot oli 60 miljonit dollarit ja k\u00f5rgeim 337 miljonit dollarit! See v\u00f5ib juhtuda ka sinuga! Miljonite v\u00f5itmiseks pead vaid &hellip; <\/p>\n<p class=\"link-more\"><a href=\"https:\/\/onlinelottospielen24.de\/et\/\" class=\"more-link\">Read more<span class=\"screen-reader-text\"> &#8220;Avaleht&#8221;<\/span><\/a><\/p>\n","protected":false},"author":1,"featured_media":0,"parent":0,"menu_order":0,"comment_status":"closed","ping_status":"closed","template":"","meta":{"footnotes":""},"class_list":["post-226","page","type-page","status-publish","hentry"],"yoast_head":"<!-- This site is optimized with the Yoast SEO plugin v27.3 - https:\/\/yoast.com\/product\/yoast-seo-wordpress\/ -->\n<title>Kuidas Powerballi osta<\/title>\n<meta name=\"description\" content=\"Kuidas osta Powerballi pileteid veebis ja tavap\u00e4rastel viisidel. Samm-sammult juhend Saksamaale: pakkujad, makseviisid, maksud ja m\u00e4ngimise n\u00e4pun\u00e4ited.\" \/>\n<meta name=\"robots\" content=\"index, follow, max-snippet:-1, max-image-preview:large, max-video-preview:-1\" \/>\n<link rel=\"canonical\" href=\"https:\/\/onlinelottospielen24.de\/et\/\" \/>\n<meta property=\"og:locale\" content=\"et_EE\" \/>\n<meta property=\"og:type\" content=\"article\" \/>\n<meta property=\"og:title\" content=\"Kuidas Powerballi osta\" \/>\n<meta property=\"og:description\" content=\"Kuidas osta Powerballi pileteid veebis ja tavap\u00e4rastel viisidel. Samm-sammult juhend Saksamaale: pakkujad, makseviisid, maksud ja m\u00e4ngimise n\u00e4pun\u00e4ited.\" \/>\n<meta property=\"og:url\" content=\"https:\/\/onlinelottospielen24.de\/et\/\" \/>\n<meta name=\"twitter:card\" content=\"summary_large_image\" \/>\n<meta name=\"twitter:label1\" content=\"Est. reading time\" \/>\n\t<meta name=\"twitter:data1\" content=\"3 minutit\" \/>\n<script type=\"application\/ld+json\" class=\"yoast-schema-graph\">{\"@context\":\"https:\\\/\\\/schema.org\",\"@graph\":[{\"@type\":\"WebPage\",\"@id\":\"https:\\\/\\\/onlinelottospielen24.de\\\/et\\\/\",\"url\":\"https:\\\/\\\/onlinelottospielen24.de\\\/et\\\/\",\"name\":\"Kuidas Powerballi osta\",\"isPartOf\":{\"@id\":\"https:\\\/\\\/onlinelottospielen24.de\\\/et\\\/de\\\/#website\"},\"datePublished\":\"2025-08-02T16:46:36+00:00\",\"description\":\"Kuidas osta Powerballi pileteid veebis ja tavap\u00e4rastel viisidel. Samm-sammult juhend Saksamaale: pakkujad, makseviisid, maksud ja m\u00e4ngimise n\u00e4pun\u00e4ited.\",\"breadcrumb\":{\"@id\":\"https:\\\/\\\/onlinelottospielen24.de\\\/et\\\/#breadcrumb\"},\"inLanguage\":\"et\",\"potentialAction\":[{\"@type\":\"ReadAction\",\"target\":[\"https:\\\/\\\/onlinelottospielen24.de\\\/et\\\/\"]}]},{\"@type\":\"BreadcrumbList\",\"@id\":\"https:\\\/\\\/onlinelottospielen24.de\\\/et\\\/#breadcrumb\",\"itemListElement\":[{\"@type\":\"ListItem\",\"position\":1,\"name\":\"Home\",\"item\":\"https:\\\/\\\/onlinelottospielen24.de\\\/et\\\/\"},{\"@type\":\"ListItem\",\"position\":2,\"name\":\"Avaleht\"}]},{\"@type\":\"WebSite\",\"@id\":\"https:\\\/\\\/onlinelottospielen24.de\\\/et\\\/de\\\/#website\",\"url\":\"https:\\\/\\\/onlinelottospielen24.de\\\/et\\\/de\\\/\",\"name\":\"\",\"description\":\"\",\"potentialAction\":[{\"@type\":\"SearchAction\",\"target\":{\"@type\":\"EntryPoint\",\"urlTemplate\":\"https:\\\/\\\/onlinelottospielen24.de\\\/et\\\/de\\\/?s={search_term_string}\"},\"query-input\":{\"@type\":\"PropertyValueSpecification\",\"valueRequired\":true,\"valueName\":\"search_term_string\"}}],\"inLanguage\":\"et\"}]}<\/script>\n<!-- \/ Yoast SEO plugin. -->","yoast_head_json":{"title":"Kuidas Powerballi osta","description":"Kuidas osta Powerballi pileteid veebis ja tavap\u00e4rastel viisidel. Samm-sammult juhend Saksamaale: pakkujad, makseviisid, maksud ja m\u00e4ngimise n\u00e4pun\u00e4ited.","robots":{"index":"index","follow":"follow","max-snippet":"max-snippet:-1","max-image-preview":"max-image-preview:large","max-video-preview":"max-video-preview:-1"},"canonical":"https:\/\/onlinelottospielen24.de\/et\/","og_locale":"et_EE","og_type":"article","og_title":"Kuidas Powerballi osta","og_description":"Kuidas osta Powerballi pileteid veebis ja tavap\u00e4rastel viisidel. Samm-sammult juhend Saksamaale: pakkujad, makseviisid, maksud ja m\u00e4ngimise n\u00e4pun\u00e4ited.","og_url":"https:\/\/onlinelottospielen24.de\/et\/","twitter_card":"summary_large_image","twitter_misc":{"Est. reading time":"3 minutit"},"schema":{"@context":"https:\/\/schema.org","@graph":[{"@type":"WebPage","@id":"https:\/\/onlinelottospielen24.de\/et\/","url":"https:\/\/onlinelottospielen24.de\/et\/","name":"Kuidas Powerballi osta","isPartOf":{"@id":"https:\/\/onlinelottospielen24.de\/et\/de\/#website"},"datePublished":"2025-08-02T16:46:36+00:00","description":"Kuidas osta Powerballi pileteid veebis ja tavap\u00e4rastel viisidel. Samm-sammult juhend Saksamaale: pakkujad, makseviisid, maksud ja m\u00e4ngimise n\u00e4pun\u00e4ited.","breadcrumb":{"@id":"https:\/\/onlinelottospielen24.de\/et\/#breadcrumb"},"inLanguage":"et","potentialAction":[{"@type":"ReadAction","target":["https:\/\/onlinelottospielen24.de\/et\/"]}]},{"@type":"BreadcrumbList","@id":"https:\/\/onlinelottospielen24.de\/et\/#breadcrumb","itemListElement":[{"@type":"ListItem","position":1,"name":"Home","item":"https:\/\/onlinelottospielen24.de\/et\/"},{"@type":"ListItem","position":2,"name":"Avaleht"}]},{"@type":"WebSite","@id":"https:\/\/onlinelottospielen24.de\/et\/de\/#website","url":"https:\/\/onlinelottospielen24.de\/et\/de\/","name":"","description":"","potentialAction":[{"@type":"SearchAction","target":{"@type":"EntryPoint","urlTemplate":"https:\/\/onlinelottospielen24.de\/et\/de\/?s={search_term_string}"},"query-input":{"@type":"PropertyValueSpecification","valueRequired":true,"valueName":"search_term_string"}}],"inLanguage":"et"}]}},"_links":{"self":[{"href":"https:\/\/onlinelottospielen24.de\/et\/wp-json\/wp\/v2\/pages\/226","targetHints":{"allow":["GET"]}}],"collection":[{"href":"https:\/\/onlinelottospielen24.de\/et\/wp-json\/wp\/v2\/pages"}],"about":[{"href":"https:\/\/onlinelottospielen24.de\/et\/wp-json\/wp\/v2\/types\/page"}],"author":[{"embeddable":true,"href":"https:\/\/onlinelottospielen24.de\/et\/wp-json\/wp\/v2\/users\/1"}],"replies":[{"embeddable":true,"href":"https:\/\/onlinelottospielen24.de\/et\/wp-json\/wp\/v2\/comments?post=226"}],"version-history":[{"count":0,"href":"https:\/\/onlinelottospielen24.de\/et\/wp-json\/wp\/v2\/pages\/226\/revisions"}],"wp:attachment":[{"href":"https:\/\/onlinelottospielen24.de\/et\/wp-json\/wp\/v2\/media?parent=226"}],"curies":[{"name":"wp","href":"https:\/\/api.w.org\/{rel}","templated":true}]}}