{"id":243,"date":"2025-08-02T16:46:36","date_gmt":"2025-08-02T16:46:36","guid":{"rendered":"https:\/\/onlinelottospielen24.de\/hogar\/"},"modified":"2025-08-02T16:46:36","modified_gmt":"2025-08-02T16:46:36","slug":"hogar","status":"publish","type":"page","link":"https:\/\/onlinelottospielen24.de\/es\/","title":{"rendered":"Hogar"},"content":{"rendered":"<p>C\u00f3mo comprar boletos de Powerball en l\u00ednea<br \/>\nPowerball es un juego de loter\u00eda extremadamente popular con grandes premios y botes que van desde $140 millones hasta m\u00e1s de $300 millones. Siete personas ya ganaron el premio mayor de Powerball en 2012. El premio menor fue de $60 millones y el mayor, de $337 millones. \u00a1A ti tambi\u00e9n te podr\u00eda pasar! Para ganar millones, solo tienes que comprar un boleto de Powerball en l\u00ednea.<\/p>\n<p>Si bien la loter\u00eda estaba originalmente dirigida a residentes de EE. UU. y los boletos se pod\u00edan comprar en tiendas locales, \u00a1ahora es posible comprar boletos de Powerball en l\u00ednea! Ya sea que vivas en EE. UU. o Australia, \u00a1puedes jugar a Powerball en cualquier parte del mundo!<\/p>\n<p>Comprar y participar en PowerBall es posible gracias al servicio exclusivo de RedFoxLotto. RedFoxLotto es una empresa con cientos de distribuidores en todo el mundo que te ayudan a comprar cualquier loter\u00eda que desees.<\/p>\n<p>Solo necesita cuatro sencillos pasos para recibir su billete de loter\u00eda:<\/p>\n<ol>\n<li>Seleccione la loter\u00eda en la que desea participar (en este caso, PowerBall) despu\u00e9s de hacer clic en el banner de nuestra p\u00e1gina web. <span style=\"text-decoration: underline;\"><strong><a href=\"https:\/\/redfoxlotto.com\/?ref=A8564250A2&amp;medium=pwb\" target=\"_blank\" rel=\"noopener noreferrer\">o simplemente haga clic aqu\u00ed<\/a><\/strong><\/span><\/li>\n<li>Uno de los numerosos socios comerciales locales de RedFoxLotto comprar\u00e1 un billete en su nombre.<\/li>\n<li>El billete aparecer\u00e1 en su cuenta.<\/li>\n<li>Una vez finalizado el sorteo, si gana, recibir\u00e1 otro correo electr\u00f3nico con informaci\u00f3n sobre c\u00f3mo retirar sus ganancias.<\/li>\n<li>Cualquier premio inferior a 2500 \u20ac se abonar\u00e1 en su cuenta de cliente. Y para premios mayores, RedFoxLotto te ayuda a recibir tu cheque. \u00a1Este servicio es gratuito!<\/li>\n<\/ol>\n<p>Miles de personas en todo el mundo utilizan este servicio exclusivo. Si te preocupa qu\u00e9 pasar\u00eda si ganaras un premio gordo, no te preocupes. Esta empresa no solo es completamente confiable y leg\u00edtima, sino que tu boleto tambi\u00e9n llevar\u00e1 tu nombre, eliminando errores y fraudes.<\/p>\n<p>No solo puedes comprar loter\u00edas PowerBall a trav\u00e9s de este servicio, sino tambi\u00e9n comprar boletos de Euromillones, participar en El Gordo y Superenalotto, y en muchas otras loter\u00edas internacionales. No importa d\u00f3nde vivas en el mundo, puedes participar en loter\u00edas extranjeras con la frecuencia y el momento que quieras.<\/p>\n<h2>Sorteos<\/h2>\n<p>Los sorteos se realizan dos veces por semana: todos los mi\u00e9rcoles y s\u00e1bados por la noche a las 22:59, hora del este. Los boletos se pueden comprar hasta la \u00faltima hora del sorteo, lo que significa que las ventas terminan 59 minutos antes de que comience. Por favor, espere al menos dos horas para que la compra de su boleto en l\u00ednea permita que RedFoxLotto procese su pedido de Powerball.<br \/>\nLos ganadores y los n\u00fameros de la suerte se determinan extrayendo cinco bolas blancas de un bombo con un total de 59 bolas. Como novedad, se extrae una bola roja de un bombo separado con 35 bolas rojas.<\/p>\n<h2>Formas de Ganar<\/h2>\n<p>La loter\u00eda Powerball ofrece nueve maneras diferentes de ganar. Usted gana el premio mayor, el gran premio, si su boleto acierta los cinco n\u00fameros blancos y la bola roja, tambi\u00e9n conocido como \u00abPowerball\u00bb. Si gana el premio mayor, puede recibir un pago \u00fanico de inmediato o el premio completo anualmente durante 29 a\u00f1os. Aunque pueda parecer mucho tiempo, estamos seguros de que quedar\u00e1 m\u00e1s que satisfecho con un pago anual de aproximadamente $10 millones.<\/p>\n<p>Las probabilidades de ganar la loter\u00eda PowerBall son de aproximadamente 1 en 32. Puedes ganar de las siguientes maneras:<\/p>\n<ul>\n<li>5 bolas blancas + la PowerBall ganan el premio mayor<\/li>\n<li>5 bolas blancas ganan $1 mill\u00f3n<\/li>\n<li>4 bolas blancas + la PowerBall ganan $10,000<\/li>\n<li>4 bolas blancas ganan $100<\/li>\n<li>3 bolas blancas + la PowerBall ganan $100<\/li>\n<li>3 bolas blancas ganan $7<\/li>\n<li>2 bolas blancas + la PowerBall ganan $7<\/li>\n<li>1 bola blanca + la PowerBall gana $7<\/li>\n<li>La PowerBall sola gana $4<\/li>\n<\/ul>\n<p>Tambi\u00e9n hay una funci\u00f3n adicional: si activas la funci\u00f3n PowerPlay, puedes jugar la funci\u00f3n original \u00abAumentar el monto ganador\u00bb. Si tu boleto contiene la combinaci\u00f3n ganadora 5+0, tus ganancias ser\u00e1n de $2 millones en lugar de $1 mill\u00f3n. El PowerPlayDebe seleccionar la funci\u00f3n de juego al comprar su boleto.<\/p>\n<h2>\u00bfD\u00f3nde puedo jugar?<\/h2>\n<p>PowerBall es el juego de loter\u00eda m\u00e1s popular de Estados Unidos y se puede jugar en 42 estados del pa\u00eds. Tambi\u00e9n se juega en Washington, D.C. y las Islas V\u00edrgenes Estadounidenses. Hay ocho estados que no permiten a sus residentes participar en esta loter\u00eda: Nevada, California, Utah, Misisipi, Wyoming, Alabama, Haw\u00e1i y Alaska.<\/p>\n<p>Sin embargo, como se mencion\u00f3 al principio de este art\u00edculo, tambi\u00e9n es posible jugar a PowerBall fuera de EE. UU. y sin ser ciudadano estadounidense, o en un estado de EE. UU. donde no se puede comprar la loter\u00eda en una tienda. RedFoxLotto lo hace posible para todos. <strong><span style=\"text-decoration: underline;\"><a href=\"https:\/\/redfoxlotto.com\/?ref=A8564250A2&amp;medium=pwb\" target=\"_blank\" rel=\"noopener noreferrer\">\u00a1Consigue tu billete de loter\u00eda PowerBall en l\u00ednea ahora!<\/a><\/span><\/strong><\/p>\n","protected":false},"excerpt":{"rendered":"<p>C\u00f3mo comprar boletos de Powerball en l\u00ednea Powerball es un juego de loter\u00eda extremadamente popular con grandes premios y botes que van desde $140 millones hasta m\u00e1s de $300 millones. Siete personas ya ganaron el premio mayor de Powerball en 2012. El premio menor fue de $60 millones y el mayor, de $337 millones. \u00a1A &hellip; <\/p>\n<p class=\"link-more\"><a href=\"https:\/\/onlinelottospielen24.de\/es\/\" class=\"more-link\">Leer m\u00e1s<span class=\"screen-reader-text\"> \u00abHogar\u00bb<\/span><\/a><\/p>\n","protected":false},"author":1,"featured_media":0,"parent":0,"menu_order":0,"comment_status":"closed","ping_status":"closed","template":"","meta":{"footnotes":""},"class_list":["post-243","page","type-page","status-publish","hentry"],"yoast_head":"<!-- This site is optimized with the Yoast SEO plugin v27.3 - https:\/\/yoast.com\/product\/yoast-seo-wordpress\/ -->\n<title>C\u00f3mo comprar Powerball<\/title>\n<meta name=\"description\" content=\"C\u00f3mo comprar boletos de Powerball online y offline. Gu\u00eda paso a paso para Alemania: proveedores, m\u00e9todos de pago, impuestos y consejos para jugar.\" \/>\n<meta name=\"robots\" content=\"index, follow, max-snippet:-1, max-image-preview:large, max-video-preview:-1\" \/>\n<link rel=\"canonical\" href=\"https:\/\/onlinelottospielen24.de\/es\/\" \/>\n<meta property=\"og:locale\" content=\"es_ES\" \/>\n<meta property=\"og:type\" content=\"article\" \/>\n<meta property=\"og:title\" content=\"C\u00f3mo comprar Powerball\" \/>\n<meta property=\"og:description\" content=\"C\u00f3mo comprar boletos de Powerball online y offline. Gu\u00eda paso a paso para Alemania: proveedores, m\u00e9todos de pago, impuestos y consejos para jugar.\" \/>\n<meta property=\"og:url\" content=\"https:\/\/onlinelottospielen24.de\/es\/\" \/>\n<meta name=\"twitter:card\" content=\"summary_large_image\" \/>\n<meta name=\"twitter:label1\" content=\"Tiempo de lectura\" \/>\n\t<meta name=\"twitter:data1\" content=\"4 minutos\" \/>\n<script type=\"application\/ld+json\" class=\"yoast-schema-graph\">{\"@context\":\"https:\\\/\\\/schema.org\",\"@graph\":[{\"@type\":\"WebPage\",\"@id\":\"https:\\\/\\\/onlinelottospielen24.de\\\/es\\\/\",\"url\":\"https:\\\/\\\/onlinelottospielen24.de\\\/es\\\/\",\"name\":\"C\u00f3mo comprar Powerball\",\"isPartOf\":{\"@id\":\"https:\\\/\\\/onlinelottospielen24.de\\\/es\\\/de\\\/#website\"},\"datePublished\":\"2025-08-02T16:46:36+00:00\",\"description\":\"C\u00f3mo comprar boletos de Powerball online y offline. Gu\u00eda paso a paso para Alemania: proveedores, m\u00e9todos de pago, impuestos y consejos para jugar.\",\"breadcrumb\":{\"@id\":\"https:\\\/\\\/onlinelottospielen24.de\\\/es\\\/#breadcrumb\"},\"inLanguage\":\"es\",\"potentialAction\":[{\"@type\":\"ReadAction\",\"target\":[\"https:\\\/\\\/onlinelottospielen24.de\\\/es\\\/\"]}]},{\"@type\":\"BreadcrumbList\",\"@id\":\"https:\\\/\\\/onlinelottospielen24.de\\\/es\\\/#breadcrumb\",\"itemListElement\":[{\"@type\":\"ListItem\",\"position\":1,\"name\":\"Home\",\"item\":\"https:\\\/\\\/onlinelottospielen24.de\\\/es\\\/\"},{\"@type\":\"ListItem\",\"position\":2,\"name\":\"Hogar\"}]},{\"@type\":\"WebSite\",\"@id\":\"https:\\\/\\\/onlinelottospielen24.de\\\/es\\\/de\\\/#website\",\"url\":\"https:\\\/\\\/onlinelottospielen24.de\\\/es\\\/de\\\/\",\"name\":\"\",\"description\":\"\",\"potentialAction\":[{\"@type\":\"SearchAction\",\"target\":{\"@type\":\"EntryPoint\",\"urlTemplate\":\"https:\\\/\\\/onlinelottospielen24.de\\\/es\\\/de\\\/?s={search_term_string}\"},\"query-input\":{\"@type\":\"PropertyValueSpecification\",\"valueRequired\":true,\"valueName\":\"search_term_string\"}}],\"inLanguage\":\"es\"}]}<\/script>\n<!-- \/ Yoast SEO plugin. -->","yoast_head_json":{"title":"C\u00f3mo comprar Powerball","description":"C\u00f3mo comprar boletos de Powerball online y offline. Gu\u00eda paso a paso para Alemania: proveedores, m\u00e9todos de pago, impuestos y consejos para jugar.","robots":{"index":"index","follow":"follow","max-snippet":"max-snippet:-1","max-image-preview":"max-image-preview:large","max-video-preview":"max-video-preview:-1"},"canonical":"https:\/\/onlinelottospielen24.de\/es\/","og_locale":"es_ES","og_type":"article","og_title":"C\u00f3mo comprar Powerball","og_description":"C\u00f3mo comprar boletos de Powerball online y offline. Gu\u00eda paso a paso para Alemania: proveedores, m\u00e9todos de pago, impuestos y consejos para jugar.","og_url":"https:\/\/onlinelottospielen24.de\/es\/","twitter_card":"summary_large_image","twitter_misc":{"Tiempo de lectura":"4 minutos"},"schema":{"@context":"https:\/\/schema.org","@graph":[{"@type":"WebPage","@id":"https:\/\/onlinelottospielen24.de\/es\/","url":"https:\/\/onlinelottospielen24.de\/es\/","name":"C\u00f3mo comprar Powerball","isPartOf":{"@id":"https:\/\/onlinelottospielen24.de\/es\/de\/#website"},"datePublished":"2025-08-02T16:46:36+00:00","description":"C\u00f3mo comprar boletos de Powerball online y offline. Gu\u00eda paso a paso para Alemania: proveedores, m\u00e9todos de pago, impuestos y consejos para jugar.","breadcrumb":{"@id":"https:\/\/onlinelottospielen24.de\/es\/#breadcrumb"},"inLanguage":"es","potentialAction":[{"@type":"ReadAction","target":["https:\/\/onlinelottospielen24.de\/es\/"]}]},{"@type":"BreadcrumbList","@id":"https:\/\/onlinelottospielen24.de\/es\/#breadcrumb","itemListElement":[{"@type":"ListItem","position":1,"name":"Home","item":"https:\/\/onlinelottospielen24.de\/es\/"},{"@type":"ListItem","position":2,"name":"Hogar"}]},{"@type":"WebSite","@id":"https:\/\/onlinelottospielen24.de\/es\/de\/#website","url":"https:\/\/onlinelottospielen24.de\/es\/de\/","name":"","description":"","potentialAction":[{"@type":"SearchAction","target":{"@type":"EntryPoint","urlTemplate":"https:\/\/onlinelottospielen24.de\/es\/de\/?s={search_term_string}"},"query-input":{"@type":"PropertyValueSpecification","valueRequired":true,"valueName":"search_term_string"}}],"inLanguage":"es"}]}},"_links":{"self":[{"href":"https:\/\/onlinelottospielen24.de\/es\/wp-json\/wp\/v2\/pages\/243","targetHints":{"allow":["GET"]}}],"collection":[{"href":"https:\/\/onlinelottospielen24.de\/es\/wp-json\/wp\/v2\/pages"}],"about":[{"href":"https:\/\/onlinelottospielen24.de\/es\/wp-json\/wp\/v2\/types\/page"}],"author":[{"embeddable":true,"href":"https:\/\/onlinelottospielen24.de\/es\/wp-json\/wp\/v2\/users\/1"}],"replies":[{"embeddable":true,"href":"https:\/\/onlinelottospielen24.de\/es\/wp-json\/wp\/v2\/comments?post=243"}],"version-history":[{"count":0,"href":"https:\/\/onlinelottospielen24.de\/es\/wp-json\/wp\/v2\/pages\/243\/revisions"}],"wp:attachment":[{"href":"https:\/\/onlinelottospielen24.de\/es\/wp-json\/wp\/v2\/media?parent=243"}],"curies":[{"name":"wp","href":"https:\/\/api.w.org\/{rel}","templated":true}]}}