{"id":224,"date":"2025-08-02T16:46:36","date_gmt":"2025-08-02T16:46:36","guid":{"rendered":"https:\/\/onlinelottospielen24.de\/hjem\/"},"modified":"2025-08-02T16:46:36","modified_gmt":"2025-08-02T16:46:36","slug":"hjem","status":"publish","type":"page","link":"https:\/\/onlinelottospielen24.de\/da\/","title":{"rendered":"Hjem"},"content":{"rendered":"<h2>S\u00e5dan k\u00f8ber du Powerball-kuponer online<\/h2>\n<p>Powerball er et ekstremt popul\u00e6rt lotterispil med h\u00f8je pr\u00e6mier og jackpots, der sp\u00e6nder fra $140 millioner til over $300 millioner! Syv personer har allerede vundet Powerball-jackpotten i 2012. Den laveste jackpot var $60 millioner, og den h\u00f8jeste var $337 millioner! Dette kan ogs\u00e5 ske for dig! For at vinde millioner skal du blot <strong>k\u00f8be en Powerball-kupon online<\/strong>.<\/p>\n<p><img loading=\"lazy\" decoding=\"async\" style=\"margin: 1px; float: right;\" src=\"images\/powerball_lottery.gif\" alt=\"Powerball-lotteriet\" width=\"250\" height=\"96\" \/>Selvom lotteriet oprindeligt var beregnet til amerikanske indbyggere, og kuponer kunne k\u00f8bes i lokale butikker, er det nu muligt at k\u00f8be Powerball-kuponer online! Uanset om du bor i USA eller Australien, kan du spille PowerBall overalt i verden!<\/p>\n<p>Det er muligt at k\u00f8be og deltage i PowerBall takket v\u00e6re den eksklusive service, som RedFoxLotto tilbyder. RedFoxLotto er en virksomhed med hundredvis af distribut\u00f8rer verden over, der hj\u00e6lper dig med at k\u00f8be lige pr\u00e6cis det lotteri, du \u00f8nsker.<\/p>\n<p><strong>Der er kun fire enkle trin, der er n\u00f8dvendige, f\u00f8r du modtager din lotterikupon:<\/strong><\/p>\n<ol>\n<li>V\u00e6lg det lotteri, du vil deltage i \u2013 i dette tilf\u00e6lde PowerBall \u2013 efter at have klikket p\u00e5 banneret p\u00e5 vores hjemmeside <span style=\"text-decoration: underline;\"><strong><a href=\"https:\/\/redfoxlotto.com\/?ref=A8564250A2&amp;medium=pwb\" target=\"_blank\" rel=\"noopener noreferrer\">eller klik blot her<\/a><\/strong><\/span><\/li>\n<li>En af RedFoxLottos mange lokale salgspartnere vil k\u00f8be en kupon p\u00e5 dine vegne.<\/li>\n<li>Kuponen vil derefter blive vist p\u00e5 din konto.<\/li>\n<li>N\u00e5r tr\u00e6kningen er afsluttet, og hvis du vinder, vil du modtage en ny e-mail med information om, hvordan du h\u00e6ver dine gevinster.<\/li>\n<li>Alle gevinster under \u20ac2.500 vil blive krediteret din kundekonto. Og for st\u00f8rre gevinster hj\u00e6lper RedFoxLotto dig med at f\u00e5 din check. Der er ingen ekstra omkostninger for denne service!<\/li>\n<\/ol>\n<p>Denne eksklusive service bruges af tusindvis af mennesker verden over. Hvis du er bekymret for, hvad der ville ske, hvis du vandt en jackpot, s\u00e5 bare rolig. Ikke alene er dette firma fuldst\u00e6ndig velrenommeret og legitimt, men din kupon vil ogs\u00e5 b\u00e6re dit navn, hvilket eliminerer fejl og svindel.<\/p>\n<p>Du kan ikke kun k\u00f8be PowerBall-lotterier gennem denne service, du kan ogs\u00e5 k\u00f8be Euromillions-kuponer, deltage i El Gordo og Superenalotto og deltage i adskillige andre internationale lotterier. Uanset hvor du bor i verden, kan du deltage i udenlandske lotterier s\u00e5 ofte og n\u00e5r som helst du vil.<\/p>\n<h2>Konkurrencer<\/h2>\n<p>Konkurrencer afholdes to gange om ugen &#8211; hver onsdag og l\u00f8rdag aften kl. 22:59 \u00f8stlig tid. Kuponer kan k\u00f8bes indtil den sidste time af tr\u00e6kningen, hvilket betyder, at salget slutter 59 minutter f\u00f8r tr\u00e6kningen begynder. Beregn venligst mindst to timer til dit onlinek\u00f8b af kupon, s\u00e5 RedFoxLotto kan behandle din Powerball-kuponordre.<br \/>\nVinderne og lykketallene bestemmes ved at tr\u00e6kke fem hvide kugler fra en tromle med i alt 59 kugler. En ny tilf\u00f8jelse er en r\u00f8d kugle, der tr\u00e6kkes fra en separat tromle med 35 r\u00f8de kugler.<\/p>\n<h2>M\u00e5der at vinde<\/h2>\n<p>Powerball-lotteriet tilbyder ni forskellige m\u00e5der at vinde p\u00e5. Du vinder hovedpr\u00e6mien, den store jackpot, hvis din kupon matcher alle fem hvide tal og den r\u00f8de kugle, ogs\u00e5 kendt som &#8220;Powerball&#8221;. Hvis du vinder jackpotten, kan du modtage enten et engangsbel\u00f8b med det samme eller den fulde jackpot \u00e5rligt i 29 \u00e5r. Selvom det kan virke som lang tid, er vi sikre p\u00e5, at du vil v\u00e6re mere end tilfreds med en \u00e5rlig udbetaling p\u00e5 cirka 10 millioner dollars!<\/p>\n<p>Oddsene for at vinde i PowerBall-lotteriet er cirka 1 ud af 32. Du kan vinde p\u00e5 f\u00f8lgende m\u00e5der:<\/p>\n<ul>\n<li>5 hvide kugler + PowerBall vinder jackpotten<\/li>\n<li>5 hvide kugler vinder $1 million<\/li>\n<li>4 hvide kugler + PowerBall vinder $10.000<\/li>\n<li>4 hvide kugler vinder $100<\/li>\n<li>3 hvide kugler + PowerBall vinder $100<\/li>\n<li>3 hvide kugler vinder $7<\/li>\n<li>2 hvide kugler + PowerBall vinder $7<\/li>\n<li>1 hvid kugle + PowerBall vinder $7<\/li>\n<li>Alene PowerBall vinder $4<\/li>\n<\/ul>\n<p>Der er ogs\u00e5 en ekstra funktion: Hvis du aktiverer PowerPlay-funktionen, kan du spille den originale kombination. For\u00f8g vinderbel\u00f8bet. Hvis din kupon indeholder vinderkombinationen 5+0, vil din gevinst v\u00e6re $2 millioner i stedet for $1 million. PowerPlaySpilfunktionen skal v\u00e6lges, n\u00e5r du k\u00f8ber din kupon.<\/p>\n<h2>Hvor kan jeg spille?<\/h2>\n<p>PowerBall er Amerikas mest popul\u00e6re lotterispil og kan spilles i 42 stater over hele landet. Det spilles ogs\u00e5 i Washington, D.C. og p\u00e5 de Amerikanske Jomfru\u00f8er. Der er otte stater, der ikke tillader deres indbyggere at deltage i dette lotteri: Nevada, Californien, Utah, Mississippi, Wyoming, Alabama, Hawaii og Alaska.<\/p>\n<p>Som n\u00e6vnt i begyndelsen af \u200b\u200bdenne artikel er det dog ogs\u00e5 muligt at spille PowerBall uden for USA og som ikke-amerikansk statsborger, eller i en amerikansk stat, hvor du ikke kan k\u00f8be lotteriet i en butik. RedFoxLotto g\u00f8r det muligt for alle. <strong><span style=\"text-decoration: underline;\"><a href=\"https:\/\/redfoxlotto.com\/?ref=A8564250A2&amp;medium=pwb\" target=\"_blank\" rel=\"noopener noreferrer\">F\u00e5 din PowerBall-lotterikupon online nu!<\/a><\/span><\/strong><\/p>\n","protected":false},"excerpt":{"rendered":"<p>S\u00e5dan k\u00f8ber du Powerball-kuponer online Powerball er et ekstremt popul\u00e6rt lotterispil med h\u00f8je pr\u00e6mier og jackpots, der sp\u00e6nder fra $140 millioner til over $300 millioner! Syv personer har allerede vundet Powerball-jackpotten i 2012. Den laveste jackpot var $60 millioner, og den h\u00f8jeste var $337 millioner! Dette kan ogs\u00e5 ske for dig! For at vinde millioner &hellip; <\/p>\n<p class=\"link-more\"><a href=\"https:\/\/onlinelottospielen24.de\/da\/\" class=\"more-link\">L\u00e6s mere<span class=\"screen-reader-text\"> \u201cHjem\u201d<\/span><\/a><\/p>\n","protected":false},"author":1,"featured_media":0,"parent":0,"menu_order":0,"comment_status":"closed","ping_status":"closed","template":"","meta":{"footnotes":""},"class_list":["post-224","page","type-page","status-publish","hentry"],"yoast_head":"<!-- This site is optimized with the Yoast SEO plugin v27.3 - https:\/\/yoast.com\/product\/yoast-seo-wordpress\/ -->\n<title>S\u00e5dan k\u00f8ber du Powerball<\/title>\n<meta name=\"description\" content=\"S\u00e5dan k\u00f8ber du Powerball-lodsedler online og offline. En trin-for-trin guide til Tyskland: udbydere, betalingsmetoder, skatter og tips til at spille.\" \/>\n<meta name=\"robots\" content=\"index, follow, max-snippet:-1, max-image-preview:large, max-video-preview:-1\" \/>\n<link rel=\"canonical\" href=\"https:\/\/onlinelottospielen24.de\/da\/\" \/>\n<meta property=\"og:locale\" content=\"da_DK\" \/>\n<meta property=\"og:type\" content=\"article\" \/>\n<meta property=\"og:title\" content=\"S\u00e5dan k\u00f8ber du Powerball\" \/>\n<meta property=\"og:description\" content=\"S\u00e5dan k\u00f8ber du Powerball-lodsedler online og offline. En trin-for-trin guide til Tyskland: udbydere, betalingsmetoder, skatter og tips til at spille.\" \/>\n<meta property=\"og:url\" content=\"https:\/\/onlinelottospielen24.de\/da\/\" \/>\n<meta name=\"twitter:card\" content=\"summary_large_image\" \/>\n<meta name=\"twitter:label1\" content=\"Estimeret l\u00e6setid\" \/>\n\t<meta name=\"twitter:data1\" content=\"4 minutter\" \/>\n<script type=\"application\/ld+json\" class=\"yoast-schema-graph\">{\"@context\":\"https:\\\/\\\/schema.org\",\"@graph\":[{\"@type\":\"WebPage\",\"@id\":\"https:\\\/\\\/onlinelottospielen24.de\\\/da\\\/\",\"url\":\"https:\\\/\\\/onlinelottospielen24.de\\\/da\\\/\",\"name\":\"S\u00e5dan k\u00f8ber du Powerball\",\"isPartOf\":{\"@id\":\"https:\\\/\\\/onlinelottospielen24.de\\\/da\\\/de\\\/#website\"},\"datePublished\":\"2025-08-02T16:46:36+00:00\",\"description\":\"S\u00e5dan k\u00f8ber du Powerball-lodsedler online og offline. En trin-for-trin guide til Tyskland: udbydere, betalingsmetoder, skatter og tips til at spille.\",\"breadcrumb\":{\"@id\":\"https:\\\/\\\/onlinelottospielen24.de\\\/da\\\/#breadcrumb\"},\"inLanguage\":\"da-DK\",\"potentialAction\":[{\"@type\":\"ReadAction\",\"target\":[\"https:\\\/\\\/onlinelottospielen24.de\\\/da\\\/\"]}]},{\"@type\":\"BreadcrumbList\",\"@id\":\"https:\\\/\\\/onlinelottospielen24.de\\\/da\\\/#breadcrumb\",\"itemListElement\":[{\"@type\":\"ListItem\",\"position\":1,\"name\":\"Home\",\"item\":\"https:\\\/\\\/onlinelottospielen24.de\\\/da\\\/\"},{\"@type\":\"ListItem\",\"position\":2,\"name\":\"Hjem\"}]},{\"@type\":\"WebSite\",\"@id\":\"https:\\\/\\\/onlinelottospielen24.de\\\/da\\\/de\\\/#website\",\"url\":\"https:\\\/\\\/onlinelottospielen24.de\\\/da\\\/de\\\/\",\"name\":\"\",\"description\":\"\",\"potentialAction\":[{\"@type\":\"SearchAction\",\"target\":{\"@type\":\"EntryPoint\",\"urlTemplate\":\"https:\\\/\\\/onlinelottospielen24.de\\\/da\\\/de\\\/?s={search_term_string}\"},\"query-input\":{\"@type\":\"PropertyValueSpecification\",\"valueRequired\":true,\"valueName\":\"search_term_string\"}}],\"inLanguage\":\"da-DK\"}]}<\/script>\n<!-- \/ Yoast SEO plugin. -->","yoast_head_json":{"title":"S\u00e5dan k\u00f8ber du Powerball","description":"S\u00e5dan k\u00f8ber du Powerball-lodsedler online og offline. En trin-for-trin guide til Tyskland: udbydere, betalingsmetoder, skatter og tips til at spille.","robots":{"index":"index","follow":"follow","max-snippet":"max-snippet:-1","max-image-preview":"max-image-preview:large","max-video-preview":"max-video-preview:-1"},"canonical":"https:\/\/onlinelottospielen24.de\/da\/","og_locale":"da_DK","og_type":"article","og_title":"S\u00e5dan k\u00f8ber du Powerball","og_description":"S\u00e5dan k\u00f8ber du Powerball-lodsedler online og offline. En trin-for-trin guide til Tyskland: udbydere, betalingsmetoder, skatter og tips til at spille.","og_url":"https:\/\/onlinelottospielen24.de\/da\/","twitter_card":"summary_large_image","twitter_misc":{"Estimeret l\u00e6setid":"4 minutter"},"schema":{"@context":"https:\/\/schema.org","@graph":[{"@type":"WebPage","@id":"https:\/\/onlinelottospielen24.de\/da\/","url":"https:\/\/onlinelottospielen24.de\/da\/","name":"S\u00e5dan k\u00f8ber du Powerball","isPartOf":{"@id":"https:\/\/onlinelottospielen24.de\/da\/de\/#website"},"datePublished":"2025-08-02T16:46:36+00:00","description":"S\u00e5dan k\u00f8ber du Powerball-lodsedler online og offline. En trin-for-trin guide til Tyskland: udbydere, betalingsmetoder, skatter og tips til at spille.","breadcrumb":{"@id":"https:\/\/onlinelottospielen24.de\/da\/#breadcrumb"},"inLanguage":"da-DK","potentialAction":[{"@type":"ReadAction","target":["https:\/\/onlinelottospielen24.de\/da\/"]}]},{"@type":"BreadcrumbList","@id":"https:\/\/onlinelottospielen24.de\/da\/#breadcrumb","itemListElement":[{"@type":"ListItem","position":1,"name":"Home","item":"https:\/\/onlinelottospielen24.de\/da\/"},{"@type":"ListItem","position":2,"name":"Hjem"}]},{"@type":"WebSite","@id":"https:\/\/onlinelottospielen24.de\/da\/de\/#website","url":"https:\/\/onlinelottospielen24.de\/da\/de\/","name":"","description":"","potentialAction":[{"@type":"SearchAction","target":{"@type":"EntryPoint","urlTemplate":"https:\/\/onlinelottospielen24.de\/da\/de\/?s={search_term_string}"},"query-input":{"@type":"PropertyValueSpecification","valueRequired":true,"valueName":"search_term_string"}}],"inLanguage":"da-DK"}]}},"_links":{"self":[{"href":"https:\/\/onlinelottospielen24.de\/da\/wp-json\/wp\/v2\/pages\/224","targetHints":{"allow":["GET"]}}],"collection":[{"href":"https:\/\/onlinelottospielen24.de\/da\/wp-json\/wp\/v2\/pages"}],"about":[{"href":"https:\/\/onlinelottospielen24.de\/da\/wp-json\/wp\/v2\/types\/page"}],"author":[{"embeddable":true,"href":"https:\/\/onlinelottospielen24.de\/da\/wp-json\/wp\/v2\/users\/1"}],"replies":[{"embeddable":true,"href":"https:\/\/onlinelottospielen24.de\/da\/wp-json\/wp\/v2\/comments?post=224"}],"version-history":[{"count":0,"href":"https:\/\/onlinelottospielen24.de\/da\/wp-json\/wp\/v2\/pages\/224\/revisions"}],"wp:attachment":[{"href":"https:\/\/onlinelottospielen24.de\/da\/wp-json\/wp\/v2\/media?parent=224"}],"curies":[{"name":"wp","href":"https:\/\/api.w.org\/{rel}","templated":true}]}}