{"id":223,"date":"2025-08-02T16:46:36","date_gmt":"2025-08-02T16:46:36","guid":{"rendered":"https:\/\/onlinelottospielen24.de\/domov\/"},"modified":"2025-08-02T16:46:36","modified_gmt":"2025-08-02T16:46:36","slug":"domov","status":"publish","type":"page","link":"https:\/\/onlinelottospielen24.de\/cs\/","title":{"rendered":"Domov"},"content":{"rendered":"<h2>Jak koupit losy Powerball online<\/h2>\n<p>Powerball je extr\u00e9mn\u011b popul\u00e1rn\u00ed loterijn\u00ed hra s vysok\u00fdmi v\u00fdhrami a jackpoty v rozmez\u00ed od 140 milion\u016f dolar\u016f do v\u00edce ne\u017e 300 milion\u016f dolar\u016f! V roce 2012 ji\u017e jackpot Powerballu vyhr\u00e1lo sedm lid\u00ed. Nejni\u017e\u0161\u00ed jackpot byl 60 milion\u016f dolar\u016f a nejvy\u0161\u0161\u00ed 337 milion\u016f dolar\u016f! To se m\u016f\u017ee st\u00e1t i v\u00e1m! Chcete-li vyhr\u00e1t miliony, sta\u010d\u00ed si <strong>koupit tiket Powerball online<\/strong>.<\/p>\n<p><img loading=\"lazy\" decoding=\"async\" style=\"margin: 1px; float: right;\" src=\"images\/powerball_lottery.gif\" alt=\"Powerball lottery\" width=\"250\" height=\"96\" \/>Zat\u00edmco loterie byla p\u016fvodn\u011b ur\u010dena pro obyvatele USA a losy bylo mo\u017en\u00e9 zakoupit v m\u00edstn\u00edch obchodech, nyn\u00ed je mo\u017en\u00e9 si losy Powerball koupit online! A\u0165 u\u017e \u017eijete v USA nebo Austr\u00e1lii, PowerBall si m\u016f\u017eete zahr\u00e1t kdekoli na sv\u011bt\u011b!<\/p>\n<p>N\u00e1kup a \u00fa\u010dast v Powerballu je mo\u017en\u00e1 d\u00edky exkluzivn\u00ed slu\u017eb\u011b poskytovan\u00e9 spole\u010dnost\u00ed RedFoxLotto. RedFoxLotto je spole\u010dnost se stovkami distributor\u016f po cel\u00e9m sv\u011bt\u011b, kter\u00e1 v\u00e1m pom\u016f\u017ee koupit jakoukoli loterii, kterou chcete.<\/p>\n<p><strong>Ne\u017e obdr\u017e\u00edte sv\u016fj los, sta\u010d\u00ed prov\u00e9st pouze \u010dty\u0159i jednoduch\u00e9 kroky:<\/strong><\/p>\n<ol>\n<li>Vyberte loterii, kter\u00e9 se chcete z\u00fa\u010dastnit \u2013 v tomto p\u0159\u00edpad\u011b PowerBall \u2013 po kliknut\u00ed na banner na na\u0161ich webov\u00fdch str\u00e1nk\u00e1ch <span style=\"text-decoration: underline;\"><strong><a href=\"https:\/\/redfoxlotto.com\/?ref=A8564250A2&amp;medium=pwb\" target=\"_blank\" rel=\"noopener noreferrer\">nebo jednodu\u0161e klikn\u011bte sem<\/a><\/strong><\/span><\/li>\n<li>Jeden z mnoha m\u00edstn\u00edch prodejn\u00edch partner\u016f RedFoxLotto zakoup\u00ed los za v\u00e1s.<\/li>\n<li>L\u00edstek se pot\u00e9 zobraz\u00ed na va\u0161em \u00fa\u010dtu.<\/li>\n<li>Po dokon\u010den\u00ed losov\u00e1n\u00ed a v p\u0159\u00edpad\u011b v\u00fdhry obdr\u017e\u00edte dal\u0161\u00ed e-mail s informacemi o tom, jak si v\u00fdhru vybrat.<\/li>\n<li>Ve\u0161ker\u00e9 v\u00fdhry do 2 500 EUR budou p\u0159ips\u00e1ny na v\u00e1\u0161 z\u00e1kaznick\u00fd \u00fa\u010det. A pro v\u011bt\u0161\u00ed v\u00fdhry v\u00e1m RedFoxLotto pom\u016f\u017ee z\u00edskat v\u00e1\u0161 \u0161ek. Za tuto slu\u017ebu se ne\u00fa\u010dtuj\u00ed \u017e\u00e1dn\u00e9 dal\u0161\u00ed poplatky!<\/li>\n<\/ol>\n<p>Tuto exkluzivn\u00ed slu\u017ebu vyu\u017e\u00edvaj\u00ed tis\u00edce lid\u00ed po cel\u00e9m sv\u011bt\u011b. Pokud se ob\u00e1v\u00e1te, co by se stalo, kdybyste vyhr\u00e1li jackpot, nebojte se. Tato spole\u010dnost je nejen zcela seri\u00f3zn\u00ed a legitimn\u00ed, ale v\u00e1\u0161 tiket bude tak\u00e9 n\u00e9st va\u0161e jm\u00e9no, \u010d\u00edm\u017e se eliminuj\u00ed chyby a podvody.<\/p>\n<p>Prost\u0159ednictv\u00edm t\u00e9to slu\u017eby si m\u016f\u017eete nejen koupit loterie PowerBall, ale tak\u00e9 si m\u016f\u017eete koupit tikety Euromillions, \u00fa\u010dastnit se El Gordo a SuperEnalotto a \u00fa\u010dastnit se mnoha dal\u0161\u00edch mezin\u00e1rodn\u00edch loteri\u00ed. Bez ohledu na to, kde na sv\u011bt\u011b \u017eijete, se m\u016f\u017eete \u00fa\u010dastnit zahrani\u010dn\u00edch loteri\u00ed tak \u010dasto a kdykoli chcete.<\/p>\n<h2>Sout\u011b\u017ee<\/h2>\n<p>Sout\u011b\u017ee se konaj\u00ed dvakr\u00e1t t\u00fddn\u011b \u2013 ka\u017edou st\u0159edu a sobotu ve\u010der ve 22:59 v\u00fdchodn\u00edho \u010dasu. Tikety lze zakoupit do posledn\u00ed hodiny slosov\u00e1n\u00ed, co\u017e znamen\u00e1, \u017ee prodej kon\u010d\u00ed 59 minut p\u0159ed za\u010d\u00e1tkem slosov\u00e1n\u00ed. Po\u010d\u00edtejte pros\u00edm s online n\u00e1kupem tiketu alespo\u0148 dv\u011b hodiny, aby RedFoxLotto mohl zpracovat va\u0161i objedn\u00e1vku tiketu Powerball.<br \/>\nV\u00fdherci a \u0161\u0165astn\u00e1 \u010d\u00edsla se ur\u010d\u00ed vylosov\u00e1n\u00edm p\u011bti b\u00edl\u00fdch kuli\u010dek z bubnu obsahuj\u00edc\u00edho celkem 59 kuli\u010dek. Novinkou je \u010derven\u00e1 kuli\u010dka vylosovan\u00e1 ze samostatn\u00e9ho bubnu obsahuj\u00edc\u00edho 35 \u010derven\u00fdch kuli\u010dek.<\/p>\n<h2>Zp\u016fsoby v\u00fdhry<\/h2>\n<p>Loterie Powerball nab\u00edz\u00ed dev\u011bt r\u016fzn\u00fdch zp\u016fsob\u016f v\u00fdhry. Hlavn\u00ed cenu, velk\u00fd jackpot, vyhrajete, pokud se na va\u0161em tiketu shoduje v\u0161ech p\u011bt b\u00edl\u00fdch \u010d\u00edsel a \u010derven\u00e1 kuli\u010dka, zn\u00e1m\u00e1 tak\u00e9 jako \u201ePowerball\u201c. Pokud vyhrajete jackpot, m\u016f\u017eete po dobu 29 let obdr\u017eet bu\u010f jednor\u00e1zovou \u010d\u00e1stku, nebo pln\u00fd jackpot ro\u010dn\u011b. I kdy\u017e se to m\u016f\u017ee zd\u00e1t jako dlouh\u00e1 doba, jsme si jisti, \u017ee budete v\u00edce ne\u017e spokojeni s ro\u010dn\u00ed v\u00fdplatou p\u0159ibli\u017en\u011b 10 milion\u016f dolar\u016f!<\/p>\n<p>\u0160ance na v\u00fdhru v loterii PowerBall je p\u0159ibli\u017en\u011b 1 ku 32. Vyhr\u00e1t m\u016f\u017eete n\u00e1sleduj\u00edc\u00edmi zp\u016fsoby:<\/p>\n<ul>\n<li>5 b\u00edl\u00fdch kuli\u010dek + PowerBall vyhr\u00e1v\u00e1 jackpot<\/li>\n<li>5 b\u00edl\u00fdch kuli\u010dek vyhr\u00e1v\u00e1 1 milion dolar\u016f<\/li>\n<li>4 b\u00edl\u00e9 kuli\u010dky + PowerBall vyhr\u00e1v\u00e1 10 000 dolar\u016f<\/li>\n<li>4 b\u00edl\u00e9 kuli\u010dky vyhr\u00e1vaj\u00ed 100 dolar\u016f<\/li>\n<li>3 b\u00edl\u00e9 kuli\u010dky + PowerBall vyhr\u00e1v\u00e1 100 dolar\u016f<\/li>\n<li>3 b\u00edl\u00e9 kuli\u010dky vyhr\u00e1vaj\u00ed 7 dolar\u016f<\/li>\n<li>2 b\u00edl\u00e9 kuli\u010dky + PowerBall vyhr\u00e1v\u00e1 7 dolar\u016f<\/li>\n<li>1 b\u00edl\u00e1 kuli\u010dka + PowerBall vyhr\u00e1v\u00e1 7 dolar\u016f<\/li>\n<li>Samotn\u00fd PowerBall vyhr\u00e1v\u00e1 4 dolary<\/li>\n<\/ul>\n<p>K dispozici je tak\u00e9 dal\u0161\u00ed funkce: Pokud aktivujete funkci PowerPlay, m\u016f\u017eete hr\u00e1t p\u016fvodn\u00ed funkci Zv\u00fd\u0161it v\u00fdhern\u00ed \u010d\u00e1stku. Pokud v\u00e1\u0161 tiket obsahuje v\u00fdhern\u00ed kombinaci 5+0, va\u0161e v\u00fdhra bude 2 miliony dolar\u016f m\u00edsto 1 milionu dolar\u016f. PowerPlayFunkce hran\u00ed mus\u00ed b\u00fdt vybr\u00e1na p\u0159i n\u00e1kupu tiketu.<\/p>\n<h2>Kde mohu hr\u00e1t?<\/h2>\n<p>PowerBall je nejobl\u00edben\u011bj\u0161\u00ed loterijn\u00ed hra v Americe a lze ji hr\u00e1t ve 42 st\u00e1tech po cel\u00e9 zemi. Hraje se tak\u00e9 ve Washingtonu, D.C. a na Americk\u00fdch Panensk\u00fdch ostrovech. Existuje osm st\u00e1t\u016f, kter\u00e9 sv\u00fdm obyvatel\u016fm neumo\u017e\u0148uj\u00ed \u00fa\u010dast v t\u00e9to loterii: Nevada, Kalifornie, Utah, Mississippi, Wyoming, Alabama, Havaj a Alja\u0161ka.<\/p>\n<p>Jak v\u0161ak bylo zm\u00edn\u011bno na za\u010d\u00e1tku tohoto \u010dl\u00e1nku, je mo\u017en\u00e9 hr\u00e1t PowerBall i mimo USA a jako ob\u010dan USA nebo v USA, kde si loterii nelze zakoupit v obchod\u011b. RedFoxLotto to umo\u017e\u0148uje ka\u017ed\u00e9mu. <strong><span style=\"text-decoration: underline;\"><a href=\"https:\/\/redfoxlotto.com\/?ref=A8564250A2&amp;medium=pwb\" target=\"_blank\" rel=\"noopener noreferrer\">Z\u00edskejte sv\u016fj loterijn\u00ed tiket PowerBall online hned te\u010f!<\/a><\/span><\/strong><\/p>\n","protected":false},"excerpt":{"rendered":"<p>Jak koupit losy Powerball online Powerball je extr\u00e9mn\u011b popul\u00e1rn\u00ed loterijn\u00ed hra s vysok\u00fdmi v\u00fdhrami a jackpoty v rozmez\u00ed od 140 milion\u016f dolar\u016f do v\u00edce ne\u017e 300 milion\u016f dolar\u016f! V roce 2012 ji\u017e jackpot Powerballu vyhr\u00e1lo sedm lid\u00ed. Nejni\u017e\u0161\u00ed jackpot byl 60 milion\u016f dolar\u016f a nejvy\u0161\u0161\u00ed 337 milion\u016f dolar\u016f! To se m\u016f\u017ee st\u00e1t i v\u00e1m! Chcete-li &hellip; <\/p>\n<p class=\"link-more\"><a href=\"https:\/\/onlinelottospielen24.de\/cs\/\" class=\"more-link\">Read more<span class=\"screen-reader-text\"> &#8222;Domov&#8220;<\/span><\/a><\/p>\n","protected":false},"author":1,"featured_media":0,"parent":0,"menu_order":0,"comment_status":"closed","ping_status":"closed","template":"","meta":{"footnotes":""},"class_list":["post-223","page","type-page","status-publish","hentry"],"yoast_head":"<!-- This site is optimized with the Yoast SEO plugin v27.3 - https:\/\/yoast.com\/product\/yoast-seo-wordpress\/ -->\n<title>Jak koupit Powerball<\/title>\n<meta name=\"description\" content=\"Jak koupit losy Powerball online a offline. Podrobn\u00fd pr\u016fvodce pro N\u011bmecko: poskytovatel\u00e9, platebn\u00ed metody, dan\u011b a tipy pro hran\u00ed.\" \/>\n<meta name=\"robots\" content=\"index, follow, max-snippet:-1, max-image-preview:large, max-video-preview:-1\" \/>\n<link rel=\"canonical\" href=\"https:\/\/onlinelottospielen24.de\/cs\/\" \/>\n<meta property=\"og:locale\" content=\"cs_CZ\" \/>\n<meta property=\"og:type\" content=\"article\" \/>\n<meta property=\"og:title\" content=\"Jak koupit Powerball\" \/>\n<meta property=\"og:description\" content=\"Jak koupit losy Powerball online a offline. Podrobn\u00fd pr\u016fvodce pro N\u011bmecko: poskytovatel\u00e9, platebn\u00ed metody, dan\u011b a tipy pro hran\u00ed.\" \/>\n<meta property=\"og:url\" content=\"https:\/\/onlinelottospielen24.de\/cs\/\" \/>\n<meta name=\"twitter:card\" content=\"summary_large_image\" \/>\n<meta name=\"twitter:label1\" content=\"Odhadovan\u00e1 doba \u010dten\u00ed\" \/>\n\t<meta name=\"twitter:data1\" content=\"4 minuty\" \/>\n<script type=\"application\/ld+json\" class=\"yoast-schema-graph\">{\"@context\":\"https:\\\/\\\/schema.org\",\"@graph\":[{\"@type\":\"WebPage\",\"@id\":\"https:\\\/\\\/onlinelottospielen24.de\\\/cs\\\/\",\"url\":\"https:\\\/\\\/onlinelottospielen24.de\\\/cs\\\/\",\"name\":\"Jak koupit Powerball\",\"isPartOf\":{\"@id\":\"https:\\\/\\\/onlinelottospielen24.de\\\/cs\\\/de\\\/#website\"},\"datePublished\":\"2025-08-02T16:46:36+00:00\",\"description\":\"Jak koupit losy Powerball online a offline. Podrobn\u00fd pr\u016fvodce pro N\u011bmecko: poskytovatel\u00e9, platebn\u00ed metody, dan\u011b a tipy pro hran\u00ed.\",\"breadcrumb\":{\"@id\":\"https:\\\/\\\/onlinelottospielen24.de\\\/cs\\\/#breadcrumb\"},\"inLanguage\":\"cs\",\"potentialAction\":[{\"@type\":\"ReadAction\",\"target\":[\"https:\\\/\\\/onlinelottospielen24.de\\\/cs\\\/\"]}]},{\"@type\":\"BreadcrumbList\",\"@id\":\"https:\\\/\\\/onlinelottospielen24.de\\\/cs\\\/#breadcrumb\",\"itemListElement\":[{\"@type\":\"ListItem\",\"position\":1,\"name\":\"Home\",\"item\":\"https:\\\/\\\/onlinelottospielen24.de\\\/cs\\\/\"},{\"@type\":\"ListItem\",\"position\":2,\"name\":\"Domov\"}]},{\"@type\":\"WebSite\",\"@id\":\"https:\\\/\\\/onlinelottospielen24.de\\\/cs\\\/de\\\/#website\",\"url\":\"https:\\\/\\\/onlinelottospielen24.de\\\/cs\\\/de\\\/\",\"name\":\"\",\"description\":\"\",\"potentialAction\":[{\"@type\":\"SearchAction\",\"target\":{\"@type\":\"EntryPoint\",\"urlTemplate\":\"https:\\\/\\\/onlinelottospielen24.de\\\/cs\\\/de\\\/?s={search_term_string}\"},\"query-input\":{\"@type\":\"PropertyValueSpecification\",\"valueRequired\":true,\"valueName\":\"search_term_string\"}}],\"inLanguage\":\"cs\"}]}<\/script>\n<!-- \/ Yoast SEO plugin. -->","yoast_head_json":{"title":"Jak koupit Powerball","description":"Jak koupit losy Powerball online a offline. Podrobn\u00fd pr\u016fvodce pro N\u011bmecko: poskytovatel\u00e9, platebn\u00ed metody, dan\u011b a tipy pro hran\u00ed.","robots":{"index":"index","follow":"follow","max-snippet":"max-snippet:-1","max-image-preview":"max-image-preview:large","max-video-preview":"max-video-preview:-1"},"canonical":"https:\/\/onlinelottospielen24.de\/cs\/","og_locale":"cs_CZ","og_type":"article","og_title":"Jak koupit Powerball","og_description":"Jak koupit losy Powerball online a offline. Podrobn\u00fd pr\u016fvodce pro N\u011bmecko: poskytovatel\u00e9, platebn\u00ed metody, dan\u011b a tipy pro hran\u00ed.","og_url":"https:\/\/onlinelottospielen24.de\/cs\/","twitter_card":"summary_large_image","twitter_misc":{"Odhadovan\u00e1 doba \u010dten\u00ed":"4 minuty"},"schema":{"@context":"https:\/\/schema.org","@graph":[{"@type":"WebPage","@id":"https:\/\/onlinelottospielen24.de\/cs\/","url":"https:\/\/onlinelottospielen24.de\/cs\/","name":"Jak koupit Powerball","isPartOf":{"@id":"https:\/\/onlinelottospielen24.de\/cs\/de\/#website"},"datePublished":"2025-08-02T16:46:36+00:00","description":"Jak koupit losy Powerball online a offline. Podrobn\u00fd pr\u016fvodce pro N\u011bmecko: poskytovatel\u00e9, platebn\u00ed metody, dan\u011b a tipy pro hran\u00ed.","breadcrumb":{"@id":"https:\/\/onlinelottospielen24.de\/cs\/#breadcrumb"},"inLanguage":"cs","potentialAction":[{"@type":"ReadAction","target":["https:\/\/onlinelottospielen24.de\/cs\/"]}]},{"@type":"BreadcrumbList","@id":"https:\/\/onlinelottospielen24.de\/cs\/#breadcrumb","itemListElement":[{"@type":"ListItem","position":1,"name":"Home","item":"https:\/\/onlinelottospielen24.de\/cs\/"},{"@type":"ListItem","position":2,"name":"Domov"}]},{"@type":"WebSite","@id":"https:\/\/onlinelottospielen24.de\/cs\/de\/#website","url":"https:\/\/onlinelottospielen24.de\/cs\/de\/","name":"","description":"","potentialAction":[{"@type":"SearchAction","target":{"@type":"EntryPoint","urlTemplate":"https:\/\/onlinelottospielen24.de\/cs\/de\/?s={search_term_string}"},"query-input":{"@type":"PropertyValueSpecification","valueRequired":true,"valueName":"search_term_string"}}],"inLanguage":"cs"}]}},"_links":{"self":[{"href":"https:\/\/onlinelottospielen24.de\/cs\/wp-json\/wp\/v2\/pages\/223","targetHints":{"allow":["GET"]}}],"collection":[{"href":"https:\/\/onlinelottospielen24.de\/cs\/wp-json\/wp\/v2\/pages"}],"about":[{"href":"https:\/\/onlinelottospielen24.de\/cs\/wp-json\/wp\/v2\/types\/page"}],"author":[{"embeddable":true,"href":"https:\/\/onlinelottospielen24.de\/cs\/wp-json\/wp\/v2\/users\/1"}],"replies":[{"embeddable":true,"href":"https:\/\/onlinelottospielen24.de\/cs\/wp-json\/wp\/v2\/comments?post=223"}],"version-history":[{"count":0,"href":"https:\/\/onlinelottospielen24.de\/cs\/wp-json\/wp\/v2\/pages\/223\/revisions"}],"wp:attachment":[{"href":"https:\/\/onlinelottospielen24.de\/cs\/wp-json\/wp\/v2\/media?parent=223"}],"curies":[{"name":"wp","href":"https:\/\/api.w.org\/{rel}","templated":true}]}}